{"id":901,"date":"2023-02-25T17:21:39","date_gmt":"2023-02-25T16:21:39","guid":{"rendered":"https:\/\/ie.uek.krakow.pl\/szablon\/?page_id=901"},"modified":"2023-09-25T12:20:49","modified_gmt":"2023-09-25T10:20:49","slug":"conferences","status":"publish","type":"page","link":"https:\/\/ie.uek.krakow.pl\/kseig\/en\/conferences\/","title":{"rendered":"Conferences"},"content":{"rendered":"\t\t<div data-elementor-type=\"wp-page\" data-elementor-id=\"901\" class=\"elementor elementor-901\" data-elementor-post-type=\"page\">\n\t\t\t\t\t\t<section data-particle_enable=\"false\" data-particle-mobile-disabled=\"false\" class=\"elementor-section elementor-top-section elementor-element elementor-element-1d441e8 elementor-section-boxed elementor-section-height-default elementor-section-height-default\" data-id=\"1d441e8\" data-element_type=\"section\" data-e-type=\"section\" data-settings=\"{&quot;jet_parallax_layout_list&quot;:[]}\">\n\t\t\t\t\t\t<div class=\"elementor-container elementor-column-gap-default\">\n\t\t\t\t\t<div class=\"elementor-column elementor-col-100 elementor-top-column elementor-element elementor-element-c4658e4\" data-id=\"c4658e4\" data-element_type=\"column\" data-e-type=\"column\">\n\t\t\t<div class=\"elementor-widget-wrap elementor-element-populated\">\n\t\t\t\t\t\t<div class=\"elementor-element elementor-element-860b63f elementor-widget elementor-widget-heading\" data-id=\"860b63f\" data-element_type=\"widget\" data-e-type=\"widget\" data-widget_type=\"heading.default\">\n\t\t\t\t<div class=\"elementor-widget-container\">\n\t\t\t\t\t<h2 class=\"elementor-heading-title elementor-size-default\">Conferences<\/h2>\t\t\t\t<\/div>\n\t\t\t\t<\/div>\n\t\t\t\t<div class=\"elementor-element elementor-element-a561ad0 elementor-widget elementor-widget-text-editor\" data-id=\"a561ad0\" data-element_type=\"widget\" data-e-type=\"widget\" data-widget_type=\"text-editor.default\">\n\t\t\t\t<div class=\"elementor-widget-container\">\n\t\t\t\t\t\t\t\t\t<blockquote>\n<h5>Here you can find information on conferences and seminars, organized by our Department. Join us!<br><\/h5>\n<\/blockquote>\t\t\t\t\t\t\t\t<\/div>\n\t\t\t\t<\/div>\n\t\t\t\t\t<\/div>\n\t\t<\/div>\n\t\t\t\t\t<\/div>\n\t\t<\/section>\n\t\t\t\t<section data-particle_enable=\"false\" data-particle-mobile-disabled=\"false\" class=\"elementor-section elementor-top-section elementor-element elementor-element-0a4bbea elementor-section-boxed elementor-section-height-default elementor-section-height-default\" data-id=\"0a4bbea\" data-element_type=\"section\" data-e-type=\"section\" data-settings=\"{&quot;jet_parallax_layout_list&quot;:[{&quot;_id&quot;:&quot;9da879f&quot;,&quot;jet_parallax_layout_image&quot;:{&quot;url&quot;:&quot;&quot;,&quot;id&quot;:&quot;&quot;,&quot;size&quot;:&quot;&quot;},&quot;jet_parallax_layout_image_laptop&quot;:{&quot;url&quot;:&quot;&quot;,&quot;id&quot;:&quot;&quot;,&quot;size&quot;:&quot;&quot;},&quot;jet_parallax_layout_image_tablet_extra&quot;:{&quot;url&quot;:&quot;&quot;,&quot;id&quot;:&quot;&quot;,&quot;size&quot;:&quot;&quot;},&quot;jet_parallax_layout_image_tablet&quot;:{&quot;url&quot;:&quot;&quot;,&quot;id&quot;:&quot;&quot;,&quot;size&quot;:&quot;&quot;},&quot;jet_parallax_layout_image_mobile_extra&quot;:{&quot;url&quot;:&quot;&quot;,&quot;id&quot;:&quot;&quot;,&quot;size&quot;:&quot;&quot;},&quot;jet_parallax_layout_image_mobile&quot;:{&quot;url&quot;:&quot;&quot;,&quot;id&quot;:&quot;&quot;,&quot;size&quot;:&quot;&quot;},&quot;jet_parallax_layout_speed&quot;:{&quot;unit&quot;:&quot;%&quot;,&quot;size&quot;:50,&quot;sizes&quot;:[]},&quot;jet_parallax_layout_type&quot;:&quot;scroll&quot;,&quot;jet_parallax_layout_direction&quot;:null,&quot;jet_parallax_layout_fx_direction&quot;:null,&quot;jet_parallax_layout_z_index&quot;:&quot;&quot;,&quot;jet_parallax_layout_bg_x&quot;:50,&quot;jet_parallax_layout_bg_x_laptop&quot;:&quot;&quot;,&quot;jet_parallax_layout_bg_x_tablet_extra&quot;:&quot;&quot;,&quot;jet_parallax_layout_bg_x_tablet&quot;:&quot;&quot;,&quot;jet_parallax_layout_bg_x_mobile_extra&quot;:&quot;&quot;,&quot;jet_parallax_layout_bg_x_mobile&quot;:&quot;&quot;,&quot;jet_parallax_layout_bg_y&quot;:50,&quot;jet_parallax_layout_bg_y_laptop&quot;:&quot;&quot;,&quot;jet_parallax_layout_bg_y_tablet_extra&quot;:&quot;&quot;,&quot;jet_parallax_layout_bg_y_tablet&quot;:&quot;&quot;,&quot;jet_parallax_layout_bg_y_mobile_extra&quot;:&quot;&quot;,&quot;jet_parallax_layout_bg_y_mobile&quot;:&quot;&quot;,&quot;jet_parallax_layout_bg_size&quot;:&quot;auto&quot;,&quot;jet_parallax_layout_bg_size_laptop&quot;:&quot;&quot;,&quot;jet_parallax_layout_bg_size_tablet_extra&quot;:&quot;&quot;,&quot;jet_parallax_layout_bg_size_tablet&quot;:&quot;&quot;,&quot;jet_parallax_layout_bg_size_mobile_extra&quot;:&quot;&quot;,&quot;jet_parallax_layout_bg_size_mobile&quot;:&quot;&quot;,&quot;jet_parallax_layout_animation_prop&quot;:&quot;transform&quot;,&quot;jet_parallax_layout_on&quot;:[&quot;desktop&quot;,&quot;tablet&quot;]}]}\">\n\t\t\t\t\t\t<div class=\"elementor-container elementor-column-gap-default\">\n\t\t\t\t\t<div class=\"elementor-column elementor-col-100 elementor-top-column elementor-element elementor-element-555f5d89\" data-id=\"555f5d89\" data-element_type=\"column\" data-e-type=\"column\">\n\t\t\t<div class=\"elementor-widget-wrap elementor-element-populated\">\n\t\t\t\t\t\t<div class=\"elementor-element elementor-element-124fe840 elementor-widget-divider--view-line elementor-widget elementor-widget-divider\" data-id=\"124fe840\" data-element_type=\"widget\" data-e-type=\"widget\" data-widget_type=\"divider.default\">\n\t\t\t\t<div class=\"elementor-widget-container\">\n\t\t\t\t\t\t\t<div class=\"elementor-divider\">\n\t\t\t<span class=\"elementor-divider-separator\">\n\t\t\t\t\t\t<\/span>\n\t\t<\/div>\n\t\t\t\t\t\t<\/div>\n\t\t\t\t<\/div>\n\t\t\t\t<div class=\"elementor-element elementor-element-7c4e5d1b elementor-grid-tablet_extra-eael-col-4 elementor-grid-eael-col-1 elementor-grid-tablet-eael-col-2 elementor-grid-mobile-eael-col-1 elementor-widget elementor-widget-eael-post-grid\" data-id=\"7c4e5d1b\" data-element_type=\"widget\" data-e-type=\"widget\" data-settings=\"{&quot;eael_post_grid_columns_tablet_extra&quot;:&quot;eael-col-4&quot;,&quot;eael_post_grid_columns&quot;:&quot;eael-col-1&quot;,&quot;eael_post_grid_columns_tablet&quot;:&quot;eael-col-2&quot;,&quot;eael_post_grid_columns_mobile&quot;:&quot;eael-col-1&quot;}\" data-widget_type=\"eael-post-grid.default\">\n\t\t\t\t<div class=\"elementor-widget-container\">\n\t\t\t\t\t<div id=\"eael-post-grid-7c4e5d1b\" class=\"eael-post-grid-container\">\n            <div class=\"eael-post-grid eael-post-appender eael-post-appender-7c4e5d1b eael-post-grid-style-two\" data-layout-mode=\"grid\"><article class=\"eael-grid-post eael-post-grid-column\" data-id=\"2263\">\n    <div class=\"eael-grid-post-holder\">\n        <div class=\"eael-grid-post-holder-inner\"><div class=\"eael-entry-wrapper\"><header class=\"eael-entry-header\"><h2 class=\"eael-entry-title\"><a class=\"eael-grid-post-link\" href=\"https:\/\/ie.uek.krakow.pl\/kseig\/konferencjeseminaria\/seminarium-poswiecone-pamieci-prof-jerzego-mikulowskiego-pomorskiego\/\" title=\"Seminarium po\u015bwi\u0119cone pami\u0119ci prof. Jerzego Miku\u0142owskiego Pomorskiego\">Seminarium po\u015bwi\u0119cone pami\u0119ci prof. Jerzego Miku\u0142owskiego Pomorskiego<\/a><\/h2><\/header><div class=\"eael-entry-header-after style-two\"><div class=\"eael-entry-meta\"><span class=\"eael-posted-on eael-meta-posted-on\"><i class=\"far fa-clock\"><\/i><time datetime=\"2025-12-08\">2025-12-08<\/time><\/span><\/div><\/div><div class=\"eael-entry-content\">\n                                <div class=\"eael-grid-post-excerpt\"><p>Seminarium &#8222;Badacz, intelektualista i opiekun spraw wsp\u00f3lnych. O dorobku prof. Jerzego Miku\u0142owskiego Pomorskiego w 5. Rocznic\u0119 Jego \u015bmierci&#8221; &#8211; Uniwersytet...<\/p><a href=\"https:\/\/ie.uek.krakow.pl\/kseig\/konferencjeseminaria\/seminarium-poswiecone-pamieci-prof-jerzego-mikulowskiego-pomorskiego\/\" class=\"eael-post-elements-readmore-btn\">Read More \u2013&gt;<\/a><\/div>\n                            <\/div><\/div><\/div>\n    <\/div>\n<\/article><article class=\"eael-grid-post eael-post-grid-column\" data-id=\"2162\">\n    <div class=\"eael-grid-post-holder\">\n        <div class=\"eael-grid-post-holder-inner\"><div class=\"eael-entry-wrapper\"><header class=\"eael-entry-header\"><h2 class=\"eael-entry-title\"><a class=\"eael-grid-post-link\" href=\"https:\/\/ie.uek.krakow.pl\/kseig\/konferencjeseminaria\/wyzwania-negocjacji-i-implementacji-umow-handlowych-umowa-unia-europejska-mercosur\/\" title=\"Wyzwania negocjacji i implementacji um\u00f3w handlowych. Umowa Unia Europejska \u2013 Mercosur\">Wyzwania negocjacji i implementacji um\u00f3w handlowych. Umowa Unia Europejska \u2013 Mercosur<\/a><\/h2><\/header><div class=\"eael-entry-header-after style-two\"><div class=\"eael-entry-meta\"><span class=\"eael-posted-on eael-meta-posted-on\"><i class=\"far fa-clock\"><\/i><time datetime=\"2025-11-07\">2025-11-07<\/time><\/span><\/div><\/div><div class=\"eael-entry-content\">\n                                <div class=\"eael-grid-post-excerpt\"><p>Debata naukowa po\u0142\u0105czona z Wyk\u0142adem Rektorskim &#8222;Wyzwania negocjacji i implementacji um\u00f3w handlowych. Umowa Unia Europejska \u2013 Mercosur&#8221; &#8211; Uniwersytet Ekonomiczny...<\/p><a href=\"https:\/\/ie.uek.krakow.pl\/kseig\/konferencjeseminaria\/wyzwania-negocjacji-i-implementacji-umow-handlowych-umowa-unia-europejska-mercosur\/\" class=\"eael-post-elements-readmore-btn\">Read More \u2013&gt;<\/a><\/div>\n                            <\/div><\/div><\/div>\n    <\/div>\n<\/article><article class=\"eael-grid-post eael-post-grid-column\" data-id=\"2020\">\n    <div class=\"eael-grid-post-holder\">\n        <div class=\"eael-grid-post-holder-inner\"><div class=\"eael-entry-wrapper\"><header class=\"eael-entry-header\"><h2 class=\"eael-entry-title\"><a class=\"eael-grid-post-link\" href=\"https:\/\/ie.uek.krakow.pl\/kseig\/konferencjeseminaria\/integration-processes-in-the-global-world-2024\/\" title=\"Integration Processes in the Global World 2024\">Integration Processes in the Global World 2024<\/a><\/h2><\/header><div class=\"eael-entry-header-after style-two\"><div class=\"eael-entry-meta\"><span class=\"eael-posted-on eael-meta-posted-on\"><i class=\"far fa-clock\"><\/i><time datetime=\"2025-03-05\">2025-03-05<\/time><\/span><\/div><\/div><div class=\"eael-entry-content\">\n                                <div class=\"eael-grid-post-excerpt\"><p>Seminarium naukowe &#8222;Wok\u00f3\u0142 modelu integracji europejskiej&#8221; &#8211; Uniwersytet Ekonomiczny w Krakowie, 10 grudnia 2024 r. O konferencji Abstrakty Zdj\u0119cia Kurier...<\/p><a href=\"https:\/\/ie.uek.krakow.pl\/kseig\/konferencjeseminaria\/integration-processes-in-the-global-world-2024\/\" class=\"eael-post-elements-readmore-btn\">Read More \u2013&gt;<\/a><\/div>\n                            <\/div><\/div><\/div>\n    <\/div>\n<\/article><article class=\"eael-grid-post eael-post-grid-column\" data-id=\"1845\">\n    <div class=\"eael-grid-post-holder\">\n        <div class=\"eael-grid-post-holder-inner\"><div class=\"eael-entry-wrapper\"><header class=\"eael-entry-header\"><h2 class=\"eael-entry-title\"><a class=\"eael-grid-post-link\" href=\"https:\/\/ie.uek.krakow.pl\/kseig\/konferencjeseminaria\/integration-processes-in-the-global-world-2023\/\" title=\"Integration Processes in the Global World 2023\">Integration Processes in the Global World 2023<\/a><\/h2><\/header><div class=\"eael-entry-header-after style-two\"><div class=\"eael-entry-meta\"><span class=\"eael-posted-on eael-meta-posted-on\"><i class=\"far fa-clock\"><\/i><time datetime=\"2024-02-15\">2024-02-15<\/time><\/span><\/div><\/div><div class=\"eael-entry-content\">\n                                <div class=\"eael-grid-post-excerpt\"><p>Seminarium naukowe &#8222;Ugrupowania integracyjne wobec wyzwa\u0144 nielegalnego handlu&#8221; &#8211; Uniwersytet Ekonomiczny w Krakowie, 5 grudnia 2023 r. O konferencji Abstrakty...<\/p><a href=\"https:\/\/ie.uek.krakow.pl\/kseig\/konferencjeseminaria\/integration-processes-in-the-global-world-2023\/\" class=\"eael-post-elements-readmore-btn\">Read More \u2013&gt;<\/a><\/div>\n                            <\/div><\/div><\/div>\n    <\/div>\n<\/article><article class=\"eael-grid-post eael-post-grid-column\" data-id=\"320\">\n    <div class=\"eael-grid-post-holder\">\n        <div class=\"eael-grid-post-holder-inner\"><div class=\"eael-entry-wrapper\"><header class=\"eael-entry-header\"><h2 class=\"eael-entry-title\"><a class=\"eael-grid-post-link\" href=\"https:\/\/ie.uek.krakow.pl\/kseig\/konferencjeseminaria\/seminarium-22\/\" title=\"Integration Processes in the Global World 2022\">Integration Processes in the Global World 2022<\/a><\/h2><\/header><div class=\"eael-entry-header-after style-two\"><div class=\"eael-entry-meta\"><span class=\"eael-posted-on eael-meta-posted-on\"><i class=\"far fa-clock\"><\/i><time datetime=\"2023-02-10\">2023-02-10<\/time><\/span><\/div><\/div><div class=\"eael-entry-content\">\n                                <div class=\"eael-grid-post-excerpt\"><p>Seminarium naukowe &#8222;Rezyliencja w czasach niepewno\u015bci \u2013 wsp\u00f3\u0142czesne wyzwania dla regionalnych proces\u00f3w integracyjnych&#8221; &#8211; Uniwersytet Ekonomiczny w Krakowie, 6 grudnia...<\/p><a href=\"https:\/\/ie.uek.krakow.pl\/kseig\/konferencjeseminaria\/seminarium-22\/\" class=\"eael-post-elements-readmore-btn\">Read More \u2013&gt;<\/a><\/div>\n                            <\/div><\/div><\/div>\n    <\/div>\n<\/article><\/div>\n            <div class=\"clearfix\"><\/div>\n        <\/div>\t\t\t\t<\/div>\n\t\t\t\t<\/div>\n\t\t\t\t\t<\/div>\n\t\t<\/div>\n\t\t\t\t\t<\/div>\n\t\t<\/section>\n\t\t\t\t<\/div>\n\t\t","protected":false},"excerpt":{"rendered":"<p>\/*! elementor &#8211; v3.16.0 &#8211; 20-09-2023 *\/ .elementor-heading-title{padding:0;margin:0;line-height:1}.elementor-widget-heading .elementor-heading-title[class*=elementor-size-]&gt;a{color:inherit;font-size:inherit;line-height:inherit}.elementor-widget-heading .elementor-heading-title.elementor-size-small{font-size:15px}.elementor-widget-heading .elementor-heading-title.elementor-size-medium{font-size:19px}.elementor-widget-heading .elementor-heading-title.elementor-size-large{font-size:29px}.elementor-widget-heading .elementor-heading-title.elementor-size-xl{font-size:39px}.elementor-widget-heading .elementor-heading-title.elementor-size-xxl{font-size:59px} Conferences Here you can find information on conferences and seminars, organized by our Department. Join us! \/*! elementor &#8211; v3.16.0 &#8211; 20-09-2023 *\/ .elementor-widget-divider{&#8211;divider-border-style:none;&#8211;divider-border-width:1px;&#8211;divider-color:#0c0d0e;&#8211;divider-icon-size:20px;&#8211;divider-element-spacing:10px;&#8211;divider-pattern-height:24px;&#8211;divider-pattern-size:20px;&#8211;divider-pattern-url:none;&#8211;divider-pattern-repeat:repeat-x}.elementor-widget-divider .elementor-divider{display:flex}.elementor-widget-divider .elementor-divider__text{font-size:15px;line-height:1;max-width:95%}.elementor-widget-divider .elementor-divider__element{margin:0 var(&#8211;divider-element-spacing);flex-shrink:0}.elementor-widget-divider .elementor-icon{font-size:var(&#8211;divider-icon-size)}.elementor-widget-divider .elementor-divider-separator{display:flex;margin:0;direction:ltr}.elementor-widget-divider&#8211;view-line_icon .elementor-divider-separator,.elementor-widget-divider&#8211;view-line_text .elementor-divider-separator{align-items:center}.elementor-widget-divider&#8211;view-line_icon .elementor-divider-separator:after,.elementor-widget-divider&#8211;view-line_icon .elementor-divider-separator:before,.elementor-widget-divider&#8211;view-line_text .elementor-divider-separator:after,.elementor-widget-divider&#8211;view-line_text .elementor-divider-separator:before{display:block;content:&#8221;&#8221;;border-bottom:0;flex-grow:1;border-top:var(&#8211;divider-border-width) var(&#8211;divider-border-style) var(&#8211;divider-color)}.elementor-widget-divider&#8211;element-align-left .elementor-divider .elementor-divider-separator&gt;.elementor-divider__svg:first-of-type{flex-grow:0;flex-shrink:100}.elementor-widget-divider&#8211;element-align-left .elementor-divider-separator:before{content:none}.elementor-widget-divider&#8211;element-align-left .elementor-divider__element{margin-left:0}.elementor-widget-divider&#8211;element-align-right .elementor-divider .elementor-divider-separator&gt;.elementor-divider__svg:last-of-type{flex-grow:0;flex-shrink:100}.elementor-widget-divider&#8211;element-align-right .elementor-divider-separator:after{content:none}.elementor-widget-divider&#8211;element-align-right .elementor-divider__element{margin-right:0}.elementor-widget-divider:not(.elementor-widget-divider&#8211;view-line_text):not(.elementor-widget-divider&#8211;view-line_icon) .elementor-divider-separator{border-top:var(&#8211;divider-border-width) var(&#8211;divider-border-style) var(&#8211;divider-color)}.elementor-widget-divider&#8211;separator-type-pattern{&#8211;divider-border-style:none}.elementor-widget-divider&#8211;separator-type-pattern.elementor-widget-divider&#8211;view-line .elementor-divider-separator,.elementor-widget-divider&#8211;separator-type-pattern:not(.elementor-widget-divider&#8211;view-line) .elementor-divider-separator:after,.elementor-widget-divider&#8211;separator-type-pattern:not(.elementor-widget-divider&#8211;view-line) .elementor-divider-separator:before,.elementor-widget-divider&#8211;separator-type-pattern:not([class*=elementor-widget-divider&#8211;view]) .elementor-divider-separator{width:100%;min-height:var(&#8211;divider-pattern-height);-webkit-mask-size:var(&#8211;divider-pattern-size) 100%;mask-size:var(&#8211;divider-pattern-size) 100%;-webkit-mask-repeat:var(&#8211;divider-pattern-repeat);mask-repeat:var(&#8211;divider-pattern-repeat);background-color:var(&#8211;divider-color);-webkit-mask-image:var(&#8211;divider-pattern-url);mask-image:var(&#8211;divider-pattern-url)}.elementor-widget-divider&#8211;no-spacing{&#8211;divider-pattern-size:auto}.elementor-widget-divider&#8211;bg-round{&#8211;divider-pattern-repeat:round}.rtl .elementor-widget-divider .elementor-divider__text{direction:rtl}.e-con-inner&gt;.elementor-widget-divider,.e-con&gt;.elementor-widget-divider{width:var(&#8211;container-widget-width,100%);&#8211;flex-grow:var(&#8211;container-widget-flex-grow)} No posts found!<\/p>\n","protected":false},"author":22,"featured_media":0,"parent":0,"menu_order":0,"comment_status":"closed","ping_status":"closed","template":"elementor_header_footer","meta":{"footnotes":""},"class_list":["post-901","page","type-page","status-publish","hentry"],"_links":{"self":[{"href":"https:\/\/ie.uek.krakow.pl\/kseig\/wp-json\/wp\/v2\/pages\/901","targetHints":{"allow":["GET"]}}],"collection":[{"href":"https:\/\/ie.uek.krakow.pl\/kseig\/wp-json\/wp\/v2\/pages"}],"about":[{"href":"https:\/\/ie.uek.krakow.pl\/kseig\/wp-json\/wp\/v2\/types\/page"}],"author":[{"embeddable":true,"href":"https:\/\/ie.uek.krakow.pl\/kseig\/wp-json\/wp\/v2\/users\/22"}],"replies":[{"embeddable":true,"href":"https:\/\/ie.uek.krakow.pl\/kseig\/wp-json\/wp\/v2\/comments?post=901"}],"version-history":[{"count":6,"href":"https:\/\/ie.uek.krakow.pl\/kseig\/wp-json\/wp\/v2\/pages\/901\/revisions"}],"predecessor-version":[{"id":1201,"href":"https:\/\/ie.uek.krakow.pl\/kseig\/wp-json\/wp\/v2\/pages\/901\/revisions\/1201"}],"wp:attachment":[{"href":"https:\/\/ie.uek.krakow.pl\/kseig\/wp-json\/wp\/v2\/media?parent=901"}],"curies":[{"name":"wp","href":"https:\/\/api.w.org\/{rel}","templated":true}]}}