{"id":88,"date":"2023-02-19T00:19:19","date_gmt":"2023-02-18T23:19:19","guid":{"rendered":"https:\/\/ie.uek.krakow.pl\/ke\/?page_id=88"},"modified":"2024-01-19T15:46:39","modified_gmt":"2024-01-19T14:46:39","slug":"o-katedrze","status":"publish","type":"page","link":"https:\/\/ie.uek.krakow.pl\/kseig\/o-katedrze\/","title":{"rendered":"O Katedrze"},"content":{"rendered":"\t\t<div data-elementor-type=\"wp-page\" data-elementor-id=\"88\" class=\"elementor elementor-88\" data-elementor-post-type=\"page\">\n\t\t\t\t\t\t<section data-particle_enable=\"false\" data-particle-mobile-disabled=\"false\" class=\"elementor-section elementor-top-section elementor-element elementor-element-4ca67fb elementor-section-boxed elementor-section-height-default elementor-section-height-default\" data-id=\"4ca67fb\" data-element_type=\"section\" data-e-type=\"section\" data-settings=\"{&quot;jet_parallax_layout_list&quot;:[]}\">\n\t\t\t\t\t\t<div class=\"elementor-container elementor-column-gap-default\">\n\t\t\t\t\t<div class=\"elementor-column elementor-col-100 elementor-top-column elementor-element elementor-element-22e0d310\" data-id=\"22e0d310\" data-element_type=\"column\" data-e-type=\"column\">\n\t\t\t<div class=\"elementor-widget-wrap elementor-element-populated\">\n\t\t\t\t\t\t<div class=\"elementor-element elementor-element-7c047738 elementor-widget elementor-widget-jet-headline\" data-id=\"7c047738\" data-element_type=\"widget\" data-e-type=\"widget\" data-widget_type=\"jet-headline.default\">\n\t\t\t\t<div class=\"elementor-widget-container\">\n\t\t\t\t\t<h2 class=\"jet-headline jet-headline--direction-horizontal\"><span class=\"jet-headline__part jet-headline__first\"><span class=\"jet-headline__label\">Katedra <\/span><\/span><span class=\"jet-headline__space\">&nbsp;<\/span><span class=\"jet-headline__part jet-headline__second\"><span class=\"jet-headline__label\">Studi\u00f3w Europejskich i Integracji Gospodarczej<\/span><\/span><\/h2>\t\t\t\t<\/div>\n\t\t\t\t<\/div>\n\t\t\t\t<div class=\"elementor-element elementor-element-27706e0c elementor-widget-divider--view-line elementor-invisible elementor-widget elementor-widget-divider\" data-id=\"27706e0c\" data-element_type=\"widget\" data-e-type=\"widget\" data-settings=\"{&quot;_animation&quot;:&quot;fadeInLeft&quot;}\" data-widget_type=\"divider.default\">\n\t\t\t\t<div class=\"elementor-widget-container\">\n\t\t\t\t\t\t\t<div class=\"elementor-divider\">\n\t\t\t<span class=\"elementor-divider-separator\">\n\t\t\t\t\t\t<\/span>\n\t\t<\/div>\n\t\t\t\t\t\t<\/div>\n\t\t\t\t<\/div>\n\t\t\t\t<div class=\"elementor-element elementor-element-64fa2182 elementor-widget elementor-widget-text-editor\" data-id=\"64fa2182\" data-element_type=\"widget\" data-e-type=\"widget\" data-widget_type=\"text-editor.default\">\n\t\t\t\t<div class=\"elementor-widget-container\">\n\t\t\t\t\t\t\t\t\t<h5><strong>Katedra Studi\u00f3w Europejskich i Integracji Gospodarczej<\/strong> (KSEiIG) ma wieloletni\u0105 histori\u0119. W obecnej strukturze funkcjonuje od 1 pa\u017adziernika 2020 roku z po\u0142\u0105czenia Katedry Studi\u00f3w Europejskich i Katedry Europejskiej Integracji Gospodarczej.<\/h5>\t\t\t\t\t\t\t\t<\/div>\n\t\t\t\t<\/div>\n\t\t\t\t<div class=\"elementor-element elementor-element-c078210 elementor-widget elementor-widget-text-editor\" data-id=\"c078210\" data-element_type=\"widget\" data-e-type=\"widget\" data-widget_type=\"text-editor.default\">\n\t\t\t\t<div class=\"elementor-widget-container\">\n\t\t\t\t\t\t\t\t\t<p><strong>Katedra Studi\u00f3w Europejskich<\/strong> (KSE) zosta\u0142a powo\u0142ana w 1992 roku z inicjatywy \u00f3wczesnego Rektora Uniwersytetu Ekonomicznego w Krakowie (wtedy funkcjonuj\u0105cego pod nazw\u0105 Akademia Ekonomiczna w Krakowie), Prof. dr hab. Jerzego Miku\u0142owskiego Pomorskiego (1937-2020) i pod jego kierownictwem.<\/p>\n<p>Katedra Studi\u00f3w Europejskich wraz z Katedr\u0105 Nauk Politycznych wsp\u00f3lnie prowadzi\u0142y kierunek: \u201eStosunki mi\u0119dzynarodowe\u201d oferuj\u0105c m. in. specjalno\u015b\u0107 \u201dPolityka i komunikacja\u201d. Zaj\u0119cia na tej specjalno\u015bci prowadzili g\u0142\u00f3wnie pracownicy KSE, nauczyciele akademiccy posiadaj\u0105cy wykszta\u0142cenie interdyscyplinarne. Opr\u00f3cz ekonomii legitymowali si\u0119 oni dyplomami z zakresu prawa, stosunk\u00f3w mi\u0119dzynarodowych, politologii, filologii oraz socjologii. Program specjalno\u015bci koncentrowa\u0142 si\u0119 na analizie zjawisk i proces\u00f3w spo\u0142eczno-gospodarczych w wymiarze mi\u0119dzynarodowym, ze szczeg\u00f3lnym uwzgl\u0119dnieniem rynk\u00f3w energii, ochrony zdrowia, ochrony \u015brodowiska oraz rozwoju pa\u0144stw Ameryki \u0141aci\u0144skiej, Afryki i Azji. Szczeg\u00f3lny nacisk po\u0142o\u017cono na rozwijanie kompetencji z zakresu komunikacji mi\u0119dzykulturowej oraz j\u0119zyk\u00f3w obcych. Cz\u0119\u015b\u0107 zaj\u0119\u0107 prowadzona by\u0142a w j\u0119zyku angielskim, r\u00f3wnie\u017c z udzia\u0142em zewn\u0119trznych, zagranicznych i krajowych, ekspert\u00f3w i praktyk\u00f3w. Wielu student\u00f3w wyje\u017cd\u017ca\u0142o na wymiany i sta\u017ce zagraniczne, a tak\u017ce bra\u0142o udzia\u0142 w mi\u0119dzynarodowych projektach badawczych.<\/p>\n<p>W pa\u017adzierniku 2007 roku kierownictwo KSE przej\u0105\u0142 prof. UEK dr hab. Aleksander Surdej, kt\u00f3ry od 2016 do 2023 roku pe\u0142ni\u0142 funkcj\u0119 Ambasadora RP przy OECD w Pary\u017cu, natomiast od pa\u017adziernika 2023 pe\u0142ni funkcj\u0119 Ambasadora RP w Wietnamie.<br><\/p>\n<p>Przy KSE od 1996 roku pr\u0119\u017cnie dzia\u0142a\u0142o ko\u0142o naukowe UNIVERSUM, kt\u00f3re decyzj\u0105 swoich cz\u0142onk\u00f3w w momencie reformy uczelni afiliowa\u0142o si\u0119 przy Katedrze Studi\u00f3w Europejskich i Integracji Gospodarczej.<\/p>\n<hr>\n<p><strong>Katedra Europejskiej Integracji Gospodarczej<\/strong> (KEIG) powsta\u0142a w 2003 roku w zwi\u0105zku z post\u0119puj\u0105cym procesem integracji Polski z Uni\u0105 Europejsk\u0105 i zapotrzebowaniem na wysokokwalifikowanych specjalist\u00f3w z tej dziedziny. Katedra powsta\u0142a z inicjatywy i pod kierunkiem Prof. dr hab. Heleny Tendera-W\u0142aszczuk. W 2003 roku uruchomiono kierunek studi\u00f3w \u201eEuropeistyka\u201d. Specjali\u015bci posiadaj\u0105cy unikalne w\u00f3wczas kwalifikacje \u0142\u0105cz\u0105ce wiedz\u0119 o Unii Europejskiej ze znajomo\u015bci\u0105 zagadnie\u0144 dotycz\u0105cych gospodarczych aspekt\u00f3w funkcjonowania kraj\u00f3w unijnych oraz proces\u00f3w integracji mieli ogromne mo\u017cliwo\u015bci na rynku pracy.<\/p>\n<p>Katedra otrzyma\u0142a granty Komisji Europejskiej na prowadzenie studi\u00f3w: w 2003 roku grant Katedra Jean Monnet (<em>Jean Monnet chair<\/em>), a w 2006 roku Centrum Doskona\u0142o\u015bci Jean Monnet (<em>Jean Monnet Centre of Excellence<\/em>). Zar\u00f3wno Katedra Jean Monnet jak i Centre of Excellence Jean Monnet s\u0105 elementami presti\u017cowego Projektu Jean Monnet, kt\u00f3ry adresowany jest do uniwersytet\u00f3w w krajach cz\u0142onkowskich Unii Europejskiej, krajach kandyduj\u0105cych oraz do uczelni wy\u017cszych z pozosta\u0142ych kraj\u00f3w, kt\u00f3re zainteresowane s\u0105 rozwojem nowych dzia\u0142a\u0144 edukacyjnych i bada\u0144 naukowych w zakresie integracji europejskiej. Program wspomaga dzia\u0142ania ekspert\u00f3w zajmuj\u0105cych si\u0119 t\u0105 problematyk\u0105, maj\u0105cych bogate do\u015bwiadczenie dydaktyczne i naukowe w badaniach nad procesami europejskiej integracji gospodarczej, chc\u0105cych podejmowa\u0107 dalsze inicjatywy dydaktyczne i naukowe. G\u0142\u00f3wnym celem programu jest tworzenie trwa\u0142ych struktur zajmuj\u0105cych si\u0119 nauczaniem integracji europejskiej i wprowadzanie nowych przedmiot\u00f3w z tego zakresu do oferty dydaktycznej i program\u00f3w edukacji uniwersyteckiej. Projekt umo\u017cliwia w\u0142\u0105czenie do mi\u0119dzynarodowej sieci Jean Monnet i ECSA (European Community Studies Association) naukowc\u00f3w i instytucji uniwersyteckich.<\/p>\n<hr>\n<p>Pracownicy Katedry posiadaj\u0105 wykszta\u0142cenie interdyscyplinarne. Opr\u00f3cz ekonomii legitymuj\u0105 si\u0119 oni dyplomami z zakresu prawa, stosunk\u00f3w mi\u0119dzynarodowych i politologii. W ramach Katedry zorganizowano szereg konferencji na temat integracji europejskiej oraz zasad i mechanizm\u00f3w funkcjonowania UE. Kadra badawczo-dydaktyczna Katedry opublikowa\u0142a r\u00f3wnie\u017c szereg ksi\u0105\u017cek o tej tematyce, m.in.<\/p>\n<ul>\n<li>European Union: Ten Years after the Lisbon Treaty, (2020)<\/li>\n<li>Wybrane polityki Unii Europejskiej, (2020)<\/li>\n<li>Pi\u0119tna\u015bcie lat cz\u0142onkostwa Polski w Unii Europejskiej, (2020)<\/li>\n<li>Aktualna kondycja integracji europejskiej w obliczu wyzwa\u0144 zewn\u0119trznych i wewn\u0119trznych, (2019)<\/li>\n<li>Nowe perspektywy integracji europejskiej w obliczu wyzwa\u0144 i zagro\u017ce\u0144, (2017)<\/li>\n<li>Nowe wyzwania integracji europejskiej, (2016)<\/li>\n<li>Nowe pa\u0144stwa cz\u0142onkowskie w Unii Europejskiej \u2013 diagnoza i perspektywy, (2015)<\/li>\n<li>Kryzys Unii czy kryzys w Unii?, (2014)<\/li>\n<li>Analiza i ocena polskiej prezydencji w Radzie Unii Europejskiej, (2013)<\/li>\n<li>Unia Europejska po Traktacie Lizbo\u0144skim. Wybrane zagadnienia prawne, ekonomiczne i politologiczne, (2012)<\/li>\n<li>Stabilno\u015b\u0107 finans\u00f3w publicznych pa\u0144stw Unii Europejskiej w obliczu kryzysu zad\u0142u\u017ceniowego, (2011)<\/li>\n<li>Polityka spo\u0142eczna Unii Europejskiej po wschodnim rozszerzeniu, (2010)<\/li>\n<li>Global Financial Crisis and Euro Zone Enlargement, (2009)<\/li>\n<li>Bariery integracji europejskiej, (2009).<\/li>\n<\/ul>\n<p>W roku akademickim&nbsp; 2018\/19&nbsp; oraz&nbsp; 2019\/20 Katedr\u0105 Europejskiej Integracji Gospodarczej kierowa\u0142 Prof. UEK dr hab. Rafa\u0142 Prostak. Gdy w pa\u017adzierniku 2020 roku dosz\u0142o do podzia\u0142u Katedry Studi\u00f3w Europejskich i po\u0142\u0105czenia jej cz\u0119\u015bci z Katedr\u0105 Europejskiej Integracji Gospodarczej, kierownikiem nowoutworzonej jednostki \u2013 Katedry Studi\u00f3w Europejskich i Integracji Gospodarczej zosta\u0142 Prof. UEK dr hab. Jan Brzozowski.<\/p>\n<p>Od roku akademickiego &nbsp;2022\/23 roku Katedr\u0105 Studi\u00f3w Europejskich i Integracji Gospodarczej kieruje Prof. UEK dr hab. Joanna Garli\u0144ska-Bielawska.<\/p>\t\t\t\t\t\t\t\t<\/div>\n\t\t\t\t<\/div>\n\t\t\t\t<div class=\"elementor-element elementor-element-7c7342c elementor-widget elementor-widget-image\" data-id=\"7c7342c\" data-element_type=\"widget\" data-e-type=\"widget\" data-widget_type=\"image.default\">\n\t\t\t\t<div class=\"elementor-widget-container\">\n\t\t\t\t\t\t\t\t\t\t\t\t\t\t\t<img decoding=\"async\" src=\"https:\/\/ie.uek.krakow.pl\/ke\/wp-content\/uploads\/sites\/3\/2023\/02\/placeholder-1.png\" title=\"\" alt=\"\" loading=\"lazy\" \/>\t\t\t\t\t\t\t\t\t\t\t\t\t\t\t<\/div>\n\t\t\t\t<\/div>\n\t\t\t\t\t<\/div>\n\t\t<\/div>\n\t\t\t\t\t<\/div>\n\t\t<\/section>\n\t\t\t\t<\/div>\n\t\t","protected":false},"excerpt":{"rendered":"<p>Katedra &nbsp;Studi\u00f3w Europejskich i Integracji Gospodarczej \/*! elementor &#8211; v3.18.0 &#8211; 20-12-2023 *\/ .elementor-widget-divider{&#8211;divider-border-style:none;&#8211;divider-border-width:1px;&#8211;divider-color:#0c0d0e;&#8211;divider-icon-size:20px;&#8211;divider-element-spacing:10px;&#8211;divider-pattern-height:24px;&#8211;divider-pattern-size:20px;&#8211;divider-pattern-url:none;&#8211;divider-pattern-repeat:repeat-x}.elementor-widget-divider .elementor-divider{display:flex}.elementor-widget-divider .elementor-divider__text{font-size:15px;line-height:1;max-width:95%}.elementor-widget-divider .elementor-divider__element{margin:0 var(&#8211;divider-element-spacing);flex-shrink:0}.elementor-widget-divider .elementor-icon{font-size:var(&#8211;divider-icon-size)}.elementor-widget-divider .elementor-divider-separator{display:flex;margin:0;direction:ltr}.elementor-widget-divider&#8211;view-line_icon .elementor-divider-separator,.elementor-widget-divider&#8211;view-line_text .elementor-divider-separator{align-items:center}.elementor-widget-divider&#8211;view-line_icon .elementor-divider-separator:after,.elementor-widget-divider&#8211;view-line_icon .elementor-divider-separator:before,.elementor-widget-divider&#8211;view-line_text .elementor-divider-separator:after,.elementor-widget-divider&#8211;view-line_text .elementor-divider-separator:before{display:block;content:&#8221;&#8221;;border-bottom:0;flex-grow:1;border-top:var(&#8211;divider-border-width) var(&#8211;divider-border-style) var(&#8211;divider-color)}.elementor-widget-divider&#8211;element-align-left .elementor-divider .elementor-divider-separator&gt;.elementor-divider__svg:first-of-type{flex-grow:0;flex-shrink:100}.elementor-widget-divider&#8211;element-align-left .elementor-divider-separator:before{content:none}.elementor-widget-divider&#8211;element-align-left .elementor-divider__element{margin-left:0}.elementor-widget-divider&#8211;element-align-right .elementor-divider .elementor-divider-separator&gt;.elementor-divider__svg:last-of-type{flex-grow:0;flex-shrink:100}.elementor-widget-divider&#8211;element-align-right .elementor-divider-separator:after{content:none}.elementor-widget-divider&#8211;element-align-right .elementor-divider__element{margin-right:0}.elementor-widget-divider:not(.elementor-widget-divider&#8211;view-line_text):not(.elementor-widget-divider&#8211;view-line_icon) .elementor-divider-separator{border-top:var(&#8211;divider-border-width) var(&#8211;divider-border-style) var(&#8211;divider-color)}.elementor-widget-divider&#8211;separator-type-pattern{&#8211;divider-border-style:none}.elementor-widget-divider&#8211;separator-type-pattern.elementor-widget-divider&#8211;view-line .elementor-divider-separator,.elementor-widget-divider&#8211;separator-type-pattern:not(.elementor-widget-divider&#8211;view-line) .elementor-divider-separator:after,.elementor-widget-divider&#8211;separator-type-pattern:not(.elementor-widget-divider&#8211;view-line) .elementor-divider-separator:before,.elementor-widget-divider&#8211;separator-type-pattern:not([class*=elementor-widget-divider&#8211;view]) .elementor-divider-separator{width:100%;min-height:var(&#8211;divider-pattern-height);-webkit-mask-size:var(&#8211;divider-pattern-size) 100%;mask-size:var(&#8211;divider-pattern-size) 100%;-webkit-mask-repeat:var(&#8211;divider-pattern-repeat);mask-repeat:var(&#8211;divider-pattern-repeat);background-color:var(&#8211;divider-color);-webkit-mask-image:var(&#8211;divider-pattern-url);mask-image:var(&#8211;divider-pattern-url)}.elementor-widget-divider&#8211;no-spacing{&#8211;divider-pattern-size:auto}.elementor-widget-divider&#8211;bg-round{&#8211;divider-pattern-repeat:round}.rtl .elementor-widget-divider .elementor-divider__text{direction:rtl}.e-con-inner&gt;.elementor-widget-divider,.e-con&gt;.elementor-widget-divider{width:var(&#8211;container-widget-width,100%);&#8211;flex-grow:var(&#8211;container-widget-flex-grow)} Katedra Studi\u00f3w Europejskich i Integracji Gospodarczej (KSEiIG) ma wieloletni\u0105 histori\u0119. W obecnej strukturze funkcjonuje od 1 pa\u017adziernika 2020 roku z po\u0142\u0105czenia Katedry Studi\u00f3w Europejskich i Katedry Europejskiej Integracji Gospodarczej. Katedra Studi\u00f3w Europejskich (KSE) zosta\u0142a powo\u0142ana w 1992 roku z inicjatywy \u00f3wczesnego Rektora Uniwersytetu Ekonomicznego w Krakowie (wtedy funkcjonuj\u0105cego pod nazw\u0105 Akademia Ekonomiczna w Krakowie), Prof. dr hab. Jerzego Miku\u0142owskiego Pomorskiego (1937-2020) i pod jego kierownictwem. Katedra Studi\u00f3w Europejskich wraz z Katedr\u0105 Nauk Politycznych wsp\u00f3lnie prowadzi\u0142y kierunek: \u201eStosunki mi\u0119dzynarodowe\u201d oferuj\u0105c m. in. specjalno\u015b\u0107 \u201dPolityka i komunikacja\u201d. Zaj\u0119cia na tej specjalno\u015bci prowadzili g\u0142\u00f3wnie pracownicy KSE, nauczyciele akademiccy posiadaj\u0105cy wykszta\u0142cenie interdyscyplinarne. Opr\u00f3cz ekonomii legitymowali si\u0119 oni dyplomami z zakresu prawa, stosunk\u00f3w mi\u0119dzynarodowych, politologii, filologii oraz socjologii. Program specjalno\u015bci koncentrowa\u0142 si\u0119 na analizie zjawisk i proces\u00f3w spo\u0142eczno-gospodarczych w wymiarze mi\u0119dzynarodowym, ze szczeg\u00f3lnym uwzgl\u0119dnieniem rynk\u00f3w energii, ochrony zdrowia, ochrony \u015brodowiska oraz rozwoju pa\u0144stw Ameryki \u0141aci\u0144skiej, Afryki i Azji. Szczeg\u00f3lny nacisk po\u0142o\u017cono na rozwijanie kompetencji z zakresu komunikacji mi\u0119dzykulturowej oraz j\u0119zyk\u00f3w obcych. Cz\u0119\u015b\u0107 zaj\u0119\u0107 prowadzona by\u0142a w j\u0119zyku angielskim, r\u00f3wnie\u017c z udzia\u0142em zewn\u0119trznych, zagranicznych i krajowych, ekspert\u00f3w i praktyk\u00f3w. Wielu student\u00f3w wyje\u017cd\u017ca\u0142o na wymiany i sta\u017ce zagraniczne, a tak\u017ce bra\u0142o udzia\u0142 w mi\u0119dzynarodowych projektach badawczych. W pa\u017adzierniku 2007 roku kierownictwo KSE przej\u0105\u0142 prof. UEK dr hab. Aleksander Surdej, kt\u00f3ry od 2016 do 2023 roku pe\u0142ni\u0142 funkcj\u0119 Ambasadora RP przy OECD w Pary\u017cu, natomiast od pa\u017adziernika 2023 pe\u0142ni funkcj\u0119 Ambasadora RP w Wietnamie. Przy KSE od 1996 roku pr\u0119\u017cnie dzia\u0142a\u0142o ko\u0142o naukowe UNIVERSUM, kt\u00f3re decyzj\u0105 swoich cz\u0142onk\u00f3w w momencie reformy uczelni afiliowa\u0142o si\u0119 przy Katedrze Studi\u00f3w Europejskich i Integracji Gospodarczej. Katedra Europejskiej Integracji Gospodarczej (KEIG) powsta\u0142a w 2003 roku w zwi\u0105zku z post\u0119puj\u0105cym procesem integracji Polski z Uni\u0105 Europejsk\u0105 i zapotrzebowaniem na wysokokwalifikowanych specjalist\u00f3w z tej dziedziny. Katedra powsta\u0142a z inicjatywy i pod kierunkiem Prof. dr hab. Heleny Tendera-W\u0142aszczuk. W 2003 roku uruchomiono kierunek studi\u00f3w \u201eEuropeistyka\u201d. Specjali\u015bci posiadaj\u0105cy unikalne w\u00f3wczas kwalifikacje \u0142\u0105cz\u0105ce wiedz\u0119 o Unii Europejskiej ze znajomo\u015bci\u0105 zagadnie\u0144 dotycz\u0105cych gospodarczych aspekt\u00f3w funkcjonowania kraj\u00f3w unijnych oraz proces\u00f3w integracji mieli ogromne mo\u017cliwo\u015bci na rynku pracy. Katedra otrzyma\u0142a granty Komisji Europejskiej na prowadzenie studi\u00f3w: w 2003 roku grant Katedra Jean Monnet (Jean Monnet chair), a w 2006 roku Centrum Doskona\u0142o\u015bci Jean Monnet (Jean Monnet Centre of Excellence). Zar\u00f3wno Katedra Jean Monnet jak i Centre of Excellence Jean Monnet s\u0105 elementami presti\u017cowego Projektu Jean Monnet, kt\u00f3ry adresowany jest do uniwersytet\u00f3w w krajach cz\u0142onkowskich Unii Europejskiej, krajach kandyduj\u0105cych oraz do uczelni wy\u017cszych z pozosta\u0142ych kraj\u00f3w, kt\u00f3re zainteresowane s\u0105 rozwojem nowych dzia\u0142a\u0144 edukacyjnych i bada\u0144 naukowych w zakresie integracji europejskiej. Program wspomaga dzia\u0142ania ekspert\u00f3w zajmuj\u0105cych si\u0119 t\u0105 problematyk\u0105, maj\u0105cych bogate do\u015bwiadczenie dydaktyczne i naukowe w badaniach nad procesami europejskiej integracji gospodarczej, chc\u0105cych podejmowa\u0107 dalsze inicjatywy dydaktyczne i naukowe. G\u0142\u00f3wnym celem programu jest tworzenie trwa\u0142ych struktur zajmuj\u0105cych si\u0119 nauczaniem integracji europejskiej i wprowadzanie nowych przedmiot\u00f3w z tego zakresu do oferty dydaktycznej i program\u00f3w edukacji uniwersyteckiej. Projekt umo\u017cliwia w\u0142\u0105czenie do mi\u0119dzynarodowej sieci Jean Monnet i ECSA (European Community Studies Association) naukowc\u00f3w i instytucji uniwersyteckich. Pracownicy Katedry posiadaj\u0105 wykszta\u0142cenie interdyscyplinarne. Opr\u00f3cz ekonomii legitymuj\u0105 si\u0119 oni dyplomami z zakresu prawa, stosunk\u00f3w mi\u0119dzynarodowych i politologii. W ramach Katedry zorganizowano szereg konferencji na temat integracji europejskiej oraz zasad i mechanizm\u00f3w funkcjonowania UE. Kadra badawczo-dydaktyczna Katedry opublikowa\u0142a r\u00f3wnie\u017c szereg ksi\u0105\u017cek o tej tematyce, m.in. European Union: Ten Years after the Lisbon Treaty, (2020) Wybrane polityki Unii Europejskiej, (2020) Pi\u0119tna\u015bcie lat cz\u0142onkostwa Polski w Unii Europejskiej, (2020) Aktualna kondycja integracji europejskiej w obliczu wyzwa\u0144 zewn\u0119trznych i wewn\u0119trznych, (2019) Nowe perspektywy integracji europejskiej w obliczu wyzwa\u0144 i zagro\u017ce\u0144, (2017) Nowe wyzwania integracji europejskiej, (2016) Nowe pa\u0144stwa cz\u0142onkowskie w Unii Europejskiej \u2013 diagnoza i perspektywy, (2015) Kryzys Unii czy kryzys w Unii?, (2014) Analiza i ocena polskiej prezydencji w Radzie Unii Europejskiej, (2013) Unia Europejska po Traktacie Lizbo\u0144skim. Wybrane zagadnienia prawne, ekonomiczne i politologiczne, (2012) Stabilno\u015b\u0107 finans\u00f3w publicznych pa\u0144stw Unii Europejskiej w obliczu kryzysu zad\u0142u\u017ceniowego, (2011) Polityka spo\u0142eczna Unii Europejskiej po wschodnim rozszerzeniu, (2010) Global Financial Crisis and Euro Zone Enlargement, (2009) Bariery integracji europejskiej, (2009). W roku akademickim&nbsp; 2018\/19&nbsp; oraz&nbsp; 2019\/20 Katedr\u0105 Europejskiej Integracji Gospodarczej kierowa\u0142 Prof. UEK dr hab. Rafa\u0142 Prostak. Gdy w pa\u017adzierniku 2020 roku dosz\u0142o do podzia\u0142u Katedry Studi\u00f3w Europejskich i po\u0142\u0105czenia jej cz\u0119\u015bci z Katedr\u0105 Europejskiej Integracji Gospodarczej, kierownikiem nowoutworzonej jednostki \u2013 Katedry Studi\u00f3w Europejskich i Integracji Gospodarczej zosta\u0142 Prof. UEK dr hab. Jan Brzozowski. Od roku akademickiego &nbsp;2022\/23 roku Katedr\u0105 Studi\u00f3w Europejskich i Integracji Gospodarczej kieruje Prof. UEK dr hab. Joanna Garli\u0144ska-Bielawska. \/*! elementor &#8211; v3.18.0 &#8211; 20-12-2023 *\/ .elementor-widget-image{text-align:center}.elementor-widget-image a{display:inline-block}.elementor-widget-image a img[src$=&#8221;.svg&#8221;]{width:48px}.elementor-widget-image img{vertical-align:middle;display:inline-block}<\/p>\n","protected":false},"author":22,"featured_media":0,"parent":0,"menu_order":0,"comment_status":"closed","ping_status":"closed","template":"elementor_header_footer","meta":{"footnotes":""},"class_list":["post-88","page","type-page","status-publish","hentry"],"_links":{"self":[{"href":"https:\/\/ie.uek.krakow.pl\/kseig\/wp-json\/wp\/v2\/pages\/88","targetHints":{"allow":["GET"]}}],"collection":[{"href":"https:\/\/ie.uek.krakow.pl\/kseig\/wp-json\/wp\/v2\/pages"}],"about":[{"href":"https:\/\/ie.uek.krakow.pl\/kseig\/wp-json\/wp\/v2\/types\/page"}],"author":[{"embeddable":true,"href":"https:\/\/ie.uek.krakow.pl\/kseig\/wp-json\/wp\/v2\/users\/22"}],"replies":[{"embeddable":true,"href":"https:\/\/ie.uek.krakow.pl\/kseig\/wp-json\/wp\/v2\/comments?post=88"}],"version-history":[{"count":18,"href":"https:\/\/ie.uek.krakow.pl\/kseig\/wp-json\/wp\/v2\/pages\/88\/revisions"}],"predecessor-version":[{"id":1793,"href":"https:\/\/ie.uek.krakow.pl\/kseig\/wp-json\/wp\/v2\/pages\/88\/revisions\/1793"}],"wp:attachment":[{"href":"https:\/\/ie.uek.krakow.pl\/kseig\/wp-json\/wp\/v2\/media?parent=88"}],"curies":[{"name":"wp","href":"https:\/\/api.w.org\/{rel}","templated":true}]}}