{"id":174,"date":"2023-02-19T01:50:07","date_gmt":"2023-02-19T00:50:07","guid":{"rendered":"https:\/\/ie.uek.krakow.pl\/ke\/?page_id=174"},"modified":"2024-10-09T19:06:01","modified_gmt":"2024-10-09T17:06:01","slug":"pracownicy-uek","status":"publish","type":"page","link":"https:\/\/ie.uek.krakow.pl\/kseig\/pracownicy-uek\/","title":{"rendered":"Pracownicy"},"content":{"rendered":"\t\t<div data-elementor-type=\"wp-page\" data-elementor-id=\"174\" class=\"elementor elementor-174\" data-elementor-post-type=\"page\">\n\t\t\t\t\t\t<section data-particle_enable=\"false\" data-particle-mobile-disabled=\"false\" class=\"elementor-section elementor-top-section elementor-element elementor-element-be20bad elementor-section-boxed elementor-section-height-default elementor-section-height-default\" data-id=\"be20bad\" data-element_type=\"section\" data-e-type=\"section\" data-settings=\"{&quot;jet_parallax_layout_list&quot;:[]}\">\n\t\t\t\t\t\t<div class=\"elementor-container elementor-column-gap-default\">\n\t\t\t\t\t<div class=\"elementor-column elementor-col-100 elementor-top-column elementor-element elementor-element-c099fef\" data-id=\"c099fef\" data-element_type=\"column\" data-e-type=\"column\">\n\t\t\t<div class=\"elementor-widget-wrap elementor-element-populated\">\n\t\t\t\t\t\t<div class=\"elementor-element elementor-element-923f8d4 elementor-widget elementor-widget-heading\" data-id=\"923f8d4\" data-element_type=\"widget\" data-e-type=\"widget\" id=\"kpii\" data-widget_type=\"heading.default\">\n\t\t\t\t<div class=\"elementor-widget-container\">\n\t\t\t\t\t<h2 class=\"elementor-heading-title elementor-size-default\">KATEDRA Studi\u00f3w Europejskich i integracji gospodarczej<\/h2>\t\t\t\t<\/div>\n\t\t\t\t<\/div>\n\t\t\t\t<section data-particle_enable=\"false\" data-particle-mobile-disabled=\"false\" class=\"elementor-section elementor-inner-section elementor-element elementor-element-4f9f836 elementor-section-boxed elementor-section-height-default elementor-section-height-default\" data-id=\"4f9f836\" data-element_type=\"section\" data-e-type=\"section\" data-settings=\"{&quot;jet_parallax_layout_list&quot;:[],&quot;background_background&quot;:&quot;classic&quot;,&quot;shape_divider_bottom&quot;:&quot;arrow&quot;,&quot;shape_divider_bottom_negative&quot;:&quot;yes&quot;}\">\n\t\t\t\t\t<div class=\"elementor-shape elementor-shape-bottom\" aria-hidden=\"true\" data-negative=\"true\">\n\t\t\t<svg xmlns=\"http:\/\/www.w3.org\/2000\/svg\" viewBox=\"0 0 700 10\" preserveAspectRatio=\"none\">\n\t<path class=\"elementor-shape-fill\" d=\"M360 0L350 9.9 340 0 0 0 0 10 700 10 700 0\"\/>\n<\/svg>\t\t<\/div>\n\t\t\t\t\t<div class=\"elementor-container elementor-column-gap-default\">\n\t\t\t\t\t<div class=\"elementor-column elementor-col-50 elementor-inner-column elementor-element elementor-element-7a9c1ea\" data-id=\"7a9c1ea\" data-element_type=\"column\" data-e-type=\"column\">\n\t\t\t<div class=\"elementor-widget-wrap elementor-element-populated\">\n\t\t\t\t\t\t<div class=\"elementor-element elementor-element-6239586 elementor-widget elementor-widget-heading\" data-id=\"6239586\" data-element_type=\"widget\" data-e-type=\"widget\" data-widget_type=\"heading.default\">\n\t\t\t\t<div class=\"elementor-widget-container\">\n\t\t\t\t\t<h4 class=\"elementor-heading-title elementor-size-default\">Kierownik Katedry<br><br><br><br><br><br><br><\/h4>\t\t\t\t<\/div>\n\t\t\t\t<\/div>\n\t\t\t\t\t<\/div>\n\t\t<\/div>\n\t\t\t\t<div class=\"elementor-column elementor-col-50 elementor-inner-column elementor-element elementor-element-d1d5d6a\" data-id=\"d1d5d6a\" data-element_type=\"column\" data-e-type=\"column\">\n\t\t\t<div class=\"elementor-widget-wrap elementor-element-populated\">\n\t\t\t\t\t\t<div class=\"elementor-element elementor-element-a114a1c elementor-widget elementor-widget-eael-post-list\" data-id=\"a114a1c\" data-element_type=\"widget\" data-e-type=\"widget\" data-widget_type=\"eael-post-list.default\">\n\t\t\t\t<div class=\"elementor-widget-container\">\n\t\t\t\t\t<div class=\"eael-post-list-container default layout-default\"><div class=\"eael-post-list-wrap\"><div class=\"eael-post-list-posts-wrap eael-post-appender eael-post-appender-a114a1c\"><div class=\"eael-post-list-post \"><div class=\"eael-post-list-thumbnail \"><a href=\"https:\/\/ie.uek.krakow.pl\/kseig\/pracownicy\/jgb\/\">\n                            <img decoding=\"async\" src=\"https:\/\/ie.uek.krakow.pl\/kseig\/wp-content\/uploads\/sites\/12\/2023\/09\/jgb3.jpg\" alt=\"\">\n                        <\/a><\/div><div class=\"eael-post-list-content\"><h2 class=\"eael-post-list-title\"><a href=\"https:\/\/ie.uek.krakow.pl\/kseig\/pracownicy\/jgb\/\" >dr hab. Joanna Garli\u0144ska-Bielawska, prof. UEK<\/a><\/h2><\/div><\/div><\/div><\/div>\n\t\t<\/div>\t\t\t\t<\/div>\n\t\t\t\t<\/div>\n\t\t\t\t\t<\/div>\n\t\t<\/div>\n\t\t\t\t\t<\/div>\n\t\t<\/section>\n\t\t\t\t<div class=\"elementor-element elementor-element-3b905d0 elementor-widget elementor-widget-eael-post-list\" data-id=\"3b905d0\" data-element_type=\"widget\" data-e-type=\"widget\" data-widget_type=\"eael-post-list.default\">\n\t\t\t\t<div class=\"elementor-widget-container\">\n\t\t\t\t\t<div class=\"eael-post-list-container default layout-default\"><div class=\"eael-post-list-wrap\"><div class=\"eael-post-list-posts-wrap eael-post-appender eael-post-appender-3b905d0\"><div class=\"eael-post-list-post \"><div class=\"eael-post-list-thumbnail \"><a href=\"https:\/\/ie.uek.krakow.pl\/kseig\/pracownicy\/mc\/\">\n                            <img decoding=\"async\" src=\"https:\/\/ie.uek.krakow.pl\/kseig\/wp-content\/uploads\/sites\/12\/2024\/03\/mcz.jpg\" alt=\"\">\n                        <\/a><\/div><div class=\"eael-post-list-content\"><h2 class=\"eael-post-list-title\"><a href=\"https:\/\/ie.uek.krakow.pl\/kseig\/pracownicy\/mc\/\" >dr hab. Ma\u0142gorzata Czermi\u0144ska, prof. UEK<\/a><\/h2><\/div><\/div><div class=\"eael-post-list-post \"><div class=\"eael-post-list-thumbnail \"><a href=\"https:\/\/ie.uek.krakow.pl\/kseig\/pracownicy\/as\/\">\n                            <img decoding=\"async\" src=\"https:\/\/ie.uek.krakow.pl\/kseig\/wp-content\/uploads\/sites\/12\/2023\/09\/as3.jpg\" alt=\"\">\n                        <\/a><\/div><div class=\"eael-post-list-content\"><h2 class=\"eael-post-list-title\"><a href=\"https:\/\/ie.uek.krakow.pl\/kseig\/pracownicy\/as\/\" >dr hab. Aleksander Surdej, prof. UEK<\/a><\/h2><\/div><\/div><div class=\"eael-post-list-post \"><div class=\"eael-post-list-thumbnail \"><a href=\"https:\/\/ie.uek.krakow.pl\/kseig\/pracownicy\/vs\/\">\n                            <img decoding=\"async\" src=\"https:\/\/ie.uek.krakow.pl\/kseig\/wp-content\/uploads\/sites\/12\/2023\/10\/vs3.jpg\" alt=\"\">\n                        <\/a><\/div><div class=\"eael-post-list-content\"><h2 class=\"eael-post-list-title\"><a href=\"https:\/\/ie.uek.krakow.pl\/kseig\/pracownicy\/vs\/\" >prof. dr Vegard Skirbekk<\/a><\/h2><\/div><\/div><div class=\"eael-post-list-post \"><div class=\"eael-post-list-thumbnail \"><a href=\"https:\/\/ie.uek.krakow.pl\/kseig\/pracownicy\/wb\/\">\n                            <img decoding=\"async\" src=\"https:\/\/ie.uek.krakow.pl\/kseig\/wp-content\/uploads\/sites\/12\/2023\/09\/wb.jpg\" alt=\"\">\n                        <\/a><\/div><div class=\"eael-post-list-content\"><h2 class=\"eael-post-list-title\"><a href=\"https:\/\/ie.uek.krakow.pl\/kseig\/pracownicy\/wb\/\" >dr Wojciech B\u0105ba<\/a><\/h2><\/div><\/div><div class=\"eael-post-list-post \"><div class=\"eael-post-list-thumbnail \"><a href=\"https:\/\/ie.uek.krakow.pl\/kseig\/pracownicy\/kc\/\">\n                            <img decoding=\"async\" src=\"https:\/\/ie.uek.krakow.pl\/kseig\/wp-content\/uploads\/sites\/12\/2023\/09\/kc-1.jpg\" alt=\"\">\n                        <\/a><\/div><div class=\"eael-post-list-content\"><h2 class=\"eael-post-list-title\"><a href=\"https:\/\/ie.uek.krakow.pl\/kseig\/pracownicy\/kc\/\" >dr Katarzyna Cymbranowicz<\/a><\/h2><\/div><\/div><div class=\"eael-post-list-post \"><div class=\"eael-post-list-thumbnail \"><a href=\"https:\/\/ie.uek.krakow.pl\/kseig\/pracownicy\/ad\/\">\n                            <img decoding=\"async\" src=\"https:\/\/ie.uek.krakow.pl\/kseig\/wp-content\/uploads\/sites\/12\/2024\/10\/ad.jpg\" alt=\"\">\n                        <\/a><\/div><div class=\"eael-post-list-content\"><h2 class=\"eael-post-list-title\"><a href=\"https:\/\/ie.uek.krakow.pl\/kseig\/pracownicy\/ad\/\" >dr Anna Drabina<\/a><\/h2><\/div><\/div><div class=\"eael-post-list-post \"><div class=\"eael-post-list-thumbnail \"><a href=\"https:\/\/ie.uek.krakow.pl\/kseig\/pracownicy\/wk-2\/\">\n                            <img decoding=\"async\" src=\"https:\/\/ie.uek.krakow.pl\/kseig\/wp-content\/uploads\/sites\/12\/2024\/12\/wk2.jpg\" alt=\"\">\n                        <\/a><\/div><div class=\"eael-post-list-content\"><h2 class=\"eael-post-list-title\"><a href=\"https:\/\/ie.uek.krakow.pl\/kseig\/pracownicy\/wk-2\/\" >dr Wojciech Kolasa<\/a><\/h2><\/div><\/div><div class=\"eael-post-list-post \"><div class=\"eael-post-list-thumbnail \"><a href=\"https:\/\/ie.uek.krakow.pl\/kseig\/pracownicy\/ap\/\">\n                            <img decoding=\"async\" src=\"https:\/\/ie.uek.krakow.pl\/kseig\/wp-content\/uploads\/sites\/12\/2023\/09\/ap.jpg\" alt=\"\">\n                        <\/a><\/div><div class=\"eael-post-list-content\"><h2 class=\"eael-post-list-title\"><a href=\"https:\/\/ie.uek.krakow.pl\/kseig\/pracownicy\/ap\/\" >dr Aleksandra Ple\u015bniarska<\/a><\/h2><\/div><\/div><div class=\"eael-post-list-post \"><div class=\"eael-post-list-thumbnail \"><a href=\"https:\/\/ie.uek.krakow.pl\/kseig\/pracownicy\/js\/\">\n                            <img decoding=\"async\" src=\"https:\/\/ie.uek.krakow.pl\/kseig\/wp-content\/uploads\/sites\/12\/2023\/10\/js.jpg\" alt=\"\">\n                        <\/a><\/div><div class=\"eael-post-list-content\"><h2 class=\"eael-post-list-title\"><a href=\"https:\/\/ie.uek.krakow.pl\/kseig\/pracownicy\/js\/\" >mgr Joanna Sikorska<\/a><\/h2><\/div><\/div><div class=\"eael-post-list-post \"><div class=\"eael-post-list-thumbnail \"><a href=\"https:\/\/ie.uek.krakow.pl\/kseig\/pracownicy\/acb-2\/\">\n                            <img decoding=\"async\" src=\"https:\/\/ie.uek.krakow.pl\/kseig\/wp-content\/uploads\/sites\/12\/2025\/03\/acb.jpg\" alt=\"\">\n                        <\/a><\/div><div class=\"eael-post-list-content\"><h2 class=\"eael-post-list-title\"><a href=\"https:\/\/ie.uek.krakow.pl\/kseig\/pracownicy\/acb-2\/\" >in\u017c. Anna Cybula-W\u00f3jcik<\/a><\/h2><\/div><\/div><div class=\"eael-post-list-post \"><div class=\"eael-post-list-thumbnail \"><a href=\"https:\/\/ie.uek.krakow.pl\/kseig\/pracownicy\/htw\/\">\n                            <img decoding=\"async\" src=\"https:\/\/ie.uek.krakow.pl\/kseig\/wp-content\/uploads\/sites\/12\/2023\/09\/htw.jpg\" alt=\"\">\n                        <\/a><\/div><div class=\"eael-post-list-content\"><h2 class=\"eael-post-list-title\"><a href=\"https:\/\/ie.uek.krakow.pl\/kseig\/pracownicy\/htw\/\" >prof. dr hab. Helena Tendera-W\u0142aszczuk (profesor emeritus, tw\u00f3rczyni Katedry)<\/a><\/h2><\/div><\/div><div class=\"eael-post-list-post \"><div class=\"eael-post-list-thumbnail \"><a href=\"https:\/\/ie.uek.krakow.pl\/kseig\/pracownicy\/rp\/\">\n                            <img decoding=\"async\" src=\"https:\/\/ie.uek.krakow.pl\/kseig\/wp-content\/uploads\/sites\/12\/2023\/10\/rp.jpg\" alt=\"\">\n                        <\/a><\/div><div class=\"eael-post-list-content\"><h2 class=\"eael-post-list-title\"><a href=\"https:\/\/ie.uek.krakow.pl\/kseig\/pracownicy\/rp\/\" >mgr Romana Paszkowska (wyk\u0142adowca wsp\u00f3\u0142pracuj\u0105cy)<\/a><\/h2><\/div><\/div><\/div><\/div>\n\t\t<\/div>\t\t\t\t<\/div>\n\t\t\t\t<\/div>\n\t\t\t\t\t<\/div>\n\t\t<\/div>\n\t\t\t\t\t<\/div>\n\t\t<\/section>\n\t\t\t\t<\/div>\n\t\t","protected":false},"excerpt":{"rendered":"<p>KATEDRA Studi\u00f3w Europejskich i integracji gospodarczej Kierownik Katedry dr hab. Joanna Garli\u0144ska-Bielawska, prof. UEK prof. dr hab. Helena Tendera-W\u0142aszczuk dr hab. Aleksander Surdej, prof. UEK dr hab. Ma\u0142gorzata Czermi\u0144ska, prof. UEK prof. dr Vegard Skirbekk dr Wojciech B\u0105ba dr Katarzyna Cymbranowicz dr Wojciech Kolasa dr Aleksandra Ple\u015bniarska mgr Anna Drabina mgr Joanna Sikorska mgr Romana Paszkowska (wyk\u0142adowca wsp\u00f3\u0142pracuj\u0105cy)<\/p>\n","protected":false},"author":22,"featured_media":0,"parent":0,"menu_order":0,"comment_status":"closed","ping_status":"closed","template":"elementor_header_footer","meta":{"footnotes":""},"class_list":["post-174","page","type-page","status-publish","hentry"],"_links":{"self":[{"href":"https:\/\/ie.uek.krakow.pl\/kseig\/wp-json\/wp\/v2\/pages\/174","targetHints":{"allow":["GET"]}}],"collection":[{"href":"https:\/\/ie.uek.krakow.pl\/kseig\/wp-json\/wp\/v2\/pages"}],"about":[{"href":"https:\/\/ie.uek.krakow.pl\/kseig\/wp-json\/wp\/v2\/types\/page"}],"author":[{"embeddable":true,"href":"https:\/\/ie.uek.krakow.pl\/kseig\/wp-json\/wp\/v2\/users\/22"}],"replies":[{"embeddable":true,"href":"https:\/\/ie.uek.krakow.pl\/kseig\/wp-json\/wp\/v2\/comments?post=174"}],"version-history":[{"count":21,"href":"https:\/\/ie.uek.krakow.pl\/kseig\/wp-json\/wp\/v2\/pages\/174\/revisions"}],"predecessor-version":[{"id":1928,"href":"https:\/\/ie.uek.krakow.pl\/kseig\/wp-json\/wp\/v2\/pages\/174\/revisions\/1928"}],"wp:attachment":[{"href":"https:\/\/ie.uek.krakow.pl\/kseig\/wp-json\/wp\/v2\/media?parent=174"}],"curies":[{"name":"wp","href":"https:\/\/api.w.org\/{rel}","templated":true}]}}