{"id":346,"date":"2023-02-20T00:01:15","date_gmt":"2023-02-19T23:01:15","guid":{"rendered":"https:\/\/ie.uek.krakow.pl\/ke\/?page_id=346"},"modified":"2025-04-24T00:14:22","modified_gmt":"2025-04-23T22:14:22","slug":"kola-naukowe","status":"publish","type":"page","link":"https:\/\/ie.uek.krakow.pl\/kmsg\/studenci\/kola-naukowe\/","title":{"rendered":"Ko\u0142a naukowe"},"content":{"rendered":"\t\t<div data-elementor-type=\"wp-page\" data-elementor-id=\"346\" class=\"elementor elementor-346\" data-elementor-post-type=\"page\">\n\t\t\t\t\t\t<section data-particle_enable=\"false\" data-particle-mobile-disabled=\"false\" class=\"elementor-section elementor-top-section elementor-element elementor-element-22080c8 elementor-section-boxed elementor-section-height-default elementor-section-height-default\" data-id=\"22080c8\" data-element_type=\"section\" data-e-type=\"section\" data-settings=\"{&quot;jet_parallax_layout_list&quot;:[]}\">\n\t\t\t\t\t\t<div class=\"elementor-container elementor-column-gap-default\">\n\t\t\t\t\t<div class=\"elementor-column elementor-col-33 elementor-top-column elementor-element elementor-element-c20decf\" data-id=\"c20decf\" data-element_type=\"column\" data-e-type=\"column\">\n\t\t\t<div class=\"elementor-widget-wrap elementor-element-populated\">\n\t\t\t\t\t\t<div class=\"elementor-element elementor-element-9764738 elementor-widget elementor-widget-image\" data-id=\"9764738\" data-element_type=\"widget\" data-e-type=\"widget\" data-widget_type=\"image.default\">\n\t\t\t\t<div class=\"elementor-widget-container\">\n\t\t\t\t\t\t\t\t\t\t\t\t\t\t\t<img fetchpriority=\"high\" decoding=\"async\" width=\"500\" height=\"500\" src=\"https:\/\/ie.uek.krakow.pl\/kmsg\/wp-content\/uploads\/sites\/8\/2025\/02\/ce4bf053967479872ed1d564015f91b3b16b7818.jpeg\" class=\"attachment-full size-full wp-image-2144\" alt=\"\" srcset=\"https:\/\/ie.uek.krakow.pl\/kmsg\/wp-content\/uploads\/sites\/8\/2025\/02\/ce4bf053967479872ed1d564015f91b3b16b7818.jpeg 500w, https:\/\/ie.uek.krakow.pl\/kmsg\/wp-content\/uploads\/sites\/8\/2025\/02\/ce4bf053967479872ed1d564015f91b3b16b7818-300x300.jpeg 300w, https:\/\/ie.uek.krakow.pl\/kmsg\/wp-content\/uploads\/sites\/8\/2025\/02\/ce4bf053967479872ed1d564015f91b3b16b7818-150x150.jpeg 150w, https:\/\/ie.uek.krakow.pl\/kmsg\/wp-content\/uploads\/sites\/8\/2025\/02\/ce4bf053967479872ed1d564015f91b3b16b7818-75x75.jpeg 75w\" sizes=\"(max-width: 500px) 100vw, 500px\" \/>\t\t\t\t\t\t\t\t\t\t\t\t\t\t\t<\/div>\n\t\t\t\t<\/div>\n\t\t\t\t\t<\/div>\n\t\t<\/div>\n\t\t\t\t<div class=\"elementor-column elementor-col-66 elementor-top-column elementor-element elementor-element-101f182\" data-id=\"101f182\" data-element_type=\"column\" data-e-type=\"column\">\n\t\t\t<div class=\"elementor-widget-wrap elementor-element-populated\">\n\t\t\t\t\t\t<div class=\"elementor-element elementor-element-8723dd5 elementor-widget elementor-widget-heading\" data-id=\"8723dd5\" data-element_type=\"widget\" data-e-type=\"widget\" data-widget_type=\"heading.default\">\n\t\t\t\t<div class=\"elementor-widget-container\">\n\t\t\t\t\t<h2 class=\"elementor-heading-title elementor-size-default\">Ko\u0142o Naukowe Wyzwa\u0144 Zielonego \u0141adu<\/h2>\t\t\t\t<\/div>\n\t\t\t\t<\/div>\n\t\t\t\t<div class=\"elementor-element elementor-element-ff81b7c elementor-widget elementor-widget-text-editor\" data-id=\"ff81b7c\" data-element_type=\"widget\" data-e-type=\"widget\" data-widget_type=\"text-editor.default\">\n\t\t\t\t<div class=\"elementor-widget-container\">\n\t\t\t\t\t\t\t\t\t<p data-olk-copy-source=\"MessageBody\">Ko\u0142o Naukowe\u00a0<i>Wyzwa\u0144 Zielonego \u0141adu<\/i>\u00a0dzia\u0142a aktywnie od 2020 roku przy Katedrze Mi\u0119dzynarodowych Stosunk\u00f3w Gospodarczych. Zosta\u0142o za\u0142o\u017cone z inicjatywy student\u00f3w kierunku\u00a0<i>International Business<\/i>\u00a0w odpowiedzi na wdro\u017cenie polityk Zielonego \u0141adu, a jego celem jest podnoszenie \u015bwiadomo\u015bci oraz stworzenie platformy wymiany wiedzy i do\u015bwiadczenia mi\u0119dzy pracownikami naukowymi, ekspertami i studentami.<\/p><p aria-hidden=\"true\">\u00a0<\/p><p>Opiekunami Ko\u0142a Naukowego s\u0105 dr Kinga Nawracaj-Grygiel oraz dr Marta Ulbrych, natomiast funkcj\u0119 prezesa w latach 2020-2023 pe\u0142ni\u0142a Liliana \u015amiech, a od 2023 roku prezesem jest Emilie Horn, a wiceprezesem Wiktoria Grudysz.<\/p><p aria-hidden=\"true\">\u00a0<\/p><p>Jedn\u0105 z kluczowych aktywno\u015bci Ko\u0142a jest organizacja corocznej konferencji pod nazw\u0105 &#8222;Green Week&#8221;, tematy dotychczasowych edycji konferencji dotyczy\u0142y:<\/p><p>\u20222025: Technologia, Polityka i Globalne Wyzwania<\/p><p>\u20222024: Wyzwania Zielonego \u0141adu dla Biznesu oraz problemy ekosystem\u00f3w miejskich<\/p><p>\u20222023: Zr\u00f3wnowa\u017cony rozw\u00f3j, a rola uniwersytet\u00f3w<\/p><p>\u20222022: Panel Rektorski<\/p><p>\u20222021: Debata Naukowc\u00f3w<\/p>\t\t\t\t\t\t\t\t<\/div>\n\t\t\t\t<\/div>\n\t\t\t\t<div class=\"elementor-element elementor-element-30626b33 elementor-align-right elementor-button-info elementor-widget elementor-widget-button\" data-id=\"30626b33\" data-element_type=\"widget\" data-e-type=\"widget\" data-widget_type=\"button.default\">\n\t\t\t\t<div class=\"elementor-widget-container\">\n\t\t\t\t\t\t\t\t\t<div class=\"elementor-button-wrapper\">\n\t\t\t\t\t<a class=\"elementor-button elementor-button-link elementor-size-sm\" href=\"https:\/\/organizacje.uek.krakow.pl\/organisation\/62\" target=\"_blank\">\n\t\t\t\t\t\t<span class=\"elementor-button-content-wrapper\">\n\t\t\t\t\t\t\t\t\t<span class=\"elementor-button-text\">strona ko\u0142a<\/span>\n\t\t\t\t\t<\/span>\n\t\t\t\t\t<\/a>\n\t\t\t\t<\/div>\n\t\t\t\t\t\t\t\t<\/div>\n\t\t\t\t<\/div>\n\t\t\t\t\t<\/div>\n\t\t<\/div>\n\t\t\t\t\t<\/div>\n\t\t<\/section>\n\t\t\t\t<section data-particle_enable=\"false\" data-particle-mobile-disabled=\"false\" class=\"elementor-section elementor-top-section elementor-element elementor-element-5bd16a8 elementor-section-boxed elementor-section-height-default elementor-section-height-default\" data-id=\"5bd16a8\" data-element_type=\"section\" data-e-type=\"section\" data-settings=\"{&quot;jet_parallax_layout_list&quot;:[],&quot;background_background&quot;:&quot;classic&quot;,&quot;shape_divider_top&quot;:&quot;arrow&quot;,&quot;shape_divider_bottom&quot;:&quot;arrow&quot;,&quot;shape_divider_bottom_negative&quot;:&quot;yes&quot;}\">\n\t\t\t\t\t<div class=\"elementor-shape elementor-shape-top\" aria-hidden=\"true\" data-negative=\"false\">\n\t\t\t<svg xmlns=\"http:\/\/www.w3.org\/2000\/svg\" viewBox=\"0 0 700 10\" preserveAspectRatio=\"none\">\n\t<path class=\"elementor-shape-fill\" d=\"M350,10L340,0h20L350,10z\"\/>\n<\/svg>\t\t<\/div>\n\t\t\t\t<div class=\"elementor-shape elementor-shape-bottom\" aria-hidden=\"true\" data-negative=\"true\">\n\t\t\t<svg xmlns=\"http:\/\/www.w3.org\/2000\/svg\" viewBox=\"0 0 700 10\" preserveAspectRatio=\"none\">\n\t<path class=\"elementor-shape-fill\" d=\"M360 0L350 9.9 340 0 0 0 0 10 700 10 700 0\"\/>\n<\/svg>\t\t<\/div>\n\t\t\t\t\t<div class=\"elementor-container elementor-column-gap-default\">\n\t\t\t\t\t<div class=\"elementor-column elementor-col-33 elementor-top-column elementor-element elementor-element-a10c985\" data-id=\"a10c985\" data-element_type=\"column\" data-e-type=\"column\">\n\t\t\t<div class=\"elementor-widget-wrap elementor-element-populated\">\n\t\t\t\t\t\t<div class=\"elementor-element elementor-element-8235ad7 elementor-widget elementor-widget-image\" data-id=\"8235ad7\" data-element_type=\"widget\" data-e-type=\"widget\" data-widget_type=\"image.default\">\n\t\t\t\t<div class=\"elementor-widget-container\">\n\t\t\t\t\t\t\t\t\t\t\t\t\t\t\t<img decoding=\"async\" width=\"1032\" height=\"437\" src=\"https:\/\/ie.uek.krakow.pl\/kmsg\/wp-content\/uploads\/sites\/8\/2025\/02\/e7af020e302077681169109f0fe521c96a380179.png\" class=\"attachment-full size-full wp-image-2148\" alt=\"\" srcset=\"https:\/\/ie.uek.krakow.pl\/kmsg\/wp-content\/uploads\/sites\/8\/2025\/02\/e7af020e302077681169109f0fe521c96a380179.png 1032w, https:\/\/ie.uek.krakow.pl\/kmsg\/wp-content\/uploads\/sites\/8\/2025\/02\/e7af020e302077681169109f0fe521c96a380179-300x127.png 300w, https:\/\/ie.uek.krakow.pl\/kmsg\/wp-content\/uploads\/sites\/8\/2025\/02\/e7af020e302077681169109f0fe521c96a380179-1024x434.png 1024w, https:\/\/ie.uek.krakow.pl\/kmsg\/wp-content\/uploads\/sites\/8\/2025\/02\/e7af020e302077681169109f0fe521c96a380179-768x325.png 768w\" sizes=\"(max-width: 1032px) 100vw, 1032px\" \/>\t\t\t\t\t\t\t\t\t\t\t\t\t\t\t<\/div>\n\t\t\t\t<\/div>\n\t\t\t\t\t<\/div>\n\t\t<\/div>\n\t\t\t\t<div class=\"elementor-column elementor-col-66 elementor-top-column elementor-element elementor-element-b26b269\" data-id=\"b26b269\" data-element_type=\"column\" data-e-type=\"column\">\n\t\t\t<div class=\"elementor-widget-wrap elementor-element-populated\">\n\t\t\t\t\t\t<div class=\"elementor-element elementor-element-6e89348 elementor-widget elementor-widget-heading\" data-id=\"6e89348\" data-element_type=\"widget\" data-e-type=\"widget\" data-widget_type=\"heading.default\">\n\t\t\t\t<div class=\"elementor-widget-container\">\n\t\t\t\t\t<h2 class=\"elementor-heading-title elementor-size-default\">Ko\u0142o Naukowe Mi\u0119dzynarodowych Stosunk\u00f3w Gospodarczych<\/h2>\t\t\t\t<\/div>\n\t\t\t\t<\/div>\n\t\t\t\t<div class=\"elementor-element elementor-element-0bf2928 elementor-widget elementor-widget-text-editor\" data-id=\"0bf2928\" data-element_type=\"widget\" data-e-type=\"widget\" data-widget_type=\"text-editor.default\">\n\t\t\t\t<div class=\"elementor-widget-container\">\n\t\t\t\t\t\t\t\t\t<p>KN MSG to grupa m\u0142odych i ambitnych student\u00f3w UEK, kt\u00f3rzy wiedz\u0119 i do\u015bwiadczenie zdobywa\u0107 chc\u0105 nie tylko podczas wyk\u0142ad\u00f3w i \u0107wicze\u0144. Jako zesp\u00f3\u0142 dzia\u0142amy na rzecz w\u0142asnego rozwoju osobistego oraz promocji naszej Alma Mater. Zajmujemy si\u0119 organizacj\u0105 cyklicznych warsztat\u00f3w, konferencji i sympozj\u00f3w naukowych. Realizujemy projekty o zasi\u0119gu lokalnym i krajowym, ale nie boimy si\u0119 r\u00f3wnie\u017c wchodzi\u0107 w kooperacje z uniwersytetami zagranicznymi oraz przedsi\u0119biorstwami mi\u0119dzynarodowymi<\/p>\t\t\t\t\t\t\t\t<\/div>\n\t\t\t\t<\/div>\n\t\t\t\t<div class=\"elementor-element elementor-element-60fdb8c elementor-align-right elementor-button-info elementor-widget elementor-widget-button\" data-id=\"60fdb8c\" data-element_type=\"widget\" data-e-type=\"widget\" data-widget_type=\"button.default\">\n\t\t\t\t<div class=\"elementor-widget-container\">\n\t\t\t\t\t\t\t\t\t<div class=\"elementor-button-wrapper\">\n\t\t\t\t\t<a class=\"elementor-button elementor-button-link elementor-size-sm\" href=\"https:\/\/organizacje.uek.krakow.pl\/organisation\/17\" target=\"_blank\">\n\t\t\t\t\t\t<span class=\"elementor-button-content-wrapper\">\n\t\t\t\t\t\t\t\t\t<span class=\"elementor-button-text\">strona ko\u0142a<\/span>\n\t\t\t\t\t<\/span>\n\t\t\t\t\t<\/a>\n\t\t\t\t<\/div>\n\t\t\t\t\t\t\t\t<\/div>\n\t\t\t\t<\/div>\n\t\t\t\t\t<\/div>\n\t\t<\/div>\n\t\t\t\t\t<\/div>\n\t\t<\/section>\n\t\t\t\t<\/div>\n\t\t","protected":false},"excerpt":{"rendered":"<p>Ko\u0142o Naukowe Wyzwa\u0144 Zielonego \u0141adu Ko\u0142o Naukowe\u00a0Wyzwa\u0144 Zielonego \u0141adu\u00a0dzia\u0142a aktywnie od 2020 roku przy Katedrze Mi\u0119dzynarodowych Stosunk\u00f3w Gospodarczych. Zosta\u0142o za\u0142o\u017cone z inicjatywy student\u00f3w kierunku\u00a0International Business\u00a0w odpowiedzi na wdro\u017cenie polityk Zielonego \u0141adu, a jego celem jest podnoszenie \u015bwiadomo\u015bci oraz stworzenie platformy wymiany wiedzy i do\u015bwiadczenia mi\u0119dzy pracownikami naukowymi, ekspertami i studentami. \u00a0 Opiekunami Ko\u0142a Naukowego s\u0105 dr Kinga Nawracaj-Grygiel oraz dr Marta Ulbrych, natomiast funkcj\u0119 prezesa w latach 2020-2023 pe\u0142ni\u0142a Liliana \u015amiech, a od 2023 roku prezesem jest Emilie Horn, a wiceprezesem Wiktoria Grudysz. \u00a0 Jedn\u0105 z kluczowych aktywno\u015bci Ko\u0142a jest organizacja corocznej konferencji pod nazw\u0105 &#8222;Green Week&#8221;, tematy dotychczasowych edycji konferencji dotyczy\u0142y: \u20222025: Technologia, Polityka i Globalne Wyzwania \u20222024: Wyzwania Zielonego \u0141adu dla Biznesu oraz problemy ekosystem\u00f3w miejskich \u20222023: Zr\u00f3wnowa\u017cony rozw\u00f3j, a rola uniwersytet\u00f3w \u20222022: Panel Rektorski \u20222021: Debata Naukowc\u00f3w strona ko\u0142a Ko\u0142o Naukowe Mi\u0119dzynarodowych Stosunk\u00f3w Gospodarczych KN MSG to grupa m\u0142odych i ambitnych student\u00f3w UEK, kt\u00f3rzy wiedz\u0119 i do\u015bwiadczenie zdobywa\u0107 chc\u0105 nie tylko podczas wyk\u0142ad\u00f3w i \u0107wicze\u0144. Jako zesp\u00f3\u0142 dzia\u0142amy na rzecz w\u0142asnego rozwoju osobistego oraz promocji naszej Alma Mater. Zajmujemy si\u0119 organizacj\u0105 cyklicznych warsztat\u00f3w, konferencji i sympozj\u00f3w naukowych. Realizujemy projekty o zasi\u0119gu lokalnym i krajowym, ale nie boimy si\u0119 r\u00f3wnie\u017c wchodzi\u0107 w kooperacje z uniwersytetami zagranicznymi oraz przedsi\u0119biorstwami mi\u0119dzynarodowymi strona ko\u0142a<\/p>\n","protected":false},"author":1,"featured_media":0,"parent":336,"menu_order":0,"comment_status":"closed","ping_status":"closed","template":"elementor_header_footer","meta":{"footnotes":""},"class_list":["post-346","page","type-page","status-publish","hentry"],"_links":{"self":[{"href":"https:\/\/ie.uek.krakow.pl\/kmsg\/wp-json\/wp\/v2\/pages\/346","targetHints":{"allow":["GET"]}}],"collection":[{"href":"https:\/\/ie.uek.krakow.pl\/kmsg\/wp-json\/wp\/v2\/pages"}],"about":[{"href":"https:\/\/ie.uek.krakow.pl\/kmsg\/wp-json\/wp\/v2\/types\/page"}],"author":[{"embeddable":true,"href":"https:\/\/ie.uek.krakow.pl\/kmsg\/wp-json\/wp\/v2\/users\/1"}],"replies":[{"embeddable":true,"href":"https:\/\/ie.uek.krakow.pl\/kmsg\/wp-json\/wp\/v2\/comments?post=346"}],"version-history":[{"count":12,"href":"https:\/\/ie.uek.krakow.pl\/kmsg\/wp-json\/wp\/v2\/pages\/346\/revisions"}],"predecessor-version":[{"id":2355,"href":"https:\/\/ie.uek.krakow.pl\/kmsg\/wp-json\/wp\/v2\/pages\/346\/revisions\/2355"}],"up":[{"embeddable":true,"href":"https:\/\/ie.uek.krakow.pl\/kmsg\/wp-json\/wp\/v2\/pages\/336"}],"wp:attachment":[{"href":"https:\/\/ie.uek.krakow.pl\/kmsg\/wp-json\/wp\/v2\/media?parent=346"}],"curies":[{"name":"wp","href":"https:\/\/api.w.org\/{rel}","templated":true}]}}