{"id":174,"date":"2023-02-19T01:50:07","date_gmt":"2023-02-19T00:50:07","guid":{"rendered":"https:\/\/ie.uek.krakow.pl\/ke\/?page_id=174"},"modified":"2024-10-18T10:36:51","modified_gmt":"2024-10-18T08:36:51","slug":"pracownicy-uek","status":"publish","type":"page","link":"https:\/\/ie.uek.krakow.pl\/kmsg\/pracownicy-uek\/","title":{"rendered":"Pracownicy"},"content":{"rendered":"\t\t<div data-elementor-type=\"wp-page\" data-elementor-id=\"174\" class=\"elementor elementor-174\" data-elementor-post-type=\"page\">\n\t\t\t\t\t\t<section data-particle_enable=\"false\" data-particle-mobile-disabled=\"false\" class=\"elementor-section elementor-top-section elementor-element elementor-element-be20bad elementor-section-boxed elementor-section-height-default elementor-section-height-default\" data-id=\"be20bad\" data-element_type=\"section\" data-e-type=\"section\" data-settings=\"{&quot;jet_parallax_layout_list&quot;:[]}\">\n\t\t\t\t\t\t<div class=\"elementor-container elementor-column-gap-default\">\n\t\t\t\t\t<div class=\"elementor-column elementor-col-100 elementor-top-column elementor-element elementor-element-c099fef\" data-id=\"c099fef\" data-element_type=\"column\" data-e-type=\"column\">\n\t\t\t<div class=\"elementor-widget-wrap elementor-element-populated\">\n\t\t\t\t\t\t<div class=\"elementor-element elementor-element-923f8d4 elementor-widget elementor-widget-heading\" data-id=\"923f8d4\" data-element_type=\"widget\" data-e-type=\"widget\" id=\"kpii\" data-widget_type=\"heading.default\">\n\t\t\t\t<div class=\"elementor-widget-container\">\n\t\t\t\t\t<h2 class=\"elementor-heading-title elementor-size-default\">KATEDRA Mi\u0119dzynarodowych Stosunk\u00f3w Gospodarczych<\/h2>\t\t\t\t<\/div>\n\t\t\t\t<\/div>\n\t\t\t\t<section data-particle_enable=\"false\" data-particle-mobile-disabled=\"false\" class=\"elementor-section elementor-inner-section elementor-element elementor-element-4f9f836 elementor-section-boxed elementor-section-height-default elementor-section-height-default\" data-id=\"4f9f836\" data-element_type=\"section\" data-e-type=\"section\" data-settings=\"{&quot;jet_parallax_layout_list&quot;:[],&quot;background_background&quot;:&quot;classic&quot;,&quot;shape_divider_bottom&quot;:&quot;arrow&quot;,&quot;shape_divider_bottom_negative&quot;:&quot;yes&quot;}\">\n\t\t\t\t\t<div class=\"elementor-shape elementor-shape-bottom\" aria-hidden=\"true\" data-negative=\"true\">\n\t\t\t<svg xmlns=\"http:\/\/www.w3.org\/2000\/svg\" viewBox=\"0 0 700 10\" preserveAspectRatio=\"none\">\n\t<path class=\"elementor-shape-fill\" d=\"M360 0L350 9.9 340 0 0 0 0 10 700 10 700 0\"\/>\n<\/svg>\t\t<\/div>\n\t\t\t\t\t<div class=\"elementor-container elementor-column-gap-default\">\n\t\t\t\t\t<div class=\"elementor-column elementor-col-50 elementor-inner-column elementor-element elementor-element-7a9c1ea\" data-id=\"7a9c1ea\" data-element_type=\"column\" data-e-type=\"column\">\n\t\t\t<div class=\"elementor-widget-wrap elementor-element-populated\">\n\t\t\t\t\t\t<div class=\"elementor-element elementor-element-6239586 elementor-widget elementor-widget-heading\" data-id=\"6239586\" data-element_type=\"widget\" data-e-type=\"widget\" data-widget_type=\"heading.default\">\n\t\t\t\t<div class=\"elementor-widget-container\">\n\t\t\t\t\t<h4 class=\"elementor-heading-title elementor-size-default\">Kierownik Katedry<\/h4>\t\t\t\t<\/div>\n\t\t\t\t<\/div>\n\t\t\t\t\t<\/div>\n\t\t<\/div>\n\t\t\t\t<div class=\"elementor-column elementor-col-50 elementor-inner-column elementor-element elementor-element-d1d5d6a\" data-id=\"d1d5d6a\" data-element_type=\"column\" data-e-type=\"column\">\n\t\t\t<div class=\"elementor-widget-wrap elementor-element-populated\">\n\t\t\t\t\t\t<div class=\"elementor-element elementor-element-a114a1c elementor-widget elementor-widget-eael-post-list\" data-id=\"a114a1c\" data-element_type=\"widget\" data-e-type=\"widget\" data-widget_type=\"eael-post-list.default\">\n\t\t\t\t<div class=\"elementor-widget-container\">\n\t\t\t\t\t<div class=\"eael-post-list-container default layout-default\"><div class=\"eael-post-list-wrap\"><div class=\"eael-post-list-posts-wrap eael-post-appender eael-post-appender-a114a1c\"><div class=\"eael-post-list-post \"><div class=\"eael-post-list-thumbnail \"><a href=\"https:\/\/ie.uek.krakow.pl\/kmsg\/pracownicy\/dr-hab-piotr-stanek-prof-uek\/\">\n                            <img decoding=\"async\" src=\"https:\/\/ie.uek.krakow.pl\/kmsg\/wp-content\/uploads\/sites\/8\/2023\/03\/DSC_2607_Piotr-683x1024.jpg\" alt=\"\">\n                        <\/a><\/div><div class=\"eael-post-list-content\"><h2 class=\"eael-post-list-title\"><a href=\"https:\/\/ie.uek.krakow.pl\/kmsg\/pracownicy\/dr-hab-piotr-stanek-prof-uek\/\" >dr hab. Piotr Stanek, prof. UEK<\/a><\/h2><\/div><\/div><\/div><\/div>\n\t\t<\/div>\t\t\t\t<\/div>\n\t\t\t\t<\/div>\n\t\t\t\t\t<\/div>\n\t\t<\/div>\n\t\t\t\t\t<\/div>\n\t\t<\/section>\n\t\t\t\t<div class=\"elementor-element elementor-element-3b905d0 elementor-widget elementor-widget-eael-post-list\" data-id=\"3b905d0\" data-element_type=\"widget\" data-e-type=\"widget\" data-widget_type=\"eael-post-list.default\">\n\t\t\t\t<div class=\"elementor-widget-container\">\n\t\t\t\t\t<div class=\"eael-post-list-container default layout-default\"><div class=\"eael-post-list-wrap\"><div class=\"eael-post-list-posts-wrap eael-post-appender eael-post-appender-3b905d0\"><div class=\"eael-post-list-post \"><div class=\"eael-post-list-thumbnail \"><a href=\"https:\/\/ie.uek.krakow.pl\/kmsg\/pracownicy\/pracownik-1\/\">\n                            <img decoding=\"async\" src=\"https:\/\/ie.uek.krakow.pl\/kmsg\/wp-content\/uploads\/sites\/8\/2023\/02\/zdjecie.www_-e1678907391732.jpg\" alt=\"\">\n                        <\/a><\/div><div class=\"eael-post-list-content\"><h2 class=\"eael-post-list-title\"><a href=\"https:\/\/ie.uek.krakow.pl\/kmsg\/pracownicy\/pracownik-1\/\" >dr hab. Karolina Klecha-Tylec, prof. UEK<\/a><\/h2><\/div><\/div><div class=\"eael-post-list-post \"><div class=\"eael-post-list-thumbnail \"><a href=\"https:\/\/ie.uek.krakow.pl\/kmsg\/pracownicy\/dr-anna-odrobina\/\">\n                            <img decoding=\"async\" src=\"https:\/\/ie.uek.krakow.pl\/kmsg\/wp-content\/uploads\/sites\/8\/2023\/03\/A.Odrobina-1-scaled.jpg\" alt=\"\">\n                        <\/a><\/div><div class=\"eael-post-list-content\"><h2 class=\"eael-post-list-title\"><a href=\"https:\/\/ie.uek.krakow.pl\/kmsg\/pracownicy\/dr-anna-odrobina\/\" >dr Anna Odrobina<\/a><\/h2><\/div><\/div><div class=\"eael-post-list-post \"><div class=\"eael-post-list-thumbnail \"><a href=\"https:\/\/ie.uek.krakow.pl\/kmsg\/pracownicy\/dr-agnieszka-pach-gurgul\/\">\n                            <img decoding=\"async\" src=\"https:\/\/ie.uek.krakow.pl\/kmsg\/wp-content\/uploads\/sites\/8\/2024\/12\/Agnieszka-1-scaled.jpg\" alt=\"\">\n                        <\/a><\/div><div class=\"eael-post-list-content\"><h2 class=\"eael-post-list-title\"><a href=\"https:\/\/ie.uek.krakow.pl\/kmsg\/pracownicy\/dr-agnieszka-pach-gurgul\/\" >dr Agnieszka Pach-Gurgul<\/a><\/h2><\/div><\/div><div class=\"eael-post-list-post \"><div class=\"eael-post-list-thumbnail \"><a href=\"https:\/\/ie.uek.krakow.pl\/kmsg\/pracownicy\/pracownik-2\/\">\n                            <img decoding=\"async\" src=\"https:\/\/ie.uek.krakow.pl\/kmsg\/wp-content\/uploads\/sites\/8\/2023\/02\/DSC_2939_Marta-scaled.jpg\" alt=\"\">\n                        <\/a><\/div><div class=\"eael-post-list-content\"><h2 class=\"eael-post-list-title\"><a href=\"https:\/\/ie.uek.krakow.pl\/kmsg\/pracownicy\/pracownik-2\/\" >dr Marta Ulbrych<\/a><\/h2><\/div><\/div><div class=\"eael-post-list-post \"><div class=\"eael-post-list-thumbnail \"><a href=\"https:\/\/ie.uek.krakow.pl\/kmsg\/pracownicy\/pracownik-4\/\">\n                            <img decoding=\"async\" src=\"https:\/\/ie.uek.krakow.pl\/kmsg\/wp-content\/uploads\/sites\/8\/2023\/03\/J.-Swierczynska-1-scaled.jpg\" alt=\"\">\n                        <\/a><\/div><div class=\"eael-post-list-content\"><h2 class=\"eael-post-list-title\"><a href=\"https:\/\/ie.uek.krakow.pl\/kmsg\/pracownicy\/pracownik-4\/\" >dr Jowita \u015awierczy\u0144ska<\/a><\/h2><\/div><\/div><div class=\"eael-post-list-post \"><div class=\"eael-post-list-thumbnail \"><a href=\"https:\/\/ie.uek.krakow.pl\/kmsg\/pracownicy\/dr-arkadiusz-mroczek\/\">\n                            <img decoding=\"async\" src=\"https:\/\/ie.uek.krakow.pl\/kmsg\/wp-content\/uploads\/sites\/8\/2023\/03\/DSC_2691-scaled.jpg\" alt=\"\">\n                        <\/a><\/div><div class=\"eael-post-list-content\"><h2 class=\"eael-post-list-title\"><a href=\"https:\/\/ie.uek.krakow.pl\/kmsg\/pracownicy\/dr-arkadiusz-mroczek\/\" >dr Arkadiusz Mroczek<\/a><\/h2><\/div><\/div><div class=\"eael-post-list-post \"><div class=\"eael-post-list-thumbnail \"><a href=\"https:\/\/ie.uek.krakow.pl\/kmsg\/pracownicy\/dr-jakub-kwasny\/\">\n                            <img decoding=\"async\" src=\"https:\/\/ie.uek.krakow.pl\/kmsg\/wp-content\/uploads\/sites\/8\/2023\/03\/470694729_1048037973795216_4816984597775745864_n.jpg\" alt=\"\">\n                        <\/a><\/div><div class=\"eael-post-list-content\"><h2 class=\"eael-post-list-title\"><a href=\"https:\/\/ie.uek.krakow.pl\/kmsg\/pracownicy\/dr-jakub-kwasny\/\" >dr Jakub Kwa\u015bny<\/a><\/h2><\/div><\/div><div class=\"eael-post-list-post \"><div class=\"eael-post-list-thumbnail \"><a href=\"https:\/\/ie.uek.krakow.pl\/kmsg\/pracownicy\/pracownik\/\">\n                            <img decoding=\"async\" src=\"https:\/\/ie.uek.krakow.pl\/kmsg\/wp-content\/uploads\/sites\/8\/2023\/03\/DSC_2770_Jacek-Placek-scaled.jpg\" alt=\"\">\n                        <\/a><\/div><div class=\"eael-post-list-content\"><h2 class=\"eael-post-list-title\"><a href=\"https:\/\/ie.uek.krakow.pl\/kmsg\/pracownicy\/pracownik\/\" >dr Jacek Pera<\/a><\/h2><\/div><\/div><div class=\"eael-post-list-post \"><div class=\"eael-post-list-thumbnail \"><a href=\"https:\/\/ie.uek.krakow.pl\/kmsg\/pracownicy\/dr-wojciech-polan\/\">\n                            <img decoding=\"async\" src=\"https:\/\/ie.uek.krakow.pl\/kmsg\/wp-content\/uploads\/sites\/8\/2023\/10\/Wojciech-Polan-scaled.jpg\" alt=\"\">\n                        <\/a><\/div><div class=\"eael-post-list-content\"><h2 class=\"eael-post-list-title\"><a href=\"https:\/\/ie.uek.krakow.pl\/kmsg\/pracownicy\/dr-wojciech-polan\/\" >dr Wojciech Polan<\/a><\/h2><\/div><\/div><div class=\"eael-post-list-post \"><div class=\"eael-post-list-thumbnail \"><a href=\"https:\/\/ie.uek.krakow.pl\/kmsg\/pracownicy\/dr-kinga-nawracaj-grygiel\/\">\n                            <img decoding=\"async\" src=\"https:\/\/ie.uek.krakow.pl\/kmsg\/wp-content\/uploads\/sites\/8\/2024\/12\/Kinga-scaled.jpg\" alt=\"\">\n                        <\/a><\/div><div class=\"eael-post-list-content\"><h2 class=\"eael-post-list-title\"><a href=\"https:\/\/ie.uek.krakow.pl\/kmsg\/pracownicy\/dr-kinga-nawracaj-grygiel\/\" >dr Kinga Nawracaj-Grygiel<\/a><\/h2><\/div><\/div><div class=\"eael-post-list-post \"><div class=\"eael-post-list-thumbnail \"><a href=\"https:\/\/ie.uek.krakow.pl\/kmsg\/pracownicy\/dr-benedykt-olszewski\/\">\n                            <img decoding=\"async\" src=\"https:\/\/ie.uek.krakow.pl\/kmsg\/wp-content\/uploads\/sites\/8\/2022\/12\/DSC_2742-scaled.jpg\" alt=\"\">\n                        <\/a><\/div><div class=\"eael-post-list-content\"><h2 class=\"eael-post-list-title\"><a href=\"https:\/\/ie.uek.krakow.pl\/kmsg\/pracownicy\/dr-benedykt-olszewski\/\" >dr Benedykt Olszewski<\/a><\/h2><\/div><\/div><div class=\"eael-post-list-post \"><div class=\"eael-post-list-thumbnail \"><a href=\"https:\/\/ie.uek.krakow.pl\/kmsg\/pracownicy\/dr-joseph-yaw-abodakpi\/\">\n                            <img decoding=\"async\" src=\"https:\/\/ie.uek.krakow.pl\/kmsg\/wp-content\/uploads\/sites\/8\/2025\/10\/joseph.png\" alt=\"\">\n                        <\/a><\/div><div class=\"eael-post-list-content\"><h2 class=\"eael-post-list-title\"><a href=\"https:\/\/ie.uek.krakow.pl\/kmsg\/pracownicy\/dr-joseph-yaw-abodakpi\/\" >DR JOSEPH YAW ABODAKPI<\/a><\/h2><\/div><\/div><div class=\"eael-post-list-post \"><div class=\"eael-post-list-thumbnail \"><a href=\"https:\/\/ie.uek.krakow.pl\/kmsg\/pracownicy\/mgr-bartlomiej-homoncik\/\">\n                            <img decoding=\"async\" src=\"https:\/\/ie.uek.krakow.pl\/kmsg\/wp-content\/uploads\/sites\/8\/2022\/12\/B.Homoncik-1-scaled.jpg\" alt=\"\">\n                        <\/a><\/div><div class=\"eael-post-list-content\"><h2 class=\"eael-post-list-title\"><a href=\"https:\/\/ie.uek.krakow.pl\/kmsg\/pracownicy\/mgr-bartlomiej-homoncik\/\" >mgr Bart\u0142omiej Homoncik<\/a><\/h2><\/div><\/div><\/div><\/div>\n\t\t<\/div>\t\t\t\t<\/div>\n\t\t\t\t<\/div>\n\t\t\t\t\t<\/div>\n\t\t<\/div>\n\t\t\t\t\t<\/div>\n\t\t<\/section>\n\t\t\t\t<\/div>\n\t\t","protected":false},"excerpt":{"rendered":"<p>KATEDRA Mi\u0119dzynarodowych Stosunk\u00f3w Gospodarczych Kierownik Katedry dr hab. Karolina Klecha-Tylec, prof. UEK dr Wojciech Polan dr hab. Edward Molendowski, prof. UEK dr hab. Piotr Stanek, prof. UEK dr Jakub Kwa\u015bny dr Lidia Mesjasz dr Arkadiusz Mroczek dr Anna Odrobina dr Agnieszka Pach-Gurgul dr Jacek Pera dr Jowita \u015awierczy\u0144ska dr Marta Ulbrych mgr Sylwia Szko\u0142ut<\/p>\n","protected":false},"author":1,"featured_media":0,"parent":0,"menu_order":0,"comment_status":"closed","ping_status":"closed","template":"elementor_header_footer","meta":{"footnotes":""},"class_list":["post-174","page","type-page","status-publish","hentry"],"_links":{"self":[{"href":"https:\/\/ie.uek.krakow.pl\/kmsg\/wp-json\/wp\/v2\/pages\/174","targetHints":{"allow":["GET"]}}],"collection":[{"href":"https:\/\/ie.uek.krakow.pl\/kmsg\/wp-json\/wp\/v2\/pages"}],"about":[{"href":"https:\/\/ie.uek.krakow.pl\/kmsg\/wp-json\/wp\/v2\/types\/page"}],"author":[{"embeddable":true,"href":"https:\/\/ie.uek.krakow.pl\/kmsg\/wp-json\/wp\/v2\/users\/1"}],"replies":[{"embeddable":true,"href":"https:\/\/ie.uek.krakow.pl\/kmsg\/wp-json\/wp\/v2\/comments?post=174"}],"version-history":[{"count":10,"href":"https:\/\/ie.uek.krakow.pl\/kmsg\/wp-json\/wp\/v2\/pages\/174\/revisions"}],"predecessor-version":[{"id":1949,"href":"https:\/\/ie.uek.krakow.pl\/kmsg\/wp-json\/wp\/v2\/pages\/174\/revisions\/1949"}],"wp:attachment":[{"href":"https:\/\/ie.uek.krakow.pl\/kmsg\/wp-json\/wp\/v2\/media?parent=174"}],"curies":[{"name":"wp","href":"https:\/\/api.w.org\/{rel}","templated":true}]}}