{"id":88,"date":"2023-01-10T00:29:53","date_gmt":"2023-01-09T23:29:53","guid":{"rendered":"https:\/\/ie.uek.krakow.pl\/kmak\/?page_id=88"},"modified":"2023-01-10T01:05:54","modified_gmt":"2023-01-10T00:05:54","slug":"o-katedrze","status":"publish","type":"page","link":"https:\/\/ie.uek.krakow.pl\/kmak\/o-katedrze\/","title":{"rendered":"O Katedrze"},"content":{"rendered":"\t\t<div data-elementor-type=\"wp-page\" data-elementor-id=\"88\" class=\"elementor elementor-88\" data-elementor-post-type=\"page\">\n\t\t\t\t\t\t<section data-particle_enable=\"false\" data-particle-mobile-disabled=\"false\" class=\"elementor-section elementor-top-section elementor-element elementor-element-6e819ea elementor-section-boxed elementor-section-height-default elementor-section-height-default\" data-id=\"6e819ea\" data-element_type=\"section\" data-e-type=\"section\" data-settings=\"{&quot;jet_parallax_layout_list&quot;:[]}\">\n\t\t\t\t\t\t<div class=\"elementor-container elementor-column-gap-default\">\n\t\t\t\t\t<div class=\"elementor-column elementor-col-100 elementor-top-column elementor-element elementor-element-53107c4d\" data-id=\"53107c4d\" data-element_type=\"column\" data-e-type=\"column\">\n\t\t\t<div class=\"elementor-widget-wrap elementor-element-populated\">\n\t\t\t\t\t\t<div class=\"elementor-element elementor-element-4e3c83c6 elementor-widget elementor-widget-jet-headline\" data-id=\"4e3c83c6\" data-element_type=\"widget\" data-e-type=\"widget\" data-widget_type=\"jet-headline.default\">\n\t\t\t\t<div class=\"elementor-widget-container\">\n\t\t\t\t\t<h2 class=\"jet-headline jet-headline--direction-horizontal\"><span class=\"jet-headline__part jet-headline__first\"><span class=\"jet-headline__label\">Katedra <\/span><\/span><span class=\"jet-headline__space\">&nbsp;<\/span><span class=\"jet-headline__part jet-headline__second\"><span class=\"jet-headline__label\">Makroekonomii<\/span><\/span><\/h2>\t\t\t\t<\/div>\n\t\t\t\t<\/div>\n\t\t\t\t<div class=\"elementor-element elementor-element-6b1bdfe8 elementor-widget-divider--view-line elementor-invisible elementor-widget elementor-widget-divider\" data-id=\"6b1bdfe8\" data-element_type=\"widget\" data-e-type=\"widget\" data-settings=\"{&quot;_animation&quot;:&quot;fadeInLeft&quot;}\" data-widget_type=\"divider.default\">\n\t\t\t\t<div class=\"elementor-widget-container\">\n\t\t\t\t\t\t\t<div class=\"elementor-divider\">\n\t\t\t<span class=\"elementor-divider-separator\">\n\t\t\t\t\t\t<\/span>\n\t\t<\/div>\n\t\t\t\t\t\t<\/div>\n\t\t\t\t<\/div>\n\t\t\t\t<div class=\"elementor-element elementor-element-77698383 elementor-widget elementor-widget-text-editor\" data-id=\"77698383\" data-element_type=\"widget\" data-e-type=\"widget\" data-widget_type=\"text-editor.default\">\n\t\t\t\t<div class=\"elementor-widget-container\">\n\t\t\t\t\t\t\t\t\t<blockquote><h5>Katedra Makroekonomii Uniwersytetu Ekonomicznego w Krakowie mie\u015bci si\u0119 w pawilonach B i E (na trzecim pi\u0119trze) przy ul. Rakowickiej 27.<\/h5><\/blockquote><p>Obecnie w Katedrze zatrudnionych jest pi\u0119tnastu pracownik\u00f3w naukowych i jeden pracownik administracji.<\/p><p>Kierownikiem Katedry jest prof. UEK dr hab. <strong>Marek A. D\u0105browski<\/strong>.<\/p><p>Katedralnym Pe\u0142nomocnikem ds. Os\u00f3b z Niepe\u0142nosprawno\u015bci\u0105 jest dr <strong>Miros\u0142aw Raczy\u0144ski<\/strong>.<\/p><p>\u00a0<\/p>\t\t\t\t\t\t\t\t<\/div>\n\t\t\t\t<\/div>\n\t\t\t\t<div class=\"elementor-element elementor-element-d1ae8b4 elementor-widget elementor-widget-image\" data-id=\"d1ae8b4\" data-element_type=\"widget\" data-e-type=\"widget\" data-widget_type=\"image.default\">\n\t\t\t\t<div class=\"elementor-widget-container\">\n\t\t\t\t\t\t\t\t\t\t\t\t\t\t\t<img fetchpriority=\"high\" decoding=\"async\" width=\"2000\" height=\"1331\" src=\"https:\/\/ie.uek.krakow.pl\/kmak\/wp-content\/uploads\/sites\/2\/2023\/01\/zespol-kat-makroekonomia.jpg\" class=\"attachment-full size-full wp-image-109\" alt=\"\" srcset=\"https:\/\/ie.uek.krakow.pl\/kmak\/wp-content\/uploads\/sites\/2\/2023\/01\/zespol-kat-makroekonomia.jpg 2000w, https:\/\/ie.uek.krakow.pl\/kmak\/wp-content\/uploads\/sites\/2\/2023\/01\/zespol-kat-makroekonomia-300x200.jpg 300w, https:\/\/ie.uek.krakow.pl\/kmak\/wp-content\/uploads\/sites\/2\/2023\/01\/zespol-kat-makroekonomia-1024x681.jpg 1024w, https:\/\/ie.uek.krakow.pl\/kmak\/wp-content\/uploads\/sites\/2\/2023\/01\/zespol-kat-makroekonomia-768x511.jpg 768w, https:\/\/ie.uek.krakow.pl\/kmak\/wp-content\/uploads\/sites\/2\/2023\/01\/zespol-kat-makroekonomia-1536x1022.jpg 1536w, https:\/\/ie.uek.krakow.pl\/kmak\/wp-content\/uploads\/sites\/2\/2023\/01\/zespol-kat-makroekonomia-1140x759.jpg 1140w\" sizes=\"(max-width: 2000px) 100vw, 2000px\" \/>\t\t\t\t\t\t\t\t\t\t\t\t\t\t\t<\/div>\n\t\t\t\t<\/div>\n\t\t\t\t\t<\/div>\n\t\t<\/div>\n\t\t\t\t\t<\/div>\n\t\t<\/section>\n\t\t\t\t<section data-particle_enable=\"false\" data-particle-mobile-disabled=\"false\" class=\"elementor-section elementor-top-section elementor-element elementor-element-1e44830 elementor-section-boxed elementor-section-height-default elementor-section-height-default\" data-id=\"1e44830\" data-element_type=\"section\" data-e-type=\"section\" data-settings=\"{&quot;jet_parallax_layout_list&quot;:[]}\">\n\t\t\t\t\t\t<div class=\"elementor-container elementor-column-gap-default\">\n\t\t\t\t\t<div class=\"elementor-column elementor-col-100 elementor-top-column elementor-element elementor-element-9ef2bbd\" data-id=\"9ef2bbd\" data-element_type=\"column\" data-e-type=\"column\">\n\t\t\t<div class=\"elementor-widget-wrap elementor-element-populated\">\n\t\t\t\t\t\t<div class=\"elementor-element elementor-element-ea8512d elementor-widget elementor-widget-spacer\" data-id=\"ea8512d\" data-element_type=\"widget\" data-e-type=\"widget\" data-widget_type=\"spacer.default\">\n\t\t\t\t<div class=\"elementor-widget-container\">\n\t\t\t\t\t\t\t<div class=\"elementor-spacer\">\n\t\t\t<div class=\"elementor-spacer-inner\"><\/div>\n\t\t<\/div>\n\t\t\t\t\t\t<\/div>\n\t\t\t\t<\/div>\n\t\t\t\t\t<\/div>\n\t\t<\/div>\n\t\t\t\t\t<\/div>\n\t\t<\/section>\n\t\t\t\t<\/div>\n\t\t","protected":false},"excerpt":{"rendered":"<p>Katedra &nbsp;Makroekonomii Katedra Makroekonomii Uniwersytetu Ekonomicznego w Krakowie mie\u015bci si\u0119 w pawilonach B i E (na trzecim pi\u0119trze) przy ul. Rakowickiej 27. Obecnie w Katedrze zatrudnionych jest pi\u0119tnastu pracownik\u00f3w naukowych i jeden pracownik administracji. Kierownikiem Katedry jest prof. UEK dr hab. Marek A. D\u0105browski. Katedralnym Pe\u0142nomocnikem ds. Os\u00f3b z Niepe\u0142nosprawno\u015bci\u0105 jest dr Miros\u0142aw Raczy\u0144ski. \u00a0<\/p>\n","protected":false},"author":1,"featured_media":0,"parent":0,"menu_order":0,"comment_status":"closed","ping_status":"closed","template":"elementor_header_footer","meta":{"footnotes":""},"class_list":["post-88","page","type-page","status-publish","hentry"],"_links":{"self":[{"href":"https:\/\/ie.uek.krakow.pl\/kmak\/wp-json\/wp\/v2\/pages\/88","targetHints":{"allow":["GET"]}}],"collection":[{"href":"https:\/\/ie.uek.krakow.pl\/kmak\/wp-json\/wp\/v2\/pages"}],"about":[{"href":"https:\/\/ie.uek.krakow.pl\/kmak\/wp-json\/wp\/v2\/types\/page"}],"author":[{"embeddable":true,"href":"https:\/\/ie.uek.krakow.pl\/kmak\/wp-json\/wp\/v2\/users\/1"}],"replies":[{"embeddable":true,"href":"https:\/\/ie.uek.krakow.pl\/kmak\/wp-json\/wp\/v2\/comments?post=88"}],"version-history":[{"count":16,"href":"https:\/\/ie.uek.krakow.pl\/kmak\/wp-json\/wp\/v2\/pages\/88\/revisions"}],"predecessor-version":[{"id":130,"href":"https:\/\/ie.uek.krakow.pl\/kmak\/wp-json\/wp\/v2\/pages\/88\/revisions\/130"}],"wp:attachment":[{"href":"https:\/\/ie.uek.krakow.pl\/kmak\/wp-json\/wp\/v2\/media?parent=88"}],"curies":[{"name":"wp","href":"https:\/\/api.w.org\/{rel}","templated":true}]}}