{"id":1492,"date":"2025-02-05T14:37:26","date_gmt":"2025-02-05T13:37:26","guid":{"rendered":"https:\/\/ie.uek.krakow.pl\/kmak\/?page_id=1492"},"modified":"2026-02-26T14:38:21","modified_gmt":"2026-02-26T13:38:21","slug":"workshop-on-macroeconomic-research","status":"publish","type":"page","link":"https:\/\/ie.uek.krakow.pl\/kmak\/workshop-on-macroeconomic-research\/","title":{"rendered":"Workshop on Macroeconomic Research"},"content":{"rendered":"\t\t<div data-elementor-type=\"wp-page\" data-elementor-id=\"1492\" class=\"elementor elementor-1492\" data-elementor-post-type=\"page\">\n\t\t\t\t\t\t<section data-particle_enable=\"false\" data-particle-mobile-disabled=\"false\" class=\"elementor-section elementor-top-section elementor-element elementor-element-47d7899 elementor-section-boxed elementor-section-height-default elementor-section-height-default\" data-id=\"47d7899\" data-element_type=\"section\" data-e-type=\"section\" data-settings=\"{&quot;jet_parallax_layout_list&quot;:[]}\">\n\t\t\t\t\t\t<div class=\"elementor-container elementor-column-gap-default\">\n\t\t\t\t\t<div class=\"elementor-column elementor-col-100 elementor-top-column elementor-element elementor-element-27dc71a\" data-id=\"27dc71a\" data-element_type=\"column\" data-e-type=\"column\">\n\t\t\t<div class=\"elementor-widget-wrap elementor-element-populated\">\n\t\t\t\t\t\t<div class=\"elementor-element elementor-element-88e7445 elementor-widget elementor-widget-text-editor\" data-id=\"88e7445\" data-element_type=\"widget\" data-e-type=\"widget\" data-widget_type=\"text-editor.default\">\n\t\t\t\t<div class=\"elementor-widget-container\">\n\t\t\t\t\t\t\t\t\t<h4><strong>\u201eWorkshop on Macroeconomic Research\u201d to coroczna mi\u0119dzynarodowa konferencja naukowa organizowana przez Katedr\u0119 Makroekonomii Uniwersytetu Ekonomicznego w Krakowie.<\/strong><\/h4>\t\t\t\t\t\t\t\t<\/div>\n\t\t\t\t<\/div>\n\t\t\t\t\t<\/div>\n\t\t<\/div>\n\t\t\t\t\t<\/div>\n\t\t<\/section>\n\t\t\t\t<section data-particle_enable=\"false\" data-particle-mobile-disabled=\"false\" class=\"elementor-section elementor-top-section elementor-element elementor-element-3ea0def elementor-section-boxed elementor-section-height-default elementor-section-height-default\" data-id=\"3ea0def\" data-element_type=\"section\" data-e-type=\"section\" data-settings=\"{&quot;jet_parallax_layout_list&quot;:[]}\">\n\t\t\t\t\t\t<div class=\"elementor-container elementor-column-gap-default\">\n\t\t\t\t\t<div class=\"elementor-column elementor-col-100 elementor-top-column elementor-element elementor-element-d4d0d78\" data-id=\"d4d0d78\" data-element_type=\"column\" data-e-type=\"column\">\n\t\t\t<div class=\"elementor-widget-wrap elementor-element-populated\">\n\t\t\t\t\t\t<div class=\"elementor-element elementor-element-b11f37b elementor-widget elementor-widget-text-editor\" data-id=\"b11f37b\" data-element_type=\"widget\" data-e-type=\"widget\" data-widget_type=\"text-editor.default\">\n\t\t\t\t<div class=\"elementor-widget-container\">\n\t\t\t\t\t\t\t\t\t<p>Celem ka\u017cdej edycji warsztat\u00f3w jest zgromadzenie naukowc\u00f3w zajmuj\u0105cych si\u0119 makroekonomi\u0105 w celu wymiany pomys\u0142\u00f3w i promocji bada\u0144 w dziedzinie empirycznej makroekonomii.<\/p><p>Zach\u0119camy do zg\u0142aszania artyku\u0142\u00f3w badawczych dotycz\u0105cych zjawisk makroekonomicznych oraz zastosowania technik ekonometrycznych. Szczeg\u00f3lnie mile widziani s\u0105 m\u0142odzi ekonomi\u015bci, kt\u00f3rzy b\u0119d\u0105 mieli mo\u017cliwo\u015b\u0107 zaprezentowania swoich bada\u0144 przed do\u015bwiadczon\u0105 publiczno\u015bci\u0105.<\/p><p>Wi\u0119cej informacji na temat wydarzenia znajd\u0105 Pa\u0144stwo na <a href=\"https:\/\/sites.google.com\/view\/uekmacro\">stronie konferencji.<\/a><\/p>\t\t\t\t\t\t\t\t<\/div>\n\t\t\t\t<\/div>\n\t\t\t\t\t<\/div>\n\t\t<\/div>\n\t\t\t\t\t<\/div>\n\t\t<\/section>\n\t\t\t\t<\/div>\n\t\t","protected":false},"excerpt":{"rendered":"<p>\u201eWorkshop on Macroeconomic Research\u201d to coroczna mi\u0119dzynarodowa konferencja naukowa organizowana przez Katedr\u0119 Makroekonomii Uniwersytetu Ekonomicznego w Krakowie. Celem ka\u017cdej edycji warsztat\u00f3w jest zgromadzenie naukowc\u00f3w zajmuj\u0105cych si\u0119 makroekonomi\u0105 w celu wymiany pomys\u0142\u00f3w i promocji bada\u0144 w dziedzinie empirycznej makroekonomii. Zach\u0119camy do zg\u0142aszania artyku\u0142\u00f3w badawczych dotycz\u0105cych zjawisk makroekonomicznych oraz zastosowania technik ekonometrycznych. Szczeg\u00f3lnie mile widziani s\u0105 m\u0142odzi ekonomi\u015bci, kt\u00f3rzy b\u0119d\u0105 mieli mo\u017cliwo\u015b\u0107 zaprezentowania swoich bada\u0144 przed do\u015bwiadczon\u0105 publiczno\u015bci\u0105. Wi\u0119cej informacji na temat wydarzenia znajd\u0105 Pa\u0144stwo na stronie konferencji.<\/p>\n","protected":false},"author":37,"featured_media":0,"parent":0,"menu_order":0,"comment_status":"closed","ping_status":"closed","template":"","meta":{"footnotes":""},"class_list":["post-1492","page","type-page","status-publish","hentry"],"_links":{"self":[{"href":"https:\/\/ie.uek.krakow.pl\/kmak\/wp-json\/wp\/v2\/pages\/1492","targetHints":{"allow":["GET"]}}],"collection":[{"href":"https:\/\/ie.uek.krakow.pl\/kmak\/wp-json\/wp\/v2\/pages"}],"about":[{"href":"https:\/\/ie.uek.krakow.pl\/kmak\/wp-json\/wp\/v2\/types\/page"}],"author":[{"embeddable":true,"href":"https:\/\/ie.uek.krakow.pl\/kmak\/wp-json\/wp\/v2\/users\/37"}],"replies":[{"embeddable":true,"href":"https:\/\/ie.uek.krakow.pl\/kmak\/wp-json\/wp\/v2\/comments?post=1492"}],"version-history":[{"count":29,"href":"https:\/\/ie.uek.krakow.pl\/kmak\/wp-json\/wp\/v2\/pages\/1492\/revisions"}],"predecessor-version":[{"id":1882,"href":"https:\/\/ie.uek.krakow.pl\/kmak\/wp-json\/wp\/v2\/pages\/1492\/revisions\/1882"}],"wp:attachment":[{"href":"https:\/\/ie.uek.krakow.pl\/kmak\/wp-json\/wp\/v2\/media?parent=1492"}],"curies":[{"name":"wp","href":"https:\/\/api.w.org\/{rel}","templated":true}]}}