{"id":1175,"date":"2024-10-07T10:39:43","date_gmt":"2024-10-07T08:39:43","guid":{"rendered":"https:\/\/ie.uek.krakow.pl\/kmak\/?page_id=1175"},"modified":"2024-10-07T10:39:43","modified_gmt":"2024-10-07T08:39:43","slug":"klauzula-informacyjna-o-przetwarzaniu-danych-osobowych-przez-uek","status":"publish","type":"page","link":"https:\/\/ie.uek.krakow.pl\/kmak\/wyklady-online-dla-uczniow\/klauzula-informacyjna-o-przetwarzaniu-danych-osobowych-przez-uek\/","title":{"rendered":"Klauzula informacyjna o przetwarzaniu danych osobowych przez UEK"},"content":{"rendered":"\n<p><strong>INFORMACJA<\/strong><\/p>\n\n\n\n<p><strong>o przetwarzaniu danych osobowych<br>przez Uniwersytet Ekonomiczny w Krakowie<br><\/strong><br><\/p>\n\n\n\n<p>Na podstawie art. 13 (lub\/i) 14 Rozporz\u0105dzenia Parlamentu Europejskiego i Rady (UE) 2016\/679 z dnia 27 kwietnia 2016 r. &nbsp;w sprawie ochrony os\u00f3b fizycznych w zwi\u0105zku<br>z przetwarzaniem danych osobowych i w sprawie swobodnego przep\u0142ywu takich danych oraz uchylenia dyrektywy 95\/46\/WE (og\u00f3lne rozporz\u0105dzenie o ochronie danych)<br>(Dz. U. UE L.2016.119.1 z dnia 04.05.2016 r. \u2013 dalej: RODO lub Rozporz\u0105dzenie), informujemy, \u017ce:<\/p>\n\n\n\n<ol style=\"list-style-type:upper-roman\" class=\"wp-block-list\">\n<li><strong>Administrator Danych Osobowych:<\/strong><\/li>\n<\/ol>\n\n\n\n<p>Administratorem Danych Osobowych Uczestnik\u00f3w projekt\u00f3w edukacyjnych jest Uniwersytet Ekonomiczny w Krakowie (adres: ul. Rakowicka 27, 31-510 Krak\u00f3w, www.uek. krakow.pl).<\/p>\n\n\n\n<ol start=\"2\" style=\"list-style-type:upper-roman\" class=\"wp-block-list\">\n<li><strong>Inspektor Ochrony Danych:<\/strong><\/li>\n<\/ol>\n\n\n\n<p>Uczestnicy, Opiekunowie Prawni Uczestnik\u00f3w lub Opiekunowie Faktyczni Uczestnik\u00f3w \u2013 Nauczyciele mog\u0105 skontaktowa\u0107 si\u0119 z wyznaczonym przez Administratora Inspektorem Ochrony Danych w sprawach dotycz\u0105cych: przetwarzania danych osobowych, korzystania<br>z praw dotycz\u0105cych przetwarzania danych osobowych, pisz\u0105c na adres elektroniczny: iod@uek.krakow.pl<\/p>\n\n\n\n<ol start=\"3\" style=\"list-style-type:upper-roman\" class=\"wp-block-list\">\n<li><strong>Cele i podstawy prawne przetwarzania danych osobowych:<\/strong><\/li>\n<\/ol>\n\n\n\n<p>Administrator przetwarza dane osobowe w nast\u0119puj\u0105cych celach:<\/p>\n\n\n\n<ul class=\"wp-block-list\">\n<li>organizacji i realizacji projektu edukacyjnego<\/li>\n\n\n\n<li>w celach kontaktowych (ustalenia szczeg\u00f3\u0142\u00f3w organizowanego projektu<br>lub &#8211; w przypadku wyra\u017cenia zgody na przysz\u0142o\u015b\u0107: informowania o planowanych innych tego typu przedsi\u0119wzi\u0119ciach w kolejnych latach.<\/li>\n<\/ul>\n\n\n\n<p>Podstaw\u0105 prawn\u0105 przetwarzania danych osobowych Uczestnik\u00f3w projektu edukacyjnego<br>jest art. 6 ust. 1 lit. a) RODO (zgoda udzielona przez Uczestnika), art. 6 ust. 1 lit. c) RODO (realizacja obowi\u0105zk\u00f3w prawnych ci\u0105\u017c\u0105cych na Administratorze), art. 6 ust. 1 lit. e) RODO (wykonywanie zada\u0144 publicznych powierzonych Administratorowi), art. 6 ust. 1 lit. f) RODO (realizacja przez Administratora prawnie uzasadnionego interesu).<\/p>\n\n\n\n<ol start=\"4\" style=\"list-style-type:upper-roman\" class=\"wp-block-list\">\n<li><strong>Odbiorcy danych osobowych:<\/strong><\/li>\n<\/ol>\n\n\n\n<p>Zebrane dane osobowe mog\u0105 by\u0107 udost\u0119pniane podmiotom i organom publicznym uprawnionym do przetwarzania danych osobowych na podstawie przepis\u00f3w powszechnie obowi\u0105zuj\u0105cego prawa oraz podmiotom przetwarzaj\u0105cym dane osobowe na zlecenie administratora w zwi\u0105zku z wykonywaniem powierzonego im zadania. Podmioty te<br>s\u0105 zobowi\u0105zane do zachowania poufno\u015bci danych.<\/p>\n\n\n\n<p><strong>V. Okres przechowywania danych osobowych uczestnik\u00f3w:<\/strong><\/p>\n\n\n\n<p>Dane osobowe zebrane na podstawie art. 6 ust 1 lit. a) Rozporz\u0105dzenia,<br>tj. odr\u0119bnej zgody na przetwarzanie danych osobowych w ramach organizacji i realizacji Projektu b\u0119d\u0105 przetwarzane maksymalnie przez okres 3 lat od wyra\u017cenia zgody lub do czasu jej odwo\u0142ania. W przypadku wyra\u017cenia zgody na przetwarzanie danych osobowych w celu przesy\u0142ania informacji o kolejnych przedsi\u0119wzi\u0119ciach, dane b\u0119d\u0105 przetwarzane do czasu odwo\u0142ania zgody. \u201eO\u015bwiadczenia o wycofaniu zgody\u201d nale\u017cy przes\u0142a\u0107 na adres korespondencyjny Administratora danych z dopiskiem \u201eOchrona danych osobowych\u201d<br>lub na adres poczty elektronicznej: iod@uek.krakow.pl<\/p>\n\n\n\n<ol start=\"6\" style=\"list-style-type:upper-roman\" class=\"wp-block-list\">\n<li><strong>Prawa os\u00f3b, kt\u00f3rych dane dotycz\u0105:<\/strong><\/li>\n<\/ol>\n\n\n\n<p>Uczestnicy, Opiekunowie Prawni Uczestnik\u00f3w, Opiekunowie Faktyczni Uczestnik\u00f3w<br>&#8211; Nauczyciele maj\u0105 prawo do:<\/p>\n\n\n\n<ul class=\"wp-block-list\">\n<li>dost\u0119pu do swoich danych (informacji o przetwarzanych przez Administratora Danych), w tym uzyskania kopii danych.<\/li>\n\n\n\n<li>sprostowania (poprawiania danych, gdy s\u0105 niezgodne ze stanem rzeczywistym),<\/li>\n\n\n\n<li>usuni\u0119cia lub ograniczenia przetwarzania danych w przypadkach przewidzianych prawem,<\/li>\n\n\n\n<li>ponadto, w przypadku wyra\u017cenia zgody na przetwarzanie danych Uczestnicy maj\u0105 prawo do jej wycofania. Skorzystanie z prawa cofni\u0119cia zgody nie ma wp\u0142ywu<br>na zgodno\u015b\u0107 z prawem przetwarzania, kt\u00f3re mia\u0142o miejsce do momentu wycofania zgody.<\/li>\n<\/ul>\n\n\n\n<p>Zebrane dane osobowe nie podlegaj\u0105 zautomatyzowanemu podejmowaniu decyzji, w tym profilowaniu.<\/p>\n\n\n\n<p><a><\/a> Dane osobowe nie b\u0119d\u0105 przekazywane do pa\u0144stw trzecich i organizacji mi\u0119dzynarodowych.<\/p>\n\n\n\n<p>Podanie przez Pani\u0105\/Pana danych osobowych jest dobrowolne, jednak jest niezb\u0119dnym warunkiem udzia\u0142u w przygotowaniu i realizacji projektu edukacyjnego (w tym przeprowadzanej rejestracji).<\/p>\n\n\n\n<ol start=\"6\" style=\"list-style-type:upper-roman\" class=\"wp-block-list\">\n<li><strong>Instytucja nadzorcza w zakresie danych osobowych:<\/strong><\/li>\n<\/ol>\n\n\n\n<p>Organem nadzorczym w zakresie przetwarzania i ochrony danych osobowych jest Prezes Urz\u0119du Ochrony Danych Osobowych. Uczestnicy\/Opiekunowie Prawni Uczestnik\u00f3w\/Opiekunowie Faktyczni &#8211; Nauczyciele, w przypadku uznania, \u017ce przetwarzanie danych osobowych narusza przepisy Rozporz\u0105dzenia, maj\u0105 prawo wniesienia skargi do ww. organu nadzorczego.<\/p>\n","protected":false},"excerpt":{"rendered":"<p>INFORMACJA o przetwarzaniu danych osobowychprzez Uniwersytet Ekonomiczny w Krakowie Na podstawie art. 13 (lub\/i) 14 Rozporz\u0105dzenia Parlamentu Europejskiego i Rady (UE) 2016\/679 z dnia 27 kwietnia 2016 r. &nbsp;w sprawie ochrony os\u00f3b fizycznych w zwi\u0105zkuz przetwarzaniem danych osobowych i w sprawie swobodnego przep\u0142ywu takich danych oraz uchylenia dyrektywy 95\/46\/WE (og\u00f3lne rozporz\u0105dzenie o ochronie danych)(Dz. U. UE L.2016.119.1 z dnia 04.05.2016 r. \u2013 dalej: RODO lub Rozporz\u0105dzenie), informujemy, \u017ce: Administratorem Danych Osobowych Uczestnik\u00f3w projekt\u00f3w edukacyjnych jest Uniwersytet Ekonomiczny w Krakowie (adres: ul. Rakowicka 27, 31-510 Krak\u00f3w, www.uek. krakow.pl). Uczestnicy, Opiekunowie Prawni Uczestnik\u00f3w lub Opiekunowie Faktyczni Uczestnik\u00f3w \u2013 Nauczyciele mog\u0105 skontaktowa\u0107 si\u0119 z wyznaczonym przez Administratora Inspektorem Ochrony Danych w sprawach dotycz\u0105cych: przetwarzania danych osobowych, korzystaniaz praw dotycz\u0105cych przetwarzania danych osobowych, pisz\u0105c na adres elektroniczny: iod@uek.krakow.pl Administrator przetwarza dane osobowe w nast\u0119puj\u0105cych celach: Podstaw\u0105 prawn\u0105 przetwarzania danych osobowych Uczestnik\u00f3w projektu edukacyjnegojest art. 6 ust. 1 lit. a) RODO (zgoda udzielona przez Uczestnika), art. 6 ust. 1 lit. c) RODO (realizacja obowi\u0105zk\u00f3w prawnych ci\u0105\u017c\u0105cych na Administratorze), art. 6 ust. 1 lit. e) RODO (wykonywanie zada\u0144 publicznych powierzonych Administratorowi), art. 6 ust. 1 lit. f) RODO (realizacja przez Administratora prawnie uzasadnionego interesu). Zebrane dane osobowe mog\u0105 by\u0107 udost\u0119pniane podmiotom i organom publicznym uprawnionym do przetwarzania danych osobowych na podstawie przepis\u00f3w powszechnie obowi\u0105zuj\u0105cego prawa oraz podmiotom przetwarzaj\u0105cym dane osobowe na zlecenie administratora w zwi\u0105zku z wykonywaniem powierzonego im zadania. Podmioty tes\u0105 zobowi\u0105zane do zachowania poufno\u015bci danych. V. Okres przechowywania danych osobowych uczestnik\u00f3w: Dane osobowe zebrane na podstawie art. 6 ust 1 lit. a) Rozporz\u0105dzenia,tj. odr\u0119bnej zgody na przetwarzanie danych osobowych w ramach organizacji i realizacji Projektu b\u0119d\u0105 przetwarzane maksymalnie przez okres 3 lat od wyra\u017cenia zgody lub do czasu jej odwo\u0142ania. W przypadku wyra\u017cenia zgody na przetwarzanie danych osobowych w celu przesy\u0142ania informacji o kolejnych przedsi\u0119wzi\u0119ciach, dane b\u0119d\u0105 przetwarzane do czasu odwo\u0142ania zgody. \u201eO\u015bwiadczenia o wycofaniu zgody\u201d nale\u017cy przes\u0142a\u0107 na adres korespondencyjny Administratora danych z dopiskiem \u201eOchrona danych osobowych\u201dlub na adres poczty elektronicznej: iod@uek.krakow.pl Uczestnicy, Opiekunowie Prawni Uczestnik\u00f3w, Opiekunowie Faktyczni Uczestnik\u00f3w&#8211; Nauczyciele maj\u0105 prawo do: Zebrane dane osobowe nie podlegaj\u0105 zautomatyzowanemu podejmowaniu decyzji, w tym profilowaniu. Dane osobowe nie b\u0119d\u0105 przekazywane do pa\u0144stw trzecich i organizacji mi\u0119dzynarodowych. Podanie przez Pani\u0105\/Pana danych osobowych jest dobrowolne, jednak jest niezb\u0119dnym warunkiem udzia\u0142u w przygotowaniu i realizacji projektu edukacyjnego (w tym przeprowadzanej rejestracji). Organem nadzorczym w zakresie przetwarzania i ochrony danych osobowych jest Prezes Urz\u0119du Ochrony Danych Osobowych. Uczestnicy\/Opiekunowie Prawni Uczestnik\u00f3w\/Opiekunowie Faktyczni &#8211; Nauczyciele, w przypadku uznania, \u017ce przetwarzanie danych osobowych narusza przepisy Rozporz\u0105dzenia, maj\u0105 prawo wniesienia skargi do ww. organu nadzorczego.<\/p>\n","protected":false},"author":26,"featured_media":0,"parent":1164,"menu_order":0,"comment_status":"closed","ping_status":"closed","template":"","meta":{"footnotes":""},"class_list":["post-1175","page","type-page","status-publish","hentry"],"_links":{"self":[{"href":"https:\/\/ie.uek.krakow.pl\/kmak\/wp-json\/wp\/v2\/pages\/1175","targetHints":{"allow":["GET"]}}],"collection":[{"href":"https:\/\/ie.uek.krakow.pl\/kmak\/wp-json\/wp\/v2\/pages"}],"about":[{"href":"https:\/\/ie.uek.krakow.pl\/kmak\/wp-json\/wp\/v2\/types\/page"}],"author":[{"embeddable":true,"href":"https:\/\/ie.uek.krakow.pl\/kmak\/wp-json\/wp\/v2\/users\/26"}],"replies":[{"embeddable":true,"href":"https:\/\/ie.uek.krakow.pl\/kmak\/wp-json\/wp\/v2\/comments?post=1175"}],"version-history":[{"count":1,"href":"https:\/\/ie.uek.krakow.pl\/kmak\/wp-json\/wp\/v2\/pages\/1175\/revisions"}],"predecessor-version":[{"id":1176,"href":"https:\/\/ie.uek.krakow.pl\/kmak\/wp-json\/wp\/v2\/pages\/1175\/revisions\/1176"}],"up":[{"embeddable":true,"href":"https:\/\/ie.uek.krakow.pl\/kmak\/wp-json\/wp\/v2\/pages\/1164"}],"wp:attachment":[{"href":"https:\/\/ie.uek.krakow.pl\/kmak\/wp-json\/wp\/v2\/media?parent=1175"}],"curies":[{"name":"wp","href":"https:\/\/api.w.org\/{rel}","templated":true}]}}