{"id":1164,"date":"2024-10-07T10:30:29","date_gmt":"2024-10-07T08:30:29","guid":{"rendered":"https:\/\/ie.uek.krakow.pl\/kmak\/?page_id=1164"},"modified":"2025-01-21T22:48:03","modified_gmt":"2025-01-21T21:48:03","slug":"wyklady-online-dla-uczniow","status":"publish","type":"page","link":"https:\/\/ie.uek.krakow.pl\/kmak\/wyklady-online-dla-uczniow\/","title":{"rendered":"Wyk\u0142ady online dla uczni\u00f3w"},"content":{"rendered":"\t\t<div data-elementor-type=\"wp-page\" data-elementor-id=\"1164\" class=\"elementor elementor-1164\" data-elementor-post-type=\"page\">\n\t\t\t\t\t\t<section data-particle_enable=\"false\" data-particle-mobile-disabled=\"false\" class=\"elementor-section elementor-top-section elementor-element elementor-element-e7f2958 elementor-section-boxed elementor-section-height-default elementor-section-height-default\" data-id=\"e7f2958\" data-element_type=\"section\" data-e-type=\"section\" data-settings=\"{&quot;jet_parallax_layout_list&quot;:[]}\">\n\t\t\t\t\t\t<div class=\"elementor-container elementor-column-gap-default\">\n\t\t\t\t\t<div class=\"elementor-column elementor-col-100 elementor-top-column elementor-element elementor-element-6bdbdd0\" data-id=\"6bdbdd0\" data-element_type=\"column\" data-e-type=\"column\">\n\t\t\t<div class=\"elementor-widget-wrap\">\n\t\t\t\t\t\t\t<\/div>\n\t\t<\/div>\n\t\t\t\t\t<\/div>\n\t\t<\/section>\n\t\t\t\t<section data-particle_enable=\"false\" data-particle-mobile-disabled=\"false\" class=\"elementor-section elementor-top-section elementor-element elementor-element-47d7899 elementor-section-boxed elementor-section-height-default elementor-section-height-default\" data-id=\"47d7899\" data-element_type=\"section\" data-e-type=\"section\" data-settings=\"{&quot;jet_parallax_layout_list&quot;:[]}\">\n\t\t\t\t\t\t<div class=\"elementor-container elementor-column-gap-default\">\n\t\t\t\t\t<div class=\"elementor-column elementor-col-100 elementor-top-column elementor-element elementor-element-27dc71a\" data-id=\"27dc71a\" data-element_type=\"column\" data-e-type=\"column\">\n\t\t\t<div class=\"elementor-widget-wrap elementor-element-populated\">\n\t\t\t\t\t\t<div class=\"elementor-element elementor-element-88e7445 elementor-widget elementor-widget-text-editor\" data-id=\"88e7445\" data-element_type=\"widget\" data-e-type=\"widget\" data-widget_type=\"text-editor.default\">\n\t\t\t\t<div class=\"elementor-widget-container\">\n\t\t\t\t\t\t\t\t\t<h1 style=\"border: 0px;font-size: 12pt;line-height: inherit;font-family: Cambria, Georgia, serif;margin: 0px;padding: 0px;vertical-align: baseline;color: #000000 !important\">AKTUALIZACJA<\/h1><div style=\"border: 0px;font-size: 12pt;line-height: inherit;font-family: Cambria, Georgia, serif;margin: 0px;padding: 0px;vertical-align: baseline;color: #000000 !important\">\u00a0<\/div><div style=\"border: 0px;font-weight: 400;font-size: 12pt;line-height: inherit;font-family: Cambria, Georgia, serif;margin: 0px;padding: 0px;vertical-align: baseline;color: #000000 !important\">Szanowni Pa\u0144stwo,<\/div><div style=\"border: 0px;font-weight: 400;font-size: 12pt;line-height: inherit;font-family: Cambria, Georgia, serif;margin: 0px;padding: 0px;vertical-align: baseline;color: #000000 !important\">uprzejmie informujemy, \u017ce wyk\u0142ady\u00a0<b>stacjonarne<\/b>\u00a0dla uczni\u00f3w szk\u00f3\u0142 \u015brednich w dniu\u00a0<span style=\"border: 0px;font: inherit;margin: 0px;padding: 0px;vertical-align: baseline;color: #ed5c57 !important\"><b>13 lutego zostaj\u0105 ODWO\u0141ANE<\/b><\/span><\/div><ul style=\"color: #242424;font-size: 15px;font-weight: 400;list-style-type: disc\" data-editing-info=\"{&quot;applyListStyleFromLevel&quot;:true}\"><li style=\"font-family: Cambria, Georgia, serif;font-size: 12pt;color: #000000 !important\"><div style=\"border: 0px;font: inherit;margin: 0px;padding: 0px;vertical-align: baseline;color: inherit\"><i>W jaki spos\u00f3b bank centralny pr\u00f3buje kontrolowa\u0107 inflacj\u0119? mgr K. Mucha<\/i><\/div><\/li><li style=\"font-family: Cambria, Georgia, serif;font-size: 12pt;color: #000000 !important\"><div style=\"border: 0px;font: inherit;margin: 0px;padding: 0px;vertical-align: baseline;color: inherit\"><i>CBDC, czyli pieni\u0105dz przysz\u0142o\u015bci &#8211; mgr w. Jarosz<\/i><\/div><\/li><\/ul><h3>Cykl wyk\u0142ad\u00f3w otwartych online\u00a0 dla uczni\u00f3w szk\u00f3\u0142 \u015brednich pt. <em>(Nie)-ekonomicznie na Ekonomicznym, czyli co chodzi z t\u0105 ekonomi\u0105<\/em><\/h3><p>Zapraszamy uczni\u00f3w wraz z\u00a0nauczycielami oraz wszystkich zainteresowanych do skorzystania z\u00a0oferty zaj\u0119\u0107 edukacyjnych realizowanych w\u00a0trybie online i stacjonarnie*, kt\u00f3rych\u00a0 celem jest popularyzacja wiedzy na temat wsp\u00f3\u0142czesnej ekonomii i system\u00f3w spo\u0142eczno-gospodarczych i kulturowych, a tak\u017ce pomoc w zakresie zagadnie\u0144 wyst\u0119puj\u0105cych w ramach podstaw przedsi\u0119biorczo\u015bci i nauczania przedmiot\u00f3w ekonomiczno-biznesowych.<\/p><p>W trakcie wyk\u0142ad\u00f3w poruszane b\u0119d\u0105 zagadnienia zwi\u0105zane z funkcjonowaniem wsp\u00f3\u0142czesnej gospodarki (przedsi\u0119biorstwa, gospodarstwa domowe, ga\u0142\u0119zie gospodarki) oraz z szeroko poj\u0119t\u0105 ekonomi\u0105 (doch\u00f3d narodowy, inflacja, bezrobocie, przest\u0119pczo\u015b\u0107 ubezpieczeniowa i\u00a0zjawiska naszej codzienno\u015bci).<\/p><p>Wszystkie spotkania b\u0119d\u0105 prowadzone przez ekspert\u00f3w z Kolegium Ekonomii, Finans\u00f3w i Prawa.<\/p><h5><strong>Czas trwania projektu<\/strong><\/h5><p>Listopad 2024 r. \u2013 kwiecie\u0144\u00a0 2025 r. wg ustalonego harmonogramu za po\u015brednictwem platformy MS Teams.<\/p><p>Czas trwania zaj\u0119\u0107 45 minut.<\/p><h5><strong>REJESTRACJA \u00a0<\/strong><\/h5><p>Wype\u0142nij formularz rejestracji (online). Zapisy na zaj\u0119cia przyjmowane s\u0105 za <a href=\"https:\/\/ie.uek.krakow.pl\/kmak\/formularz-rejestracji\" target=\"_blank\" rel=\"noopener\"><strong>PO\u015aREDNICTWEM FORMULARZA<\/strong><\/a>, wys\u0142anego\u00a0 najp\u00f3\u017aniej na <strong>trzy dni<\/strong> przed planowanym terminem zaj\u0119\u0107.<\/p><p>Zaj\u0119cia organizowane s\u0105 w <a href=\"https:\/\/ie.uek.krakow.pl\/kmak\/wp-content\/uploads\/sites\/2\/2024\/10\/harmonogram_wyklady_uek.pdf\"><strong>terminach wyznaczonych w harmonogramie<\/strong><\/a> lub na <strong>\u017cyczenie szko\u0142y,<\/strong> po uprzednim uzgodnieniu z koordynatorem projektu.<\/p><h5><strong>Przydatne informacje i formularze<\/strong><\/h5><ul><li><a href=\"https:\/\/ie.uek.krakow.pl\/kmak\/wyklady-online-dla-uczniow\/regulamin-wykladow-otwartych\/\">Regulamin wyk\u0142ad\u00f3w otwartych<\/a><\/li><li><a href=\"https:\/\/ie.uek.krakow.pl\/kmak\/wyklady-online-dla-uczniow\/klauzula-informacyjna-o-przetwarzaniu-danych-osobowych-przez-uek\/\">Klauzula informacyjna o przetwarzaniu danych osobowych<\/a><\/li><li><a href=\"https:\/\/ie.uek.krakow.pl\/kmak\/wp-content\/uploads\/sites\/2\/2024\/10\/formularz_zgody_udzial_projekt_rodzic_opiekun.docx\">Formularz zgody na udzia\u0142 ucznia w projekcie &#8211; dla nauczyciela<\/a><\/li><\/ul><h5><strong>KONTAKT\u00a0\u00a0<\/strong><\/h5><p><strong>Karina Olesiak (koordynator projektu)\u00a0<\/strong><\/p><p>Katedra Ekonomii Stosowanej<br \/>Katedra Makroekonomii<br \/><strong>Instytut Ekonomii<\/strong>\u00a0\/ Kolegium Ekonomii,\u00a0 Finans\u00f3w i Prawa<br \/><strong>Uniwersytet Ekonomiczny w Krakowie<\/strong><\/p><p>e:\u00a0<strong>olesiakk@uek.krakow.pl<\/strong>\u00a0\u00a0w:\u00a0<a href=\"https:\/\/uek.krakow.pl\/\"><strong>uek.krakow.pl\u00a0<\/strong><\/a><br \/><strong>tel. 12 293 54 80\u00a0<br \/><\/strong><strong>tel. kom. 693\u00a0662\u00a0349<\/strong><\/p><p>*<em>Wyk\u0142ady stacjonarne realizowane b\u0119d\u0105 na Uniwersytecie Ekonomicznym w Krakowie tylko w okresie od 3.02 \u2013 21.02.2025 r. <\/em><\/p>\t\t\t\t\t\t\t\t<\/div>\n\t\t\t\t<\/div>\n\t\t\t\t\t<\/div>\n\t\t<\/div>\n\t\t\t\t\t<\/div>\n\t\t<\/section>\n\t\t\t\t<section data-particle_enable=\"false\" data-particle-mobile-disabled=\"false\" class=\"elementor-section elementor-top-section elementor-element elementor-element-223de12 elementor-section-boxed elementor-section-height-default elementor-section-height-default\" data-id=\"223de12\" data-element_type=\"section\" data-e-type=\"section\" data-settings=\"{&quot;jet_parallax_layout_list&quot;:[]}\">\n\t\t\t\t\t\t<div class=\"elementor-container elementor-column-gap-default\">\n\t\t\t\t\t<div class=\"elementor-column elementor-col-100 elementor-top-column elementor-element elementor-element-d69c270\" data-id=\"d69c270\" data-element_type=\"column\" data-e-type=\"column\">\n\t\t\t<div class=\"elementor-widget-wrap\">\n\t\t\t\t\t\t\t<\/div>\n\t\t<\/div>\n\t\t\t\t\t<\/div>\n\t\t<\/section>\n\t\t\t\t<\/div>\n\t\t","protected":false},"excerpt":{"rendered":"<p>AKTUALIZACJA \u00a0Szanowni Pa\u0144stwo,uprzejmie informujemy, \u017ce wyk\u0142ady\u00a0stacjonarne\u00a0dla uczni\u00f3w szk\u00f3\u0142 \u015brednich w dniu\u00a013 lutego zostaj\u0105 ODWO\u0141ANE W jaki spos\u00f3b bank centralny pr\u00f3buje kontrolowa\u0107 inflacj\u0119? mgr K. Mucha CBDC, czyli pieni\u0105dz przysz\u0142o\u015bci &#8211; mgr w. Jarosz Cykl wyk\u0142ad\u00f3w otwartych online\u00a0 dla uczni\u00f3w szk\u00f3\u0142 \u015brednich pt. (Nie)-ekonomicznie na Ekonomicznym, czyli co chodzi z t\u0105 ekonomi\u0105 Zapraszamy uczni\u00f3w wraz z\u00a0nauczycielami oraz wszystkich zainteresowanych do skorzystania z\u00a0oferty zaj\u0119\u0107 edukacyjnych realizowanych w\u00a0trybie online i stacjonarnie*, kt\u00f3rych\u00a0 celem jest popularyzacja wiedzy na temat wsp\u00f3\u0142czesnej ekonomii i system\u00f3w spo\u0142eczno-gospodarczych i kulturowych, a tak\u017ce pomoc w zakresie zagadnie\u0144 wyst\u0119puj\u0105cych w ramach podstaw przedsi\u0119biorczo\u015bci i nauczania przedmiot\u00f3w ekonomiczno-biznesowych. W trakcie wyk\u0142ad\u00f3w poruszane b\u0119d\u0105 zagadnienia zwi\u0105zane z funkcjonowaniem wsp\u00f3\u0142czesnej gospodarki (przedsi\u0119biorstwa, gospodarstwa domowe, ga\u0142\u0119zie gospodarki) oraz z szeroko poj\u0119t\u0105 ekonomi\u0105 (doch\u00f3d narodowy, inflacja, bezrobocie, przest\u0119pczo\u015b\u0107 ubezpieczeniowa i\u00a0zjawiska naszej codzienno\u015bci). Wszystkie spotkania b\u0119d\u0105 prowadzone przez ekspert\u00f3w z Kolegium Ekonomii, Finans\u00f3w i Prawa. Czas trwania projektu Listopad 2024 r. \u2013 kwiecie\u0144\u00a0 2025 r. wg ustalonego harmonogramu za po\u015brednictwem platformy MS Teams. Czas trwania zaj\u0119\u0107 45 minut. REJESTRACJA \u00a0 Wype\u0142nij formularz rejestracji (online). Zapisy na zaj\u0119cia przyjmowane s\u0105 za PO\u015aREDNICTWEM FORMULARZA, wys\u0142anego\u00a0 najp\u00f3\u017aniej na trzy dni przed planowanym terminem zaj\u0119\u0107. Zaj\u0119cia organizowane s\u0105 w terminach wyznaczonych w harmonogramie lub na \u017cyczenie szko\u0142y, po uprzednim uzgodnieniu z koordynatorem projektu. Przydatne informacje i formularze Regulamin wyk\u0142ad\u00f3w otwartych Klauzula informacyjna o przetwarzaniu danych osobowych Formularz zgody na udzia\u0142 ucznia w projekcie &#8211; dla nauczyciela KONTAKT\u00a0\u00a0 Karina Olesiak (koordynator projektu)\u00a0 Katedra Ekonomii StosowanejKatedra MakroekonomiiInstytut Ekonomii\u00a0\/ Kolegium Ekonomii,\u00a0 Finans\u00f3w i PrawaUniwersytet Ekonomiczny w Krakowie e:\u00a0olesiakk@uek.krakow.pl\u00a0\u00a0w:\u00a0uek.krakow.pl\u00a0tel. 12 293 54 80\u00a0tel. kom. 693\u00a0662\u00a0349 *Wyk\u0142ady stacjonarne realizowane b\u0119d\u0105 na Uniwersytecie Ekonomicznym w Krakowie tylko w okresie od 3.02 \u2013 21.02.2025 r.<\/p>\n","protected":false},"author":26,"featured_media":0,"parent":0,"menu_order":0,"comment_status":"closed","ping_status":"closed","template":"","meta":{"footnotes":""},"class_list":["post-1164","page","type-page","status-publish","hentry"],"_links":{"self":[{"href":"https:\/\/ie.uek.krakow.pl\/kmak\/wp-json\/wp\/v2\/pages\/1164","targetHints":{"allow":["GET"]}}],"collection":[{"href":"https:\/\/ie.uek.krakow.pl\/kmak\/wp-json\/wp\/v2\/pages"}],"about":[{"href":"https:\/\/ie.uek.krakow.pl\/kmak\/wp-json\/wp\/v2\/types\/page"}],"author":[{"embeddable":true,"href":"https:\/\/ie.uek.krakow.pl\/kmak\/wp-json\/wp\/v2\/users\/26"}],"replies":[{"embeddable":true,"href":"https:\/\/ie.uek.krakow.pl\/kmak\/wp-json\/wp\/v2\/comments?post=1164"}],"version-history":[{"count":58,"href":"https:\/\/ie.uek.krakow.pl\/kmak\/wp-json\/wp\/v2\/pages\/1164\/revisions"}],"predecessor-version":[{"id":1456,"href":"https:\/\/ie.uek.krakow.pl\/kmak\/wp-json\/wp\/v2\/pages\/1164\/revisions\/1456"}],"wp:attachment":[{"href":"https:\/\/ie.uek.krakow.pl\/kmak\/wp-json\/wp\/v2\/media?parent=1164"}],"curies":[{"name":"wp","href":"https:\/\/api.w.org\/{rel}","templated":true}]}}