{"id":88,"date":"2023-02-19T00:19:19","date_gmt":"2023-02-18T23:19:19","guid":{"rendered":"https:\/\/ie.uek.krakow.pl\/ke\/?page_id=88"},"modified":"2023-07-14T10:20:45","modified_gmt":"2023-07-14T08:20:45","slug":"o-katedrze","status":"publish","type":"page","link":"https:\/\/ie.uek.krakow.pl\/khz\/o-katedrze\/","title":{"rendered":"O Katedrze"},"content":{"rendered":"\t\t<div data-elementor-type=\"wp-page\" data-elementor-id=\"88\" class=\"elementor elementor-88\" data-elementor-post-type=\"page\">\n\t\t\t\t\t\t<section data-particle_enable=\"false\" data-particle-mobile-disabled=\"false\" class=\"elementor-section elementor-top-section elementor-element elementor-element-4ca67fb elementor-section-boxed elementor-section-height-default elementor-section-height-default\" data-id=\"4ca67fb\" data-element_type=\"section\" data-e-type=\"section\" data-settings=\"{&quot;jet_parallax_layout_list&quot;:[]}\">\n\t\t\t\t\t\t<div class=\"elementor-container elementor-column-gap-default\">\n\t\t\t\t\t<div class=\"elementor-column elementor-col-100 elementor-top-column elementor-element elementor-element-22e0d310\" data-id=\"22e0d310\" data-element_type=\"column\" data-e-type=\"column\">\n\t\t\t<div class=\"elementor-widget-wrap elementor-element-populated\">\n\t\t\t\t\t\t<div class=\"elementor-element elementor-element-7c047738 elementor-widget elementor-widget-jet-headline\" data-id=\"7c047738\" data-element_type=\"widget\" data-e-type=\"widget\" data-widget_type=\"jet-headline.default\">\n\t\t\t\t<div class=\"elementor-widget-container\">\n\t\t\t\t\t<h2 class=\"jet-headline jet-headline--direction-horizontal\"><span class=\"jet-headline__part jet-headline__first\"><span class=\"jet-headline__label\">Katedra <\/span><\/span><span class=\"jet-headline__space\">&nbsp;<\/span><span class=\"jet-headline__part jet-headline__second\"><span class=\"jet-headline__label\">Handlu Zagranicznego<\/span><\/span><\/h2>\t\t\t\t<\/div>\n\t\t\t\t<\/div>\n\t\t\t\t<div class=\"elementor-element elementor-element-27706e0c elementor-widget-divider--view-line elementor-invisible elementor-widget elementor-widget-divider\" data-id=\"27706e0c\" data-element_type=\"widget\" data-e-type=\"widget\" data-settings=\"{&quot;_animation&quot;:&quot;fadeInLeft&quot;}\" data-widget_type=\"divider.default\">\n\t\t\t\t<div class=\"elementor-widget-container\">\n\t\t\t\t\t\t\t<div class=\"elementor-divider\">\n\t\t\t<span class=\"elementor-divider-separator\">\n\t\t\t\t\t\t<\/span>\n\t\t<\/div>\n\t\t\t\t\t\t<\/div>\n\t\t\t\t<\/div>\n\t\t\t\t<div class=\"elementor-element elementor-element-64fa2182 elementor-widget elementor-widget-text-editor\" data-id=\"64fa2182\" data-element_type=\"widget\" data-e-type=\"widget\" data-widget_type=\"text-editor.default\">\n\t\t\t\t<div class=\"elementor-widget-container\">\n\t\t\t\t\t\t\t\t\t<blockquote><h5>Zal\u0105\u017ckiem powstania Katedry Handlu Zagranicznego by\u0142o utworzenie w po\u0142owie 1969 r., w ramach Instytutu Obrotu Towarowego na \u00f3wczesnym Wydziale Ekonomiki Obrotu, Zak\u0142adu Ekonomiki i Organizacji Handlu Zagranicznego. W 1973 r., Zak\u0142ad Handlu Zagranicznego zosta\u0142 przeniesiony na Wydzia\u0142 Ekonomiki Produkcji, staj\u0105c si\u0119 cz\u0119\u015bci\u0105 nowo otwartego Instytutu Mi\u0119dzynarodowych Stosunk\u00f3w Spo\u0142eczno-Ekonomicznych, kt\u00f3rego kierownikiem by\u0142 Profesor Bogus\u0142aw Jasi\u0144ski. Od samego pocz\u0105tku, Zak\u0142adem Handlu Zagranicznego kierowa\u0142 doc. dr Stanis\u0142aw Chociej.<\/h5><\/blockquote>\t\t\t\t\t\t\t\t<\/div>\n\t\t\t\t<\/div>\n\t\t\t\t<div class=\"elementor-element elementor-element-c078210 elementor-widget elementor-widget-text-editor\" data-id=\"c078210\" data-element_type=\"widget\" data-e-type=\"widget\" data-widget_type=\"text-editor.default\">\n\t\t\t\t<div class=\"elementor-widget-container\">\n\t\t\t\t\t\t\t\t\t<div class=\"entry-content\"><p>W 1988 r. na czele Zak\u0142adu stan\u0105\u0142 dr hab. Stanis\u0142aw Wydymus, kt\u00f3ry z dniem 1 kwietnia\u00a01992 r., w ramach reorganizacji ca\u0142ej Uczelni, obj\u0105\u0142 kierownictwo w utworzonej\u00a0w\u00f3wczas Katedrze Handlu Zagranicznego, a w 1993 r. uzyska\u0142 tytu\u0142 profesora.<\/p><p>Po zmianie struktury organizacyjnej Uczelni, kt\u00f3ra zosta\u0142a przeprowadzona w mi\u0119dzyczasie, Katedra Handlu Zagranicznego znalaz\u0142a si\u0119 na Wydziale Ekonomii i Stosunk\u00f3w Mi\u0119dzynarodowych (kt\u00f3ry w latach 1992-2002 nosi\u0142 nazw\u0119 Wydzia\u0142u Ekonomii).<\/p><p>Od 1992 r. Katedra sprawuje opiek\u0119 merytoryczn\u0105 nad specjalno\u015bci\u0105 <em>handel zagraniczny<\/em>, kt\u00f3ra najpierw funkcjonowa\u0142a w ramach kierunku <em>mi\u0119dzynarodowe stosunki gospodarcze i polityczne<\/em>, nast\u0119pnie <em>stosunki mi\u0119dzynarodowe<\/em>, a aktualnie M<em>i\u0119dzynarodowe Stosunki Gospodarcze<\/em>.<\/p><p>Po 25-latach kierowania Katedr\u0105, prof. zw. dr hab. Stanis\u0142aw Wydymus wskaza\u0142 na swojego nast\u0119pc\u0119 prof. dr. hab. Krzysztofa Wacha, kt\u00f3ry z dniem 1 wrze\u015bnia 2016 r. zosta\u0142 powo\u0142any przez JM Rektora na stanowisko Kierownika Katedry Handlu Zagranicznego.<\/p><\/div>\t\t\t\t\t\t\t\t<\/div>\n\t\t\t\t<\/div>\n\t\t\t\t<div class=\"elementor-element elementor-element-7c7342c elementor-widget elementor-widget-image\" data-id=\"7c7342c\" data-element_type=\"widget\" data-e-type=\"widget\" data-widget_type=\"image.default\">\n\t\t\t\t<div class=\"elementor-widget-container\">\n\t\t\t\t\t\t\t\t\t\t\t\t\t\t\t<img decoding=\"async\" src=\"https:\/\/ie.uek.krakow.pl\/ke\/wp-content\/uploads\/sites\/3\/2023\/02\/placeholder-1.png\" title=\"\" alt=\"\" loading=\"lazy\" \/>\t\t\t\t\t\t\t\t\t\t\t\t\t\t\t<\/div>\n\t\t\t\t<\/div>\n\t\t\t\t\t<\/div>\n\t\t<\/div>\n\t\t\t\t\t<\/div>\n\t\t<\/section>\n\t\t\t\t<\/div>\n\t\t","protected":false},"excerpt":{"rendered":"<p>Katedra &nbsp;Handlu Zagranicznego \/*! elementor &#8211; v3.14.0 &#8211; 26-06-2023 *\/ .elementor-widget-divider{&#8211;divider-border-style:none;&#8211;divider-border-width:1px;&#8211;divider-color:#0c0d0e;&#8211;divider-icon-size:20px;&#8211;divider-element-spacing:10px;&#8211;divider-pattern-height:24px;&#8211;divider-pattern-size:20px;&#8211;divider-pattern-url:none;&#8211;divider-pattern-repeat:repeat-x}.elementor-widget-divider .elementor-divider{display:flex}.elementor-widget-divider .elementor-divider__text{font-size:15px;line-height:1;max-width:95%}.elementor-widget-divider .elementor-divider__element{margin:0 var(&#8211;divider-element-spacing);flex-shrink:0}.elementor-widget-divider .elementor-icon{font-size:var(&#8211;divider-icon-size)}.elementor-widget-divider .elementor-divider-separator{display:flex;margin:0;direction:ltr}.elementor-widget-divider&#8211;view-line_icon .elementor-divider-separator,.elementor-widget-divider&#8211;view-line_text .elementor-divider-separator{align-items:center}.elementor-widget-divider&#8211;view-line_icon .elementor-divider-separator:after,.elementor-widget-divider&#8211;view-line_icon .elementor-divider-separator:before,.elementor-widget-divider&#8211;view-line_text .elementor-divider-separator:after,.elementor-widget-divider&#8211;view-line_text .elementor-divider-separator:before{display:block;content:&#8221;&#8221;;border-bottom:0;flex-grow:1;border-top:var(&#8211;divider-border-width) var(&#8211;divider-border-style) var(&#8211;divider-color)}.elementor-widget-divider&#8211;element-align-left .elementor-divider .elementor-divider-separator&gt;.elementor-divider__svg:first-of-type{flex-grow:0;flex-shrink:100}.elementor-widget-divider&#8211;element-align-left .elementor-divider-separator:before{content:none}.elementor-widget-divider&#8211;element-align-left .elementor-divider__element{margin-left:0}.elementor-widget-divider&#8211;element-align-right .elementor-divider .elementor-divider-separator&gt;.elementor-divider__svg:last-of-type{flex-grow:0;flex-shrink:100}.elementor-widget-divider&#8211;element-align-right .elementor-divider-separator:after{content:none}.elementor-widget-divider&#8211;element-align-right .elementor-divider__element{margin-right:0}.elementor-widget-divider:not(.elementor-widget-divider&#8211;view-line_text):not(.elementor-widget-divider&#8211;view-line_icon) .elementor-divider-separator{border-top:var(&#8211;divider-border-width) var(&#8211;divider-border-style) var(&#8211;divider-color)}.elementor-widget-divider&#8211;separator-type-pattern{&#8211;divider-border-style:none}.elementor-widget-divider&#8211;separator-type-pattern.elementor-widget-divider&#8211;view-line .elementor-divider-separator,.elementor-widget-divider&#8211;separator-type-pattern:not(.elementor-widget-divider&#8211;view-line) .elementor-divider-separator:after,.elementor-widget-divider&#8211;separator-type-pattern:not(.elementor-widget-divider&#8211;view-line) .elementor-divider-separator:before,.elementor-widget-divider&#8211;separator-type-pattern:not([class*=elementor-widget-divider&#8211;view]) .elementor-divider-separator{width:100%;min-height:var(&#8211;divider-pattern-height);-webkit-mask-size:var(&#8211;divider-pattern-size) 100%;mask-size:var(&#8211;divider-pattern-size) 100%;-webkit-mask-repeat:var(&#8211;divider-pattern-repeat);mask-repeat:var(&#8211;divider-pattern-repeat);background-color:var(&#8211;divider-color);-webkit-mask-image:var(&#8211;divider-pattern-url);mask-image:var(&#8211;divider-pattern-url)}.elementor-widget-divider&#8211;no-spacing{&#8211;divider-pattern-size:auto}.elementor-widget-divider&#8211;bg-round{&#8211;divider-pattern-repeat:round}.rtl .elementor-widget-divider .elementor-divider__text{direction:rtl}.e-con-inner&gt;.elementor-widget-divider,.e-con&gt;.elementor-widget-divider{width:var(&#8211;container-widget-width,100%);&#8211;flex-grow:var(&#8211;container-widget-flex-grow)} Zal\u0105\u017ckiem powstania Katedry Handlu Zagranicznego by\u0142o utworzenie w po\u0142owie 1969 r., w ramach Instytutu Obrotu Towarowego na \u00f3wczesnym Wydziale Ekonomiki Obrotu, Zak\u0142adu Ekonomiki i Organizacji Handlu Zagranicznego. W 1973 r., Zak\u0142ad Handlu Zagranicznego zosta\u0142 przeniesiony na Wydzia\u0142 Ekonomiki Produkcji, staj\u0105c si\u0119 cz\u0119\u015bci\u0105 nowo otwartego Instytutu Mi\u0119dzynarodowych Stosunk\u00f3w Spo\u0142eczno-Ekonomicznych, kt\u00f3rego kierownikiem by\u0142 Profesor Bogus\u0142aw Jasi\u0144ski. Od samego pocz\u0105tku, Zak\u0142adem Handlu Zagranicznego kierowa\u0142 doc. dr Stanis\u0142aw Chociej. W 1988 r. na czele Zak\u0142adu stan\u0105\u0142 dr hab. Stanis\u0142aw Wydymus, kt\u00f3ry z dniem 1 kwietnia\u00a01992 r., w ramach reorganizacji ca\u0142ej Uczelni, obj\u0105\u0142 kierownictwo w utworzonej\u00a0w\u00f3wczas Katedrze Handlu Zagranicznego, a w 1993 r. uzyska\u0142 tytu\u0142 profesora. Po zmianie struktury organizacyjnej Uczelni, kt\u00f3ra zosta\u0142a przeprowadzona w mi\u0119dzyczasie, Katedra Handlu Zagranicznego znalaz\u0142a si\u0119 na Wydziale Ekonomii i Stosunk\u00f3w Mi\u0119dzynarodowych (kt\u00f3ry w latach 1992-2002 nosi\u0142 nazw\u0119 Wydzia\u0142u Ekonomii). Od 1992 r. Katedra sprawuje opiek\u0119 merytoryczn\u0105 nad specjalno\u015bci\u0105 handel zagraniczny, kt\u00f3ra najpierw funkcjonowa\u0142a w ramach kierunku mi\u0119dzynarodowe stosunki gospodarcze i polityczne, nast\u0119pnie stosunki mi\u0119dzynarodowe, a aktualnie Mi\u0119dzynarodowe Stosunki Gospodarcze. Po 25-latach kierowania Katedr\u0105, prof. zw. dr hab. Stanis\u0142aw Wydymus wskaza\u0142 na swojego nast\u0119pc\u0119 prof. dr. hab. Krzysztofa Wacha, kt\u00f3ry z dniem 1 wrze\u015bnia 2016 r. zosta\u0142 powo\u0142any przez JM Rektora na stanowisko Kierownika Katedry Handlu Zagranicznego. \/*! elementor &#8211; v3.14.0 &#8211; 26-06-2023 *\/ .elementor-widget-image{text-align:center}.elementor-widget-image a{display:inline-block}.elementor-widget-image a img[src$=&#8221;.svg&#8221;]{width:48px}.elementor-widget-image img{vertical-align:middle;display:inline-block}<\/p>\n","protected":false},"author":1,"featured_media":0,"parent":0,"menu_order":0,"comment_status":"closed","ping_status":"closed","template":"elementor_header_footer","meta":{"footnotes":""},"class_list":["post-88","page","type-page","status-publish","hentry"],"_links":{"self":[{"href":"https:\/\/ie.uek.krakow.pl\/khz\/wp-json\/wp\/v2\/pages\/88","targetHints":{"allow":["GET"]}}],"collection":[{"href":"https:\/\/ie.uek.krakow.pl\/khz\/wp-json\/wp\/v2\/pages"}],"about":[{"href":"https:\/\/ie.uek.krakow.pl\/khz\/wp-json\/wp\/v2\/types\/page"}],"author":[{"embeddable":true,"href":"https:\/\/ie.uek.krakow.pl\/khz\/wp-json\/wp\/v2\/users\/1"}],"replies":[{"embeddable":true,"href":"https:\/\/ie.uek.krakow.pl\/khz\/wp-json\/wp\/v2\/comments?post=88"}],"version-history":[{"count":12,"href":"https:\/\/ie.uek.krakow.pl\/khz\/wp-json\/wp\/v2\/pages\/88\/revisions"}],"predecessor-version":[{"id":1514,"href":"https:\/\/ie.uek.krakow.pl\/khz\/wp-json\/wp\/v2\/pages\/88\/revisions\/1514"}],"wp:attachment":[{"href":"https:\/\/ie.uek.krakow.pl\/khz\/wp-json\/wp\/v2\/media?parent=88"}],"curies":[{"name":"wp","href":"https:\/\/api.w.org\/{rel}","templated":true}]}}