{"id":1983,"date":"2025-05-22T14:51:30","date_gmt":"2025-05-22T12:51:30","guid":{"rendered":"https:\/\/ie.uek.krakow.pl\/khz\/?page_id=1983"},"modified":"2025-05-22T14:54:39","modified_gmt":"2025-05-22T12:54:39","slug":"deklaracja-dostepnosci","status":"publish","type":"page","link":"https:\/\/ie.uek.krakow.pl\/khz\/deklaracja-dostepnosci\/","title":{"rendered":"Deklaracja dost\u0119pno\u015bci"},"content":{"rendered":"\n<h2 class=\"wp-block-heading\" id=\"institution-info\">Podstawowe dane podmiotu<\/h2>\n\n\n\n<p><strong>Katedra Handlu Zagranicznego<\/strong> zobowi\u0105zuje si\u0119 zapewni\u0107 dost\u0119pno\u015b\u0107 swojej strony internetowej zgodnie z przepisami ustawy z dnia 4 kwietnia 2019 r. o dost\u0119pno\u015bci cyfrowej stron internetowych i aplikacji mobilnych podmiot\u00f3w publicznych.<\/p>\n\n\n\n<p>O\u015bwiadczenie w sprawie dost\u0119pno\u015bci ma zastosowanie do strony internetowej: <a href=\"https:\/\/ie.uek.krakow.pl\/khz\" target=\"_blank\" rel=\"noreferrer noopener\">https:\/\/ie.uek.krakow.pl\/khz<\/a><\/p>\n\n\n\n<p id=\"a11y-data-publikacja\"><strong>Data publikacji strony internetowej:<\/strong> 2023-04-11<\/p>\n\n\n\n<p id=\"a11y-data-aktualizacja\"><strong>Data ostatniej istotnej aktualizacji:<\/strong> 2025-05-22<\/p>\n\n\n\n<h2 class=\"wp-block-heading\" id=\"accessibility-status\">Stan dost\u0119pno\u015bci cyfrowej<\/h2>\n\n\n\n<p>Strona internetowa jest <strong>Cz\u0119\u015bciowo zgodna<\/strong> z ustaw\u0105 z dnia 4 kwietnia 2019 r. o dost\u0119pno\u015bci cyfrowej stron internetowych i aplikacji mobilnych podmiot\u00f3w publicznych z powodu niezgodno\u015bci lub wy\u0142\u0105cze\u0144 wymienionych poni\u017cej.<\/p>\n\n\n\n<h3 class=\"wp-block-heading\">Powody niezgodno\u015bci<\/h3>\n\n\n\n<ul class=\"wp-block-list\">\n<li>Niedost\u0119pne wybrane elementy i tre\u015bci<\/li>\n\n\n\n<li>Wykorzystanie t\u0142umacza j\u0119zyka migowego przez strony internetowe i\/lub aplikacje (t\u0142umaczenie online)<\/li>\n\n\n\n<li>Brak nagrania tre\u015bci w polskim j\u0119zyku migowym (PJM) w postaci pliku wideo<\/li>\n\n\n\n<li>Brak poszerzonych opis\u00f3w przy z\u0142o\u017conych elementach graficznych<\/li>\n\n\n\n<li>Multimedia nie posiadaj\u0105 audiodeskrypcji<\/li>\n\n\n\n<li>Elementy niekt\u00f3rych formularzy nie maj\u0105 etykiet tekstowych<\/li>\n\n\n\n<li>Niekt\u00f3re strony mog\u0105 nie posiada\u0107 nag\u0142\u00f3wka H1<\/li>\n\n\n\n<li>Cz\u0119\u015b\u0107 dokument\u00f3w do pobrania ma posta\u0107 skan\u00f3w<\/li>\n\n\n\n<li>Du\u017ca cz\u0119\u015b\u0107 dokument\u00f3w do pobrania nie posiada informacji o rozmiarze i formacie<\/li>\n\n\n\n<li>Materia\u0142y filmowe, animowane i d\u017awi\u0119kowe nie posiadaj\u0105 opis\u00f3w tekstowych, napis\u00f3w i audiodeskrypcji<\/li>\n\n\n\n<li>Tre\u015bci wygl\u0105daj\u0105ce jak listy element\u00f3w nie s\u0105 zdefiniowane w kodzie strony<\/li>\n<\/ul>\n\n\n\n<h3 class=\"wp-block-heading\">Wy\u0142\u0105czenia<\/h3>\n\n\n\n<ul class=\"wp-block-list\">\n<li>Dokumenty opublikowane przed 23 wrze\u015bnia 2018 roku zosta\u0142y wy\u0142\u0105czone z obowi\u0105zku zapewnienia dost\u0119pno\u015bci, chyba, \u017ce ich zawarto\u015b\u0107 jest niezb\u0119dna do realizacji bie\u017c\u0105cych zada\u0144 podmiotu<\/li>\n\n\n\n<li>Mapy zosta\u0142y wy\u0142\u0105czone z obowi\u0105zku zapewnienia dost\u0119pno\u015bci<\/li>\n\n\n\n<li>Tre\u015bci archiwalne nie wykorzystywane do bie\u017c\u0105cych zada\u0144 podmiotu opublikowane przed 23 wrze\u015bnia 2019 roku i nie poddawane od tego czasu przebudowom i zmianom zosta\u0142y wy\u0142\u0105czone z obowi\u0105zku zapewnienia dost\u0119pno\u015bci<\/li>\n\n\n\n<li>Tre\u015bci b\u0119d\u0105cych w posiadaniu podmiotu, kt\u00f3re nie zosta\u0142y przez niego lub na jego rzecz wytworzone albo przez niego nabyte, albo kt\u00f3rych dostosowanie do wymaga\u0144 dost\u0119pno\u015bci cyfrowej wymaga modyfikacji, do kt\u00f3rej ten podmiot nie jest uprawniony, zosta\u0142y wy\u0142\u0105czone z obowi\u0105zku zapewnienia dost\u0119pno\u015bci<\/li>\n<\/ul>\n\n\n\n<h2 class=\"wp-block-heading\" id=\"declaration-prep\">Przygotowanie deklaracji dost\u0119pno\u015bci<\/h2>\n\n\n\n<p><strong>Data sporz\u0105dzenia deklaracji:<\/strong> 2025-05-22<\/p>\n\n\n\n<p><strong>Data ostatniego przegl\u0105du deklaracji:<\/strong> 2025-05-22<\/p>\n\n\n\n<p><strong>Deklaracja zosta\u0142a sporz\u0105dzona na podstawie:<\/strong> samooceny przeprowadzonej przez podmiot publiczny<\/p>\n\n\n\n<h2 class=\"wp-block-heading\" id=\"keyboard-shortcuts\">Skr\u00f3ty klawiszowe<\/h2>\n\n\n\n<p>Na stronie internetowej mo\u017cna u\u017cywa\u0107 standardowych skr\u00f3t\u00f3w klawiszowych przegl\u0105darki. Do w\u0142a\u015bciwej tre\u015bci na stronie (skiplink) mo\u017cna si\u0119 przenie\u015b\u0107 za pomoc\u0105 klawisza &#8222;TAB&#8221;.<\/p>\n\n\n\n<h2 class=\"wp-block-heading\" id=\"contact-info\">Informacje zwrotne i dane kontaktowe<\/h2>\n\n\n\n<p><strong>Osob\u0105 kontaktow\u0105 w sprawach zwi\u0105zanych z dost\u0119pno\u015bci\u0105 tej strony internetowej jest:<\/strong> Krystian Bigos<\/p>\n\n\n\n<p><strong>Email kontaktowy:<\/strong> <a href=\"mailto:bigosk@uek.krakow.pl\">bigosk@uek.krakow.pl<\/a><\/p>\n\n\n\n<p><strong>Numer telefonu:<\/strong> <a href=\"tel:+48 293 55 04\">+48 293 55 04<\/a><\/p>\n\n\n\n<p><strong>Kontakt dla os\u00f3b nies\u0142ysz\u0105cych w Polskim j\u0119zyku migowym:<\/strong> tel. +48 881 921 211 (TYLKO SMS), PO\u0141\u0104CZENIE VIDEO<\/p>\n\n\n\n<p>Ka\u017cdy ma prawo do wyst\u0105pienia z \u017c\u0105daniem zapewnienia dost\u0119pno\u015bci cyfrowej strony internetowej, aplikacji mobilnej lub jakiego\u015b ich elementu. Mo\u017cna tak\u017ce za\u017c\u0105da\u0107 udost\u0119pnienia informacji za pomoc\u0105 alternatywnego sposobu dost\u0119pu.<\/p>\n\n\n\n<h2 class=\"wp-block-heading\" id=\"information-deaf\">Przygotowanie deklaracji dost\u0119pno\u015bci<\/h2>\n\n\n\n<p>T\u0105 sam\u0105 drog\u0105 mo\u017cna sk\u0142ada\u0107 wnioski o udost\u0119pnienie informacji niedost\u0119pnej oraz sk\u0142ada\u0107 \u017c\u0105dania zapewnienia dost\u0119pno\u015bci.<\/p>\n\n\n\n<p>Kontakt dla os\u00f3b nies\u0142ysz\u0105cych w Polskim j\u0119zyku migowym \u2013 tel. <a href=\"tel:+48881921211\">+48 881 921 211<\/a> (TYLKO SMS), PO\u0141\u0104CZENIE VIDEO<\/p>\n\n\n\n<p>Ka\u017cdy ma prawo do wyst\u0105pienia z \u017c\u0105daniem zapewnienia dost\u0119pno\u015bci cyfrowej strony internetowej, aplikacji mobilnej lub jakiego\u015b ich elementu. Mo\u017cna tak\u017ce za\u017c\u0105da\u0107 udost\u0119pnienia informacji za pomoc\u0105 alternatywnego sposobu dost\u0119pu, na przyk\u0142ad przez odczytanie niedost\u0119pnego cyfrowo dokumentu, opisanie zawarto\u015bci filmu bez audiodeskrypcji itp.<\/p>\n\n\n\n<p>W przypadku zg\u0142oszenia \u017c\u0105dania, nale\u017cy poda\u0107:<\/p>\n\n\n\n<ul class=\"wp-block-list\">\n<li>Twoje imi\u0119 i nazwisko,<\/li>\n\n\n\n<li>Twoje dane kontaktowe (np. numer telefonu, e-mail),<\/li>\n\n\n\n<li>Dok\u0142adny adres strony internetowej, na kt\u00f3rej znajduje si\u0119 niedost\u0119pny element lub tre\u015b\u0107,<\/li>\n\n\n\n<li>Opis problemu oraz spos\u00f3b, w jaki najlepiej rozwi\u0105za\u0107 ten problem dla Ciebie.<\/li>\n<\/ul>\n\n\n\n<p>Je\u017celi osoba zg\u0142aszaj\u0105ca potrzebuje informacji za pomoc\u0105 alternatywnego sposobu dost\u0119pu, powinna r\u00f3wnie\u017c okre\u015bli\u0107 preferowany spos\u00f3b przedstawienia tych informacji.<\/p>\n\n\n\n<p>Na Twoje zg\u0142oszenie odpowiemy jak najszybciej, jednak nie p\u00f3\u017aniej ni\u017c w ci\u0105gu 7 dni od jego otrzymania. Je\u015bli ten termin b\u0119dzie dla nas zbyt kr\u00f3tki, poinformujemy Ci\u0119 o tym i podamy nowy termin, kt\u00f3ry nie b\u0119dzie d\u0142u\u017cszy ni\u017c 2 miesi\u0105ce.<\/p>\n\n\n\n<p>Je\u017celi zapewnienie dost\u0119pno\u015bci cyfrowej nie jest mo\u017cliwe, podmiot publiczny zaproponuje alternatywny spos\u00f3b dost\u0119pu do informacji. W przypadku odmowy realizacji \u017c\u0105dania zapewnienia dost\u0119pno\u015bci lub alternatywnego sposobu dost\u0119pu do informacji, wnosz\u0105cy \u017c\u0105danie mo\u017ce z\u0142o\u017cy\u0107 skarg\u0119 w sprawie zapewnienia dost\u0119pno\u015bci cyfrowej strony internetowej, aplikacji mobilnej lub ich element\u00f3w.<\/p>\n\n\n\n<p>Po wyczerpaniu wskazanej procedury, wnosz\u0105cy \u017c\u0105danie mo\u017ce r\u00f3wnie\u017c z\u0142o\u017cy\u0107 wniosek do <a href=\"https:\/\/www.rpo.gov.pl\/\" target=\"_blank\" rel=\"noreferrer noopener\">Rzecznika Praw Obywatelskich<\/a>.<\/p>\n\n\n\n<h2 class=\"wp-block-heading\" id=\"complaint-procedure\">Obs\u0142uga wniosk\u00f3w i skarg zwi\u0105zanych z dost\u0119pno\u015bci\u0105<\/h2>\n\n\n\n<p>Ewentualn\u0105 skarg\u0119 nale\u017cy z\u0142o\u017cy\u0107 listownie lub mailem do koordynatora dost\u0119pno\u015bci w Uniwersytecie Ekonomicznym w Krakowie.<\/p>\n\n\n\n<p>Procedura wnioskowo-skargowa: <a href=\"https:\/\/bon.uek.krakow.pl\/a,49,procedura-wnioskowo-skargowa\" target=\"_blank\" rel=\"noreferrer noopener\">Procedura wnioskowo-skargowa<\/a>. <strong>Koordynator ds. dost\u0119pno\u015bci,<br>dr Wioleta Ga\u0142at<\/strong><\/p>\n\n\n\n<ul class=\"wp-block-list\">\n<li>ul. Rakowicka 27, 31-510 Krak\u00f3w<\/li>\n\n\n\n<li>E-mail: <a href=\"mailto:dostepnosc@uek.krakow.pl\">dostepnosc@uek.krakow.pl<\/a><\/li>\n\n\n\n<li>MS-Teams: <a href=\"https:\/\/teams.microsoft.com\/l\/chat\/0\/0?users=dostepnosc@uek.krakow.pl\" target=\"_blank\" rel=\"noreferrer noopener\">dostepnosc@uek.krakow.pl<\/a><\/li>\n<\/ul>\n\n\n\n<p>Pomocne mog\u0105 by\u0107 informacje, kt\u00f3re mo\u017cna znale\u017a\u0107 na rz\u0105dowym portalu <a href=\"https:\/\/www.gov.pl\/\" target=\"_blank\" rel=\"noreferrer noopener\">gov.pl<\/a>.<\/p>\n\n\n\n<p>Mo\u017cesz tak\u017ce poinformowa\u0107 o tej sytuacji <a href=\"https:\/\/www.rpo.gov.pl\/\" target=\"_blank\" rel=\"noreferrer noopener\">Rzecznika Praw Obywatelskich<\/a> i poprosi\u0107 o interwencj\u0119 w Twojej sprawie.<\/p>\n\n\n\n<h2 class=\"wp-block-heading\" id=\"other-info\">Pozosta\u0142e informacje<\/h2>\n\n\n\n<h3 class=\"wp-block-heading\" id=\"mobile-apps\">Aplikacje mobilne<\/h3>\n\n\n\n<p>Brak aplikacji mobilnych.<\/p>\n\n\n\n<h3 class=\"wp-block-heading\" id=\"architectural-accessibility\">Dost\u0119pno\u015b\u0107 architektoniczna<\/h3>\n\n\n\n<p>Szczeg\u00f3\u0142owy opis dostosowania budynk\u00f3w Uniwersytetu Ekonomicznego w Krakowie znajduje si\u0119 pod tym linkiem: <a href=\"https:\/\/bon.uek.krakow.pl\/a,50,dostepnosc-architektoniczna\" target=\"_blank\" rel=\"noreferrer noopener\">Dost\u0119pno\u015b\u0107 architektoniczna<\/a>.<\/p>\n\n\n\n<p>Podmiot zapewnia (umo\u017cliwia, dopuszcza) wst\u0119p do budynk\u00f3w osobie korzystaj\u0105cej z psa asystuj\u0105cego.<\/p>\n\n\n\n<h3 class=\"wp-block-heading\" id=\"communication-information-accessibility\">Dost\u0119pno\u015b\u0107 komunikacyjno-informacyjna<\/h3>\n\n\n\n<p>Informacje w Polskim J\u0119zyku Migowym (PJM) dost\u0119pne s\u0105 pod tym linkiem: <a href=\"https:\/\/bon.uek.krakow.pl\/p,71,informacje-w-pjm\" target=\"_blank\" rel=\"noreferrer noopener\">Informacje w PJM<\/a>.<\/p>\n\n\n\n<p>Uniwersytet Ekonomiczny w Krakowie posiada urz\u0105dzenia do obs\u0142ugi os\u00f3b s\u0142abos\u0142ysz\u0105cych \u2013 p\u0119tle indukcyjne. Szczeg\u00f3\u0142owy opis: <a href=\"https:\/\/bon.uek.krakow.pl\/a,84,systemy-petli-indukcyjnych-na-uek\" target=\"_blank\" rel=\"noreferrer noopener\">P\u0119tle indukcyjne na UEK<\/a>.<\/p>\n\n\n\n<p>Procedury dotycz\u0105ce ewakuacji os\u00f3b ze szczeg\u00f3lnymi potrzebami na Uniwersytecie Ekonomicznym w Krakowie: <a href=\"https:\/\/bon.uek.krakow.pl\/download\/Procedury-ewakuacji-OzN-UEK-2023-1718014007.pdf\" target=\"_blank\" rel=\"noreferrer noopener\">Procedura ewakuacji<\/a>.<\/p>\n\n\n\n<h2 class=\"wp-block-heading\" id=\"disability-office\">Dost\u0119pno\u015b\u0107 Uniwersytetu Ekonomicznego w Krakowie<\/h2>\n\n\n\n<ul class=\"wp-block-list\">\n<li><a href=\"https:\/\/bip.uek.krakow.pl\/attachments\/download\/7546\" target=\"_blank\" rel=\"noreferrer noopener\">Raport o stanie zapewniania dost\u0119pno\u015bci UEK<\/a><\/li>\n\n\n\n<li><a href=\"https:\/\/bon.uek.krakow.pl\/p,93,dostepnosc\" target=\"_blank\" rel=\"noreferrer noopener\">Informacje na temat dost\u0119pno\u015bci UEK<\/a><\/li>\n\n\n\n<li><a href=\"https:\/\/bon.uek.krakow.pl\" target=\"_blank\" rel=\"noreferrer noopener\">Biuro ds. Os\u00f3b z Niepe\u0142nosprawno\u015bciami<\/a><\/li>\n<\/ul>\n\n\n\n<h2 class=\"wp-block-heading\" id=\"equal-treatment-commission\">Komisja ds. R\u00f3wnego Traktowania<\/h2>\n\n\n\n<p>Informacje na temat Komisji ds. R\u00f3wnego Traktowania: <a href=\"https:\/\/rownetraktowanie.uek.krakow.pl\/\" target=\"_blank\" rel=\"noreferrer noopener\">Komisja ds. R\u00f3wnego Traktowania<\/a>.<\/p>\n","protected":false},"excerpt":{"rendered":"<p>Podstawowe dane podmiotu Katedra Handlu Zagranicznego zobowi\u0105zuje si\u0119 zapewni\u0107 dost\u0119pno\u015b\u0107 swojej strony internetowej zgodnie z przepisami ustawy z dnia 4 kwietnia 2019 r. o dost\u0119pno\u015bci cyfrowej stron internetowych i aplikacji mobilnych podmiot\u00f3w publicznych. O\u015bwiadczenie w sprawie dost\u0119pno\u015bci ma zastosowanie do strony internetowej: https:\/\/ie.uek.krakow.pl\/khz Data publikacji strony internetowej: 2023-04-11 Data ostatniej istotnej aktualizacji: 2025-05-22 Stan dost\u0119pno\u015bci cyfrowej Strona internetowa jest Cz\u0119\u015bciowo zgodna z ustaw\u0105 z dnia 4 kwietnia 2019 r. o dost\u0119pno\u015bci cyfrowej stron internetowych i aplikacji mobilnych podmiot\u00f3w publicznych z powodu niezgodno\u015bci lub wy\u0142\u0105cze\u0144 wymienionych poni\u017cej. Powody niezgodno\u015bci Wy\u0142\u0105czenia Przygotowanie deklaracji dost\u0119pno\u015bci Data sporz\u0105dzenia deklaracji: 2025-05-22 Data ostatniego przegl\u0105du deklaracji: 2025-05-22 Deklaracja zosta\u0142a sporz\u0105dzona na podstawie: samooceny przeprowadzonej przez podmiot publiczny Skr\u00f3ty klawiszowe Na stronie internetowej mo\u017cna u\u017cywa\u0107 standardowych skr\u00f3t\u00f3w klawiszowych przegl\u0105darki. Do w\u0142a\u015bciwej tre\u015bci na stronie (skiplink) mo\u017cna si\u0119 przenie\u015b\u0107 za pomoc\u0105 klawisza &#8222;TAB&#8221;. Informacje zwrotne i dane kontaktowe Osob\u0105 kontaktow\u0105 w sprawach zwi\u0105zanych z dost\u0119pno\u015bci\u0105 tej strony internetowej jest: Krystian Bigos Email kontaktowy: bigosk@uek.krakow.pl Numer telefonu: +48 293 55 04 Kontakt dla os\u00f3b nies\u0142ysz\u0105cych w Polskim j\u0119zyku migowym: tel. +48 881 921 211 (TYLKO SMS), PO\u0141\u0104CZENIE VIDEO Ka\u017cdy ma prawo do wyst\u0105pienia z \u017c\u0105daniem zapewnienia dost\u0119pno\u015bci cyfrowej strony internetowej, aplikacji mobilnej lub jakiego\u015b ich elementu. Mo\u017cna tak\u017ce za\u017c\u0105da\u0107 udost\u0119pnienia informacji za pomoc\u0105 alternatywnego sposobu dost\u0119pu. Przygotowanie deklaracji dost\u0119pno\u015bci T\u0105 sam\u0105 drog\u0105 mo\u017cna sk\u0142ada\u0107 wnioski o udost\u0119pnienie informacji niedost\u0119pnej oraz sk\u0142ada\u0107 \u017c\u0105dania zapewnienia dost\u0119pno\u015bci. Kontakt dla os\u00f3b nies\u0142ysz\u0105cych w Polskim j\u0119zyku migowym \u2013 tel. +48 881 921 211 (TYLKO SMS), PO\u0141\u0104CZENIE VIDEO Ka\u017cdy ma prawo do wyst\u0105pienia z \u017c\u0105daniem zapewnienia dost\u0119pno\u015bci cyfrowej strony internetowej, aplikacji mobilnej lub jakiego\u015b ich elementu. Mo\u017cna tak\u017ce za\u017c\u0105da\u0107 udost\u0119pnienia informacji za pomoc\u0105 alternatywnego sposobu dost\u0119pu, na przyk\u0142ad przez odczytanie niedost\u0119pnego cyfrowo dokumentu, opisanie zawarto\u015bci filmu bez audiodeskrypcji itp. W przypadku zg\u0142oszenia \u017c\u0105dania, nale\u017cy poda\u0107: Je\u017celi osoba zg\u0142aszaj\u0105ca potrzebuje informacji za pomoc\u0105 alternatywnego sposobu dost\u0119pu, powinna r\u00f3wnie\u017c okre\u015bli\u0107 preferowany spos\u00f3b przedstawienia tych informacji. Na Twoje zg\u0142oszenie odpowiemy jak najszybciej, jednak nie p\u00f3\u017aniej ni\u017c w ci\u0105gu 7 dni od jego otrzymania. Je\u015bli ten termin b\u0119dzie dla nas zbyt kr\u00f3tki, poinformujemy Ci\u0119 o tym i podamy nowy termin, kt\u00f3ry nie b\u0119dzie d\u0142u\u017cszy ni\u017c 2 miesi\u0105ce. Je\u017celi zapewnienie dost\u0119pno\u015bci cyfrowej nie jest mo\u017cliwe, podmiot publiczny zaproponuje alternatywny spos\u00f3b dost\u0119pu do informacji. W przypadku odmowy realizacji \u017c\u0105dania zapewnienia dost\u0119pno\u015bci lub alternatywnego sposobu dost\u0119pu do informacji, wnosz\u0105cy \u017c\u0105danie mo\u017ce z\u0142o\u017cy\u0107 skarg\u0119 w sprawie zapewnienia dost\u0119pno\u015bci cyfrowej strony internetowej, aplikacji mobilnej lub ich element\u00f3w. Po wyczerpaniu wskazanej procedury, wnosz\u0105cy \u017c\u0105danie mo\u017ce r\u00f3wnie\u017c z\u0142o\u017cy\u0107 wniosek do Rzecznika Praw Obywatelskich. Obs\u0142uga wniosk\u00f3w i skarg zwi\u0105zanych z dost\u0119pno\u015bci\u0105 Ewentualn\u0105 skarg\u0119 nale\u017cy z\u0142o\u017cy\u0107 listownie lub mailem do koordynatora dost\u0119pno\u015bci w Uniwersytecie Ekonomicznym w Krakowie. Procedura wnioskowo-skargowa: Procedura wnioskowo-skargowa. Koordynator ds. dost\u0119pno\u015bci,dr Wioleta Ga\u0142at Pomocne mog\u0105 by\u0107 informacje, kt\u00f3re mo\u017cna znale\u017a\u0107 na rz\u0105dowym portalu gov.pl. Mo\u017cesz tak\u017ce poinformowa\u0107 o tej sytuacji Rzecznika Praw Obywatelskich i poprosi\u0107 o interwencj\u0119 w Twojej sprawie. Pozosta\u0142e informacje Aplikacje mobilne Brak aplikacji mobilnych. Dost\u0119pno\u015b\u0107 architektoniczna Szczeg\u00f3\u0142owy opis dostosowania budynk\u00f3w Uniwersytetu Ekonomicznego w Krakowie znajduje si\u0119 pod tym linkiem: Dost\u0119pno\u015b\u0107 architektoniczna. Podmiot zapewnia (umo\u017cliwia, dopuszcza) wst\u0119p do budynk\u00f3w osobie korzystaj\u0105cej z psa asystuj\u0105cego. Dost\u0119pno\u015b\u0107 komunikacyjno-informacyjna Informacje w Polskim J\u0119zyku Migowym (PJM) dost\u0119pne s\u0105 pod tym linkiem: Informacje w PJM. Uniwersytet Ekonomiczny w Krakowie posiada urz\u0105dzenia do obs\u0142ugi os\u00f3b s\u0142abos\u0142ysz\u0105cych \u2013 p\u0119tle indukcyjne. Szczeg\u00f3\u0142owy opis: P\u0119tle indukcyjne na UEK. Procedury dotycz\u0105ce ewakuacji os\u00f3b ze szczeg\u00f3lnymi potrzebami na Uniwersytecie Ekonomicznym w Krakowie: Procedura ewakuacji. Dost\u0119pno\u015b\u0107 Uniwersytetu Ekonomicznego w Krakowie Komisja ds. R\u00f3wnego Traktowania Informacje na temat Komisji ds. R\u00f3wnego Traktowania: Komisja ds. R\u00f3wnego Traktowania.<\/p>\n","protected":false},"author":12,"featured_media":0,"parent":0,"menu_order":0,"comment_status":"closed","ping_status":"closed","template":"","meta":{"footnotes":""},"class_list":["post-1983","page","type-page","status-publish","hentry"],"_links":{"self":[{"href":"https:\/\/ie.uek.krakow.pl\/khz\/wp-json\/wp\/v2\/pages\/1983","targetHints":{"allow":["GET"]}}],"collection":[{"href":"https:\/\/ie.uek.krakow.pl\/khz\/wp-json\/wp\/v2\/pages"}],"about":[{"href":"https:\/\/ie.uek.krakow.pl\/khz\/wp-json\/wp\/v2\/types\/page"}],"author":[{"embeddable":true,"href":"https:\/\/ie.uek.krakow.pl\/khz\/wp-json\/wp\/v2\/users\/12"}],"replies":[{"embeddable":true,"href":"https:\/\/ie.uek.krakow.pl\/khz\/wp-json\/wp\/v2\/comments?post=1983"}],"version-history":[{"count":3,"href":"https:\/\/ie.uek.krakow.pl\/khz\/wp-json\/wp\/v2\/pages\/1983\/revisions"}],"predecessor-version":[{"id":1987,"href":"https:\/\/ie.uek.krakow.pl\/khz\/wp-json\/wp\/v2\/pages\/1983\/revisions\/1987"}],"wp:attachment":[{"href":"https:\/\/ie.uek.krakow.pl\/khz\/wp-json\/wp\/v2\/media?parent=1983"}],"curies":[{"name":"wp","href":"https:\/\/api.w.org\/{rel}","templated":true}]}}