{"id":174,"date":"2023-02-19T01:50:07","date_gmt":"2023-02-19T00:50:07","guid":{"rendered":"https:\/\/ie.uek.krakow.pl\/ke\/?page_id=174"},"modified":"2024-02-16T09:24:56","modified_gmt":"2024-02-16T08:24:56","slug":"pracownicy-uek","status":"publish","type":"page","link":"https:\/\/ie.uek.krakow.pl\/khz\/pracownicy-uek\/","title":{"rendered":"Pracownicy"},"content":{"rendered":"\t\t<div data-elementor-type=\"wp-page\" data-elementor-id=\"174\" class=\"elementor elementor-174\" data-elementor-post-type=\"page\">\n\t\t\t\t\t\t<section data-particle_enable=\"false\" data-particle-mobile-disabled=\"false\" class=\"elementor-section elementor-top-section elementor-element elementor-element-be20bad elementor-section-boxed elementor-section-height-default elementor-section-height-default\" data-id=\"be20bad\" data-element_type=\"section\" data-e-type=\"section\" data-settings=\"{&quot;jet_parallax_layout_list&quot;:[]}\">\n\t\t\t\t\t\t<div class=\"elementor-container elementor-column-gap-default\">\n\t\t\t\t\t<div class=\"elementor-column elementor-col-100 elementor-top-column elementor-element elementor-element-c099fef\" data-id=\"c099fef\" data-element_type=\"column\" data-e-type=\"column\">\n\t\t\t<div class=\"elementor-widget-wrap elementor-element-populated\">\n\t\t\t\t\t\t<div class=\"elementor-element elementor-element-923f8d4 elementor-widget elementor-widget-heading\" data-id=\"923f8d4\" data-element_type=\"widget\" data-e-type=\"widget\" id=\"kpii\" data-widget_type=\"heading.default\">\n\t\t\t\t<div class=\"elementor-widget-container\">\n\t\t\t\t\t<h2 class=\"elementor-heading-title elementor-size-default\">Katedra Handlu Zagranicznego<\/h2>\t\t\t\t<\/div>\n\t\t\t\t<\/div>\n\t\t\t\t<section data-particle_enable=\"false\" data-particle-mobile-disabled=\"false\" class=\"elementor-section elementor-inner-section elementor-element elementor-element-4f9f836 elementor-section-boxed elementor-section-height-default elementor-section-height-default\" data-id=\"4f9f836\" data-element_type=\"section\" data-e-type=\"section\" data-settings=\"{&quot;jet_parallax_layout_list&quot;:[],&quot;background_background&quot;:&quot;classic&quot;,&quot;shape_divider_bottom&quot;:&quot;arrow&quot;,&quot;shape_divider_bottom_negative&quot;:&quot;yes&quot;}\">\n\t\t\t\t\t<div class=\"elementor-shape elementor-shape-bottom\" aria-hidden=\"true\" data-negative=\"true\">\n\t\t\t<svg xmlns=\"http:\/\/www.w3.org\/2000\/svg\" viewBox=\"0 0 700 10\" preserveAspectRatio=\"none\">\n\t<path class=\"elementor-shape-fill\" d=\"M360 0L350 9.9 340 0 0 0 0 10 700 10 700 0\"\/>\n<\/svg>\t\t<\/div>\n\t\t\t\t\t<div class=\"elementor-container elementor-column-gap-default\">\n\t\t\t\t\t<div class=\"elementor-column elementor-col-50 elementor-inner-column elementor-element elementor-element-7a9c1ea\" data-id=\"7a9c1ea\" data-element_type=\"column\" data-e-type=\"column\">\n\t\t\t<div class=\"elementor-widget-wrap elementor-element-populated\">\n\t\t\t\t\t\t<div class=\"elementor-element elementor-element-6239586 elementor-widget elementor-widget-heading\" data-id=\"6239586\" data-element_type=\"widget\" data-e-type=\"widget\" data-widget_type=\"heading.default\">\n\t\t\t\t<div class=\"elementor-widget-container\">\n\t\t\t\t\t<h4 class=\"elementor-heading-title elementor-size-default\">Kierownik Katedry<\/h4>\t\t\t\t<\/div>\n\t\t\t\t<\/div>\n\t\t\t\t\t<\/div>\n\t\t<\/div>\n\t\t\t\t<div class=\"elementor-column elementor-col-50 elementor-inner-column elementor-element elementor-element-d1d5d6a\" data-id=\"d1d5d6a\" data-element_type=\"column\" data-e-type=\"column\">\n\t\t\t<div class=\"elementor-widget-wrap elementor-element-populated\">\n\t\t\t\t\t\t<div class=\"elementor-element elementor-element-a114a1c elementor-widget elementor-widget-eael-post-list\" data-id=\"a114a1c\" data-element_type=\"widget\" data-e-type=\"widget\" data-widget_type=\"eael-post-list.default\">\n\t\t\t\t<div class=\"elementor-widget-container\">\n\t\t\t\t\t<div class=\"eael-post-list-container default layout-default\"><div class=\"eael-post-list-wrap\"><div class=\"eael-post-list-posts-wrap eael-post-appender eael-post-appender-a114a1c\"><div class=\"eael-post-list-post \"><div class=\"eael-post-list-thumbnail \"><a href=\"https:\/\/ie.uek.krakow.pl\/khz\/pracownicy\/wach\/\">\n                            <img decoding=\"async\" src=\"https:\/\/ie.uek.krakow.pl\/khz\/wp-content\/uploads\/sites\/7\/2024\/07\/DSC_7286.jpg\" alt=\"\">\n                        <\/a><\/div><div class=\"eael-post-list-content\"><h2 class=\"eael-post-list-title\"><a href=\"https:\/\/ie.uek.krakow.pl\/khz\/pracownicy\/wach\/\" >Prof. dr hab. Krzysztof Wach<\/a><\/h2><\/div><\/div><\/div><\/div>\n\t\t<\/div>\t\t\t\t<\/div>\n\t\t\t\t<\/div>\n\t\t\t\t\t<\/div>\n\t\t<\/div>\n\t\t\t\t\t<\/div>\n\t\t<\/section>\n\t\t\t\t<div class=\"elementor-element elementor-element-3b905d0 elementor-widget elementor-widget-eael-post-list\" data-id=\"3b905d0\" data-element_type=\"widget\" data-e-type=\"widget\" data-widget_type=\"eael-post-list.default\">\n\t\t\t\t<div class=\"elementor-widget-container\">\n\t\t\t\t\t<div class=\"eael-post-list-container default layout-default\"><div class=\"eael-post-list-wrap\"><div class=\"eael-post-list-posts-wrap eael-post-appender eael-post-appender-3b905d0\"><div class=\"eael-post-list-post \"><div class=\"eael-post-list-thumbnail \"><a href=\"https:\/\/ie.uek.krakow.pl\/khz\/pracownicy\/glodowska\/\">\n                            <img decoding=\"async\" src=\"https:\/\/ie.uek.krakow.pl\/khz\/wp-content\/uploads\/sites\/7\/2024\/07\/DSC_7393.jpg\" alt=\"\">\n                        <\/a><\/div><div class=\"eael-post-list-content\"><h2 class=\"eael-post-list-title\"><a href=\"https:\/\/ie.uek.krakow.pl\/khz\/pracownicy\/glodowska\/\" >Prof. UEK, dr hab. Agnieszka G\u0142odowska<\/a><\/h2><\/div><\/div><div class=\"eael-post-list-post \"><div class=\"eael-post-list-thumbnail \"><a href=\"https:\/\/ie.uek.krakow.pl\/khz\/pracownicy\/hajdukiewicz\/\">\n                            <img decoding=\"async\" src=\"https:\/\/ie.uek.krakow.pl\/khz\/wp-content\/uploads\/sites\/7\/2023\/02\/DSC_6210.jpg\" alt=\"\">\n                        <\/a><\/div><div class=\"eael-post-list-content\"><h2 class=\"eael-post-list-title\"><a href=\"https:\/\/ie.uek.krakow.pl\/khz\/pracownicy\/hajdukiewicz\/\" >Prof. UEK, dr hab. Agnieszka Hajdukiewicz<\/a><\/h2><\/div><\/div><div class=\"eael-post-list-post \"><div class=\"eael-post-list-thumbnail \"><a href=\"https:\/\/ie.uek.krakow.pl\/khz\/pracownicy\/maciejewski\/\">\n                            <img decoding=\"async\" src=\"https:\/\/ie.uek.krakow.pl\/khz\/wp-content\/uploads\/sites\/7\/2024\/07\/DSC_7450.jpg\" alt=\"\">\n                        <\/a><\/div><div class=\"eael-post-list-content\"><h2 class=\"eael-post-list-title\"><a href=\"https:\/\/ie.uek.krakow.pl\/khz\/pracownicy\/maciejewski\/\" >Prof. UEK, dr hab. Marek Maciejewski<\/a><\/h2><\/div><\/div><div class=\"eael-post-list-post \"><div class=\"eael-post-list-thumbnail \"><a href=\"https:\/\/ie.uek.krakow.pl\/khz\/pracownicy\/rachwal\/\">\n                            <img decoding=\"async\" src=\"https:\/\/ie.uek.krakow.pl\/khz\/wp-content\/uploads\/sites\/7\/2023\/02\/DSC_6308.jpg\" alt=\"\">\n                        <\/a><\/div><div class=\"eael-post-list-content\"><h2 class=\"eael-post-list-title\"><a href=\"https:\/\/ie.uek.krakow.pl\/khz\/pracownicy\/rachwal\/\" >Prof. UEK, dr hab. Tomasz Rachwa\u0142<\/a><\/h2><\/div><\/div><div class=\"eael-post-list-post \"><div class=\"eael-post-list-thumbnail \"><a href=\"https:\/\/ie.uek.krakow.pl\/khz\/pracownicy\/zysk\/\">\n                            <img decoding=\"async\" src=\"https:\/\/ie.uek.krakow.pl\/khz\/wp-content\/uploads\/sites\/7\/2024\/07\/DSC_7464.jpg\" alt=\"\">\n                        <\/a><\/div><div class=\"eael-post-list-content\"><h2 class=\"eael-post-list-title\"><a href=\"https:\/\/ie.uek.krakow.pl\/khz\/pracownicy\/zysk\/\" >Prof. UEK, dr hab. Wojciech Zysk<\/a><\/h2><\/div><\/div><div class=\"eael-post-list-post \"><div class=\"eael-post-list-thumbnail \"><a href=\"https:\/\/ie.uek.krakow.pl\/khz\/pracownicy\/bombinska\/\">\n                            <img decoding=\"async\" src=\"https:\/\/ie.uek.krakow.pl\/khz\/wp-content\/uploads\/sites\/7\/2024\/07\/DSC_7482.jpg\" alt=\"\">\n                        <\/a><\/div><div class=\"eael-post-list-content\"><h2 class=\"eael-post-list-title\"><a href=\"https:\/\/ie.uek.krakow.pl\/khz\/pracownicy\/bombinska\/\" >Prof. UEK, dr hab. El\u017cbieta Bombi\u0144ska<\/a><\/h2><\/div><\/div><div class=\"eael-post-list-post \"><div class=\"eael-post-list-thumbnail \"><a href=\"https:\/\/ie.uek.krakow.pl\/khz\/pracownicy\/klima\/\">\n                            <img decoding=\"async\" src=\"https:\/\/ie.uek.krakow.pl\/khz\/wp-content\/uploads\/sites\/7\/2024\/07\/DSC_7259.jpg\" alt=\"\">\n                        <\/a><\/div><div class=\"eael-post-list-content\"><h2 class=\"eael-post-list-title\"><a href=\"https:\/\/ie.uek.krakow.pl\/khz\/pracownicy\/klima\/\" >Dr Stanis\u0142awa Klima<\/a><\/h2><\/div><\/div><div class=\"eael-post-list-post \"><div class=\"eael-post-list-thumbnail \"><a href=\"https:\/\/ie.uek.krakow.pl\/khz\/pracownicy\/michalik\/\">\n                            <img decoding=\"async\" src=\"https:\/\/ie.uek.krakow.pl\/khz\/wp-content\/uploads\/sites\/7\/2024\/07\/DSC_7332.jpg\" alt=\"\">\n                        <\/a><\/div><div class=\"eael-post-list-content\"><h2 class=\"eael-post-list-title\"><a href=\"https:\/\/ie.uek.krakow.pl\/khz\/pracownicy\/michalik\/\" >Dr Adam Michalik<\/a><\/h2><\/div><\/div><div class=\"eael-post-list-post \"><div class=\"eael-post-list-thumbnail \"><a href=\"https:\/\/ie.uek.krakow.pl\/khz\/pracownicy\/pera\/\">\n                            <img decoding=\"async\" src=\"https:\/\/ie.uek.krakow.pl\/khz\/wp-content\/uploads\/sites\/7\/2024\/07\/DSC_7323.jpg\" alt=\"\">\n                        <\/a><\/div><div class=\"eael-post-list-content\"><h2 class=\"eael-post-list-title\"><a href=\"https:\/\/ie.uek.krakow.pl\/khz\/pracownicy\/pera\/\" >Dr Bo\u017cena Pera<\/a><\/h2><\/div><\/div><div class=\"eael-post-list-post \"><div class=\"eael-post-list-thumbnail \"><a href=\"https:\/\/ie.uek.krakow.pl\/khz\/pracownicy\/bigos\/\">\n                            <img decoding=\"async\" src=\"https:\/\/ie.uek.krakow.pl\/khz\/wp-content\/uploads\/sites\/7\/2024\/07\/DSC_7275.jpg\" alt=\"\">\n                        <\/a><\/div><div class=\"eael-post-list-content\"><h2 class=\"eael-post-list-title\"><a href=\"https:\/\/ie.uek.krakow.pl\/khz\/pracownicy\/bigos\/\" >Dr Krystian Bigos<\/a><\/h2><\/div><\/div><div class=\"eael-post-list-post \"><div class=\"eael-post-list-thumbnail \"><a href=\"https:\/\/ie.uek.krakow.pl\/khz\/pracownicy\/mgr-jakub-garncarz\/\">\n                            <img decoding=\"async\" src=\"https:\/\/ie.uek.krakow.pl\/khz\/wp-content\/uploads\/sites\/7\/2024\/07\/DSC_7402.jpg\" alt=\"\">\n                        <\/a><\/div><div class=\"eael-post-list-content\"><h2 class=\"eael-post-list-title\"><a href=\"https:\/\/ie.uek.krakow.pl\/khz\/pracownicy\/mgr-jakub-garncarz\/\" >Mgr Jakub Garncarz<\/a><\/h2><\/div><\/div><div class=\"eael-post-list-post \"><div class=\"eael-post-list-thumbnail \"><a href=\"https:\/\/ie.uek.krakow.pl\/khz\/pracownicy\/mgr-pawel-milka\/\">\n                            <img decoding=\"async\" src=\"https:\/\/ie.uek.krakow.pl\/khz\/wp-content\/uploads\/sites\/7\/2024\/07\/DSC_7299.jpg\" alt=\"\">\n                        <\/a><\/div><div class=\"eael-post-list-content\"><h2 class=\"eael-post-list-title\"><a href=\"https:\/\/ie.uek.krakow.pl\/khz\/pracownicy\/mgr-pawel-milka\/\" >Mgr Pawe\u0142 Milka<\/a><\/h2><\/div><\/div><div class=\"eael-post-list-post \"><div class=\"eael-post-list-thumbnail \"><a href=\"https:\/\/ie.uek.krakow.pl\/khz\/pracownicy\/mgr-magdalena-golebiowska\/\">\n                            <img decoding=\"async\" src=\"https:\/\/ie.uek.krakow.pl\/khz\/wp-content\/uploads\/sites\/7\/2024\/07\/DSC_7443.jpg\" alt=\"\">\n                        <\/a><\/div><div class=\"eael-post-list-content\"><h2 class=\"eael-post-list-title\"><a href=\"https:\/\/ie.uek.krakow.pl\/khz\/pracownicy\/mgr-magdalena-golebiowska\/\" >Mgr Magdalena Go\u0142\u0119biowska<\/a><\/h2><\/div><\/div><div class=\"eael-post-list-post \"><div class=\"eael-post-list-thumbnail \"><a href=\"https:\/\/ie.uek.krakow.pl\/khz\/pracownicy\/kuder\/\">\n                            <img decoding=\"async\" src=\"https:\/\/ie.uek.krakow.pl\/khz\/wp-content\/uploads\/sites\/7\/2024\/07\/DSC_7353.jpg\" alt=\"\">\n                        <\/a><\/div><div class=\"eael-post-list-content\"><h2 class=\"eael-post-list-title\"><a href=\"https:\/\/ie.uek.krakow.pl\/khz\/pracownicy\/kuder\/\" >Dr Dorota Kuder<\/a><\/h2><\/div><\/div><div class=\"eael-post-list-post \"><div class=\"eael-post-list-thumbnail \"><a href=\"https:\/\/ie.uek.krakow.pl\/khz\/pracownicy\/mgr-anna-cichon-sekretariat\/\">\n                            <img decoding=\"async\" src=\"https:\/\/ie.uek.krakow.pl\/khz\/wp-content\/uploads\/sites\/7\/2024\/07\/DSC_7308.jpg\" alt=\"\">\n                        <\/a><\/div><div class=\"eael-post-list-content\"><h2 class=\"eael-post-list-title\"><a href=\"https:\/\/ie.uek.krakow.pl\/khz\/pracownicy\/mgr-anna-cichon-sekretariat\/\" >Mgr Anna Cicho\u0144 &#8211; Sekretariat<\/a><\/h2><\/div><\/div><\/div><\/div>\n\t\t<\/div>\t\t\t\t<\/div>\n\t\t\t\t<\/div>\n\t\t\t\t\t<\/div>\n\t\t<\/div>\n\t\t\t\t\t<\/div>\n\t\t<\/section>\n\t\t\t\t<\/div>\n\t\t","protected":false},"excerpt":{"rendered":"<p>\/*! elementor &#8211; v3.19.0 &#8211; 07-02-2024 *\/ .elementor-heading-title{padding:0;margin:0;line-height:1}.elementor-widget-heading .elementor-heading-title[class*=elementor-size-]&gt;a{color:inherit;font-size:inherit;line-height:inherit}.elementor-widget-heading .elementor-heading-title.elementor-size-small{font-size:15px}.elementor-widget-heading .elementor-heading-title.elementor-size-medium{font-size:19px}.elementor-widget-heading .elementor-heading-title.elementor-size-large{font-size:29px}.elementor-widget-heading .elementor-heading-title.elementor-size-xl{font-size:39px}.elementor-widget-heading .elementor-heading-title.elementor-size-xxl{font-size:59px} Katedra Handlu Zagranicznego Kierownik Katedry Prof. dr hab. Krzysztof Wach Prof. UEK, dr hab. Agnieszka G\u0142odowska Prof. UEK, dr hab. Agnieszka Hajdukiewicz Prof UEK, dr hab. Marek Maciejewski Prof UEK, dr hab. Tomasz Rachwa\u0142 Prof UEK, dr hab. Wojciech Zysk Prof. UEK, dr hab. El\u017cbieta Bombi\u0144ska Dr Stanis\u0142awa Klima Dr Adam Michalik Dr Bo\u017cena Pera Dr Krystian Bigos Mgr Liliana \u015amiech Mgr Jakub Garncarz<\/p>\n","protected":false},"author":1,"featured_media":0,"parent":0,"menu_order":0,"comment_status":"closed","ping_status":"closed","template":"elementor_header_footer","meta":{"footnotes":""},"class_list":["post-174","page","type-page","status-publish","hentry"],"_links":{"self":[{"href":"https:\/\/ie.uek.krakow.pl\/khz\/wp-json\/wp\/v2\/pages\/174","targetHints":{"allow":["GET"]}}],"collection":[{"href":"https:\/\/ie.uek.krakow.pl\/khz\/wp-json\/wp\/v2\/pages"}],"about":[{"href":"https:\/\/ie.uek.krakow.pl\/khz\/wp-json\/wp\/v2\/types\/page"}],"author":[{"embeddable":true,"href":"https:\/\/ie.uek.krakow.pl\/khz\/wp-json\/wp\/v2\/users\/1"}],"replies":[{"embeddable":true,"href":"https:\/\/ie.uek.krakow.pl\/khz\/wp-json\/wp\/v2\/comments?post=174"}],"version-history":[{"count":21,"href":"https:\/\/ie.uek.krakow.pl\/khz\/wp-json\/wp\/v2\/pages\/174\/revisions"}],"predecessor-version":[{"id":1599,"href":"https:\/\/ie.uek.krakow.pl\/khz\/wp-json\/wp\/v2\/pages\/174\/revisions\/1599"}],"wp:attachment":[{"href":"https:\/\/ie.uek.krakow.pl\/khz\/wp-json\/wp\/v2\/media?parent=174"}],"curies":[{"name":"wp","href":"https:\/\/api.w.org\/{rel}","templated":true}]}}