{"id":366,"date":"2023-02-20T00:10:00","date_gmt":"2023-02-19T23:10:00","guid":{"rendered":"https:\/\/ie.uek.krakow.pl\/ke\/?page_id=366"},"modified":"2025-09-23T13:36:03","modified_gmt":"2025-09-23T11:36:03","slug":"pelnomocnik-katedralny","status":"publish","type":"page","link":"https:\/\/ie.uek.krakow.pl\/kes\/studenci\/pelnomocnik-katedralny\/","title":{"rendered":"Katedralny Pe\u0142nomocnik ds. Os\u00f3b z Niepe\u0142nosprawno\u015bciami"},"content":{"rendered":"\t\t<div data-elementor-type=\"wp-page\" data-elementor-id=\"366\" class=\"elementor elementor-366\" data-elementor-post-type=\"page\">\n\t\t\t\t\t\t<section data-particle_enable=\"false\" data-particle-mobile-disabled=\"false\" class=\"elementor-section elementor-top-section elementor-element elementor-element-4ca67fb elementor-section-boxed elementor-section-height-default elementor-section-height-default\" data-id=\"4ca67fb\" data-element_type=\"section\" data-e-type=\"section\" data-settings=\"{&quot;jet_parallax_layout_list&quot;:[]}\">\n\t\t\t\t\t\t<div class=\"elementor-container elementor-column-gap-default\">\n\t\t\t\t\t<div class=\"elementor-column elementor-col-100 elementor-top-column elementor-element elementor-element-22e0d310\" data-id=\"22e0d310\" data-element_type=\"column\" data-e-type=\"column\">\n\t\t\t<div class=\"elementor-widget-wrap elementor-element-populated\">\n\t\t\t\t\t\t<div class=\"elementor-element elementor-element-7c047738 elementor-widget elementor-widget-jet-headline\" data-id=\"7c047738\" data-element_type=\"widget\" data-e-type=\"widget\" data-widget_type=\"jet-headline.default\">\n\t\t\t\t<div class=\"elementor-widget-container\">\n\t\t\t\t\t<h2 class=\"jet-headline jet-headline--direction-horizontal\"><span class=\"jet-headline__part jet-headline__first\"><span class=\"jet-headline__label\">Katedralny Pe\u0142nomocnik\nds. Os\u00f3b z Niepe\u0142nosprawno\u015bciami<\/span><\/span><span class=\"jet-headline__space\">&nbsp;<\/span><\/h2>\t\t\t\t<\/div>\n\t\t\t\t<\/div>\n\t\t\t\t<div class=\"elementor-element elementor-element-27706e0c elementor-widget-divider--view-line elementor-invisible elementor-widget elementor-widget-divider\" data-id=\"27706e0c\" data-element_type=\"widget\" data-e-type=\"widget\" data-settings=\"{&quot;_animation&quot;:&quot;fadeInLeft&quot;}\" data-widget_type=\"divider.default\">\n\t\t\t\t<div class=\"elementor-widget-container\">\n\t\t\t\t\t\t\t<div class=\"elementor-divider\">\n\t\t\t<span class=\"elementor-divider-separator\">\n\t\t\t\t\t\t<\/span>\n\t\t<\/div>\n\t\t\t\t\t\t<\/div>\n\t\t\t\t<\/div>\n\t\t\t\t<div class=\"elementor-element elementor-element-64fa2182 elementor-widget elementor-widget-text-editor\" data-id=\"64fa2182\" data-element_type=\"widget\" data-e-type=\"widget\" data-widget_type=\"text-editor.default\">\n\t\t\t\t<div class=\"elementor-widget-container\">\n\t\t\t\t\t\t\t\t\t<blockquote><h5>\u00a0<\/h5><h4 style=\"font-family: Aller_Rg, sans-serif;font-weight: 500;line-height: 1.1;color: #333333;margin-top: 20px;margin-bottom: 10px;font-size: 24px;font-style: normal;text-align: justify\"><span style=\"color: #000000\">Decyzj\u0105 Kapitu\u0142y projektu &#8222;Uczelnia Przyjazna Osobom z Niepe\u0142nosprawno\u015bciami&#8221; (<a href=\"https:\/\/bon.uek.krakow.pl\/a,58,wyniki-certyfikacji-upon-2023\">wi\u0119cej o projekcie<\/a>) Katedra Ekonomii uzyska\u0142a certyfikat \u201eKatedry Przyjaznej Osobom z Niepe\u0142nosprawno\u015bciami\u201d na lata 2023-2026. Zach\u0119camy student\u00f3w do kontaktu z pe\u0142nomocnikiem w kwestiach zwi\u0105zanych z kszta\u0142ceniem na UEK.<\/span><\/h4><h4 style=\"font-family: Aller_Rg, sans-serif;font-weight: 500;line-height: 1.1;color: #333333;margin-top: 20px;margin-bottom: 10px;font-size: 24px;font-style: normal;text-align: justify\"><span style=\"color: #000000\">\u00a0<\/span><\/h4><h4 style=\"font-family: Aller_Rg, sans-serif;font-weight: 500;line-height: 1.1;color: #333333;margin-top: 20px;margin-bottom: 10px;font-size: 24px;font-style: normal;text-align: justify\"><span style=\"text-decoration: underline\"><span style=\"color: #000000;text-decoration: underline\">Katedralny Pe\u0142nomocnik ds. Os\u00f3b z Niepe\u0142nosprawno\u015bciami<\/span><\/span><\/h4><h4 style=\"font-family: Aller_Rg, sans-serif;font-weight: 500;line-height: 1.1;color: #333333;margin-top: 20px;margin-bottom: 10px;font-size: 24px;font-style: normal;text-align: justify\"><span style=\"font-weight: bold\"><span style=\"color: #000000\">Dr hab. Dominika Choro\u015b-Mrozowska, Prof. UEK<br \/><\/span><\/span><\/h4><h4 style=\"font-family: Aller_Rg, sans-serif;font-weight: 500;line-height: 1.1;color: #333333;margin-top: 20px;margin-bottom: 10px;font-size: 24px;font-style: normal;text-align: justify\"><span style=\"color: #000000\">Terminy konsultacji:<span style=\"color: #0000ff\">\u00a0<a style=\"color: #0000ff\" href=\"https:\/\/e-uczelnia.uek.krakow.pl\/course\/view.php?id=1495#section-0\">e-Wizyt\u00f3wka<\/a><\/span><\/span><\/h4><h4 style=\"font-family: Aller_Rg, sans-serif;font-weight: 500;line-height: 1.1;color: #333333;margin-top: 20px;margin-bottom: 10px;font-size: 24px;font-style: normal;text-align: justify\"><span style=\"color: #000000\">Adres e-mail: <span style=\"color: #0000ff\"><a style=\"color: #0000ff\" href=\"mailto:mrozowsd@uek.krakow.pl\">mrozowsd<\/a><\/span><\/span><span style=\"color: #000000\"><span style=\"color: #0000ff\"><a style=\"color: #0000ff\" href=\"mailto:mrozowsd@uek.krakow.pl\">@uek.krakow.pl<\/a><\/span><\/span><\/h4><h4 style=\"font-family: Aller_Rg, sans-serif;font-weight: 500;line-height: 1.1;color: #333333;margin-top: 20px;margin-bottom: 10px;font-size: 24px;font-style: normal;text-align: justify\"><span style=\"color: #000000\">Osoby, kt\u00f3rym nie odpowiadaj\u0105 terminy konsultacji zamieszczone na e-Wizyt\u00f3wce prosz\u0119 o kontakt mailowy celem ustalenia indywidualnego terminu konsultacji.<\/span><\/h4><h4 style=\"font-family: Aller_Rg, sans-serif;font-weight: 500;line-height: 1.1;color: #333333;margin-top: 10px;margin-bottom: 10px;font-size: 18px;font-style: normal;text-align: justify\">\u00a0<\/h4><p style=\"margin-bottom: 10px;color: #333333;font-family: Aller_Rg, sans-serif;font-size: 15px;font-style: normal\">\u00a0<\/p><\/blockquote>\t\t\t\t\t\t\t\t<\/div>\n\t\t\t\t<\/div>\n\t\t\t\t\t<\/div>\n\t\t<\/div>\n\t\t\t\t\t<\/div>\n\t\t<\/section>\n\t\t\t\t<\/div>\n\t\t","protected":false},"excerpt":{"rendered":"<p>Katedralny Pe\u0142nomocnik ds. Os\u00f3b z Niepe\u0142nosprawno\u015bciami&nbsp; \u00a0 Decyzj\u0105 Kapitu\u0142y projektu &#8222;Uczelnia Przyjazna Osobom z Niepe\u0142nosprawno\u015bciami&#8221; (wi\u0119cej o projekcie) Katedra Ekonomii uzyska\u0142a certyfikat \u201eKatedry Przyjaznej Osobom z Niepe\u0142nosprawno\u015bciami\u201d na lata 2023-2026. Zach\u0119camy student\u00f3w do kontaktu z pe\u0142nomocnikiem w kwestiach zwi\u0105zanych z kszta\u0142ceniem na UEK. \u00a0 Katedralny Pe\u0142nomocnik ds. Os\u00f3b z Niepe\u0142nosprawno\u015bciami Dr hab. Dominika Choro\u015b-Mrozowska, Prof. UEK Terminy konsultacji:\u00a0e-Wizyt\u00f3wka Adres e-mail: mrozowsd@uek.krakow.pl Osoby, kt\u00f3rym nie odpowiadaj\u0105 terminy konsultacji zamieszczone na e-Wizyt\u00f3wce prosz\u0119 o kontakt mailowy celem ustalenia indywidualnego terminu konsultacji. \u00a0 \u00a0<\/p>\n","protected":false},"author":1,"featured_media":0,"parent":336,"menu_order":0,"comment_status":"closed","ping_status":"closed","template":"elementor_header_footer","meta":{"footnotes":""},"class_list":["post-366","page","type-page","status-publish","hentry"],"_links":{"self":[{"href":"https:\/\/ie.uek.krakow.pl\/kes\/wp-json\/wp\/v2\/pages\/366","targetHints":{"allow":["GET"]}}],"collection":[{"href":"https:\/\/ie.uek.krakow.pl\/kes\/wp-json\/wp\/v2\/pages"}],"about":[{"href":"https:\/\/ie.uek.krakow.pl\/kes\/wp-json\/wp\/v2\/types\/page"}],"author":[{"embeddable":true,"href":"https:\/\/ie.uek.krakow.pl\/kes\/wp-json\/wp\/v2\/users\/1"}],"replies":[{"embeddable":true,"href":"https:\/\/ie.uek.krakow.pl\/kes\/wp-json\/wp\/v2\/comments?post=366"}],"version-history":[{"count":21,"href":"https:\/\/ie.uek.krakow.pl\/kes\/wp-json\/wp\/v2\/pages\/366\/revisions"}],"predecessor-version":[{"id":2397,"href":"https:\/\/ie.uek.krakow.pl\/kes\/wp-json\/wp\/v2\/pages\/366\/revisions\/2397"}],"up":[{"embeddable":true,"href":"https:\/\/ie.uek.krakow.pl\/kes\/wp-json\/wp\/v2\/pages\/336"}],"wp:attachment":[{"href":"https:\/\/ie.uek.krakow.pl\/kes\/wp-json\/wp\/v2\/media?parent=366"}],"curies":[{"name":"wp","href":"https:\/\/api.w.org\/{rel}","templated":true}]}}