{"id":2412,"date":"2025-10-03T13:25:17","date_gmt":"2025-10-03T11:25:17","guid":{"rendered":"https:\/\/ie.uek.krakow.pl\/kes\/?page_id=2412"},"modified":"2026-03-24T07:43:48","modified_gmt":"2026-03-24T06:43:48","slug":"specjalnosc","status":"publish","type":"page","link":"https:\/\/ie.uek.krakow.pl\/kes\/specjalnosc\/","title":{"rendered":"Specjalno\u015b\u0107"},"content":{"rendered":"\t\t<div data-elementor-type=\"wp-page\" data-elementor-id=\"2412\" class=\"elementor elementor-2412\" data-elementor-post-type=\"page\">\n\t\t\t\t\t\t<section data-particle_enable=\"false\" data-particle-mobile-disabled=\"false\" class=\"elementor-section elementor-top-section elementor-element elementor-element-4ca67fb elementor-section-boxed elementor-section-height-default elementor-section-height-default\" data-id=\"4ca67fb\" data-element_type=\"section\" data-e-type=\"section\" data-settings=\"{&quot;jet_parallax_layout_list&quot;:[]}\">\n\t\t\t\t\t\t<div class=\"elementor-container elementor-column-gap-default\">\n\t\t\t\t\t<div class=\"elementor-column elementor-col-100 elementor-top-column elementor-element elementor-element-22e0d310\" data-id=\"22e0d310\" data-element_type=\"column\" data-e-type=\"column\">\n\t\t\t<div class=\"elementor-widget-wrap elementor-element-populated\">\n\t\t\t\t\t\t<div class=\"elementor-element elementor-element-27706e0c elementor-widget-divider--view-line elementor-invisible elementor-widget elementor-widget-divider\" data-id=\"27706e0c\" data-element_type=\"widget\" data-e-type=\"widget\" data-settings=\"{&quot;_animation&quot;:&quot;fadeInLeft&quot;}\" data-widget_type=\"divider.default\">\n\t\t\t\t<div class=\"elementor-widget-container\">\n\t\t\t\t\t\t\t<div class=\"elementor-divider\">\n\t\t\t<span class=\"elementor-divider-separator\">\n\t\t\t\t\t\t<\/span>\n\t\t<\/div>\n\t\t\t\t\t\t<\/div>\n\t\t\t\t<\/div>\n\t\t\t\t<div class=\"elementor-element elementor-element-7c047738 elementor-widget elementor-widget-jet-headline\" data-id=\"7c047738\" data-element_type=\"widget\" data-e-type=\"widget\" data-widget_type=\"jet-headline.default\">\n\t\t\t\t<div class=\"elementor-widget-container\">\n\t\t\t\t\t<h2 class=\"jet-headline jet-headline--direction-horizontal\"><span class=\"jet-headline__part jet-headline__first\"><span class=\"jet-headline__label\">Specjalno\u015b\u0107<\/span><\/span><span class=\"jet-headline__space\">&nbsp;<\/span><span class=\"jet-headline__part jet-headline__second\"><span class=\"jet-headline__label\">Ekonomia bezpiecze\u0144stwa<\/span><\/span><\/h2>\t\t\t\t<\/div>\n\t\t\t\t<\/div>\n\t\t\t\t<div class=\"elementor-element elementor-element-64fa2182 elementor-widget__width-initial elementor-widget elementor-widget-text-editor\" data-id=\"64fa2182\" data-element_type=\"widget\" data-e-type=\"widget\" data-widget_type=\"text-editor.default\">\n\t\t\t\t<div class=\"elementor-widget-container\">\n\t\t\t\t\t\t\t\t\t<h2>OPIS SPECJALNO\u015aCI<\/h2><p style=\"text-align: justify\">Specjalno\u015b\u0107 ekonomia bezpiecze\u0144stwa powsta\u0142a w odpowiedzi na obecn\u0105 sytuacj\u0119 mi\u0119dzynarodow\u0105 i wi\u0105\u017ce si\u0119 z typowym dla my\u015bli ekonomicznej spojrzeniem na bezpiecze\u0144stwo przez pryzmat zabezpieczenia interes\u00f3w nie tylko obronnych, ale r\u00f3wnie\u017c gospodarczych. Ekonomia bezpiecze\u0144stwa jako subdyscyplina ekonomii analizuje m.in. nast\u0119puj\u0105ce kwestie: alokacj\u0119 zasob\u00f3w na potrzeby bezpiecze\u0144stwa (wojskowego, zdrowotnego, wewn\u0119trznego, energetycznego, cybernetycznego), efektywno\u015b\u0107 wydatk\u00f3w obronnych, wp\u0142yw r\u00f3\u017cnorodnych zagro\u017ce\u0144 (np. geopolitycznych, cybernetycznych, epidemiologicznych, czy \u015brodowiska naturalnego) nie tylko na wzrost gospodarczy, ale i dobrobyt, mechanizmy instytucjonalne, utrzymuj\u0105ce stabilno\u015b\u0107 systemu gospodarczego. Powy\u017csze zagadnienia osadzone s\u0105 w kontek\u015bcie przep\u0142yw\u00f3w towar\u00f3w, szczeg\u00f3lnie surowc\u00f3w oraz \u017cywno\u015bci, zdrowotnych wynikaj\u0105cych z mo\u017cliwych i pojawiaj\u0105cych si\u0119 epidemii czy chor\u00f3b cywilizacyjnych, ale te\u017c spo\u0142ecznych wywo\u0142anych przez przep\u0142ywy os\u00f3b wysoko i nisko wykwalifikowanych, uchod\u017ac\u00f3w i ludzi uciekaj\u0105cych przed wojn\u0105 oraz wp\u0142ywem tej mobilno\u015bci na gospodark\u0119, a w szczeg\u00f3lno\u015bci rynek pracy. Specjalno\u015b\u0107 stanowi doskona\u0142\u0105 ofert\u0119 dla Student\u00f3w zainteresowanych zdobyciem wiedzy, kompetencji i umiej\u0119tno\u015bci z zakresu zagadnie\u0144, kt\u00f3re nie tylko funkcjonuj\u0105 w praktyce ekonomii, ale r\u00f3wnie\u017c si\u0119gaj\u0105 do bezpiecze\u0144stwa. Bezpiecze\u0144stwo podmiot\u00f3w gospodarczych jawi si\u0119 jako niezwykle wa\u017cne w warunkach dynamicznych zmian geopolitycznych i globalizacji stanowi\u0105c kluczowy element procesu dydaktycznego, kt\u00f3ry zosta\u0142 zaplanowany w taki spos\u00f3b, by integrowa\u0107 dog\u0142\u0119bnie analizowa\u0107 i zrozumie\u0107 zagadnienia ekonomii i bezpiecze\u0144stwa, wykorzystuj\u0105c przy tym nowoczesne metody nauczania i formy prowadzenia zaj\u0119\u0107, w tym wyk\u0142ady i \u0107wiczenia teoretyczne, e-zaj\u0119cia, warsztaty i spotkania z praktykami. Celem specjalno\u015bci jest przygotowanie absolwent\u00f3w do pracy zar\u00f3wno w instytucjach pa\u0144stwowych, jednostkach administracji rz\u0105dowej i samorz\u0105dowej, jak i przedsi\u0119biorstwach prywatnych w pionach bezpiecze\u0144stwa, zespo\u0142ach ds. zarz\u0105dzania kryzysowego i zarz\u0105dzania bezpiecze\u0144stwem organizacji oraz na stanowiskach analitycznych identyfikuj\u0105cych i oceniaj\u0105cych ryzyka zwi\u0105zane z otoczeniem spo\u0142eczno-gospodarczym.<\/p><h2>PROGRAM SPECJALNO\u015aCI<\/h2><p style=\"font-weight: 400\">Opr\u00f3cz przedmiot\u00f3w podstawowych, prowadzonych w ramach kierunku ekonomia, na specjalno\u015bci Studenci zdob\u0119d\u0105 wiedz\u0119 z zakresu m.in.: bezpiecze\u0144stwa narodowego, zasob\u00f3w i energii, klimatu, analizy sytuacji geopolitycznej na \u015bwiecie, prawa mi\u0119dzynarodowego, przest\u0119pczo\u015bci gospodarczej, migracji czy cyberbezpiecze\u0144stwa.<\/p><p><a href=\"https:\/\/planystudiow.uek.krakow.pl\/index.php?a=350&amp;id=2938&amp;f=1\" target=\"_blank\" rel=\"noopener\">Szczeg\u00f3\u0142owy program specjalno\u015bci<\/a><\/p><p style=\"font-weight: 400\">\u00a0<\/p>\t\t\t\t\t\t\t\t<\/div>\n\t\t\t\t<\/div>\n\t\t\t\t<div class=\"elementor-element elementor-element-7c7342c elementor-widget elementor-widget-image\" data-id=\"7c7342c\" data-element_type=\"widget\" data-e-type=\"widget\" data-widget_type=\"image.default\">\n\t\t\t\t<div class=\"elementor-widget-container\">\n\t\t\t\t\t\t\t\t\t\t\t\t\t\t\t<img decoding=\"async\" src=\"https:\/\/ie.uek.krakow.pl\/ke\/wp-content\/uploads\/sites\/3\/2023\/02\/placeholder-1.png\" title=\"\" alt=\"\" loading=\"lazy\" \/>\t\t\t\t\t\t\t\t\t\t\t\t\t\t\t<\/div>\n\t\t\t\t<\/div>\n\t\t\t\t\t<\/div>\n\t\t<\/div>\n\t\t\t\t\t<\/div>\n\t\t<\/section>\n\t\t\t\t<\/div>\n\t\t","protected":false},"excerpt":{"rendered":"<p>Specjalno\u015b\u0107&nbsp;Ekonomia bezpiecze\u0144stwa OPIS SPECJALNO\u015aCI Specjalno\u015b\u0107 ekonomia bezpiecze\u0144stwa powsta\u0142a w odpowiedzi na obecn\u0105 sytuacj\u0119 mi\u0119dzynarodow\u0105 i wi\u0105\u017ce si\u0119 z typowym dla my\u015bli ekonomicznej spojrzeniem na bezpiecze\u0144stwo przez pryzmat zabezpieczenia interes\u00f3w nie tylko obronnych, ale r\u00f3wnie\u017c gospodarczych. Ekonomia bezpiecze\u0144stwa jako subdyscyplina ekonomii analizuje m.in. nast\u0119puj\u0105ce kwestie: alokacj\u0119 zasob\u00f3w na potrzeby bezpiecze\u0144stwa (wojskowego, zdrowotnego, wewn\u0119trznego, energetycznego, cybernetycznego), efektywno\u015b\u0107 wydatk\u00f3w obronnych, wp\u0142yw r\u00f3\u017cnorodnych zagro\u017ce\u0144 (np. geopolitycznych, cybernetycznych, epidemiologicznych, czy \u015brodowiska naturalnego) nie tylko na wzrost gospodarczy, ale i dobrobyt, mechanizmy instytucjonalne, utrzymuj\u0105ce stabilno\u015b\u0107 systemu gospodarczego. Powy\u017csze zagadnienia osadzone s\u0105 w kontek\u015bcie przep\u0142yw\u00f3w towar\u00f3w, szczeg\u00f3lnie surowc\u00f3w oraz \u017cywno\u015bci, zdrowotnych wynikaj\u0105cych z mo\u017cliwych i pojawiaj\u0105cych si\u0119 epidemii czy chor\u00f3b cywilizacyjnych, ale te\u017c spo\u0142ecznych wywo\u0142anych przez przep\u0142ywy os\u00f3b wysoko i nisko wykwalifikowanych, uchod\u017ac\u00f3w i ludzi uciekaj\u0105cych przed wojn\u0105 oraz wp\u0142ywem tej mobilno\u015bci na gospodark\u0119, a w szczeg\u00f3lno\u015bci rynek pracy. Specjalno\u015b\u0107 stanowi doskona\u0142\u0105 ofert\u0119 dla Student\u00f3w zainteresowanych zdobyciem wiedzy, kompetencji i umiej\u0119tno\u015bci z zakresu zagadnie\u0144, kt\u00f3re nie tylko funkcjonuj\u0105 w praktyce ekonomii, ale r\u00f3wnie\u017c si\u0119gaj\u0105 do bezpiecze\u0144stwa. Bezpiecze\u0144stwo podmiot\u00f3w gospodarczych jawi si\u0119 jako niezwykle wa\u017cne w warunkach dynamicznych zmian geopolitycznych i globalizacji stanowi\u0105c kluczowy element procesu dydaktycznego, kt\u00f3ry zosta\u0142 zaplanowany w taki spos\u00f3b, by integrowa\u0107 dog\u0142\u0119bnie analizowa\u0107 i zrozumie\u0107 zagadnienia ekonomii i bezpiecze\u0144stwa, wykorzystuj\u0105c przy tym nowoczesne metody nauczania i formy prowadzenia zaj\u0119\u0107, w tym wyk\u0142ady i \u0107wiczenia teoretyczne, e-zaj\u0119cia, warsztaty i spotkania z praktykami. Celem specjalno\u015bci jest przygotowanie absolwent\u00f3w do pracy zar\u00f3wno w instytucjach pa\u0144stwowych, jednostkach administracji rz\u0105dowej i samorz\u0105dowej, jak i przedsi\u0119biorstwach prywatnych w pionach bezpiecze\u0144stwa, zespo\u0142ach ds. zarz\u0105dzania kryzysowego i zarz\u0105dzania bezpiecze\u0144stwem organizacji oraz na stanowiskach analitycznych identyfikuj\u0105cych i oceniaj\u0105cych ryzyka zwi\u0105zane z otoczeniem spo\u0142eczno-gospodarczym. PROGRAM SPECJALNO\u015aCI Opr\u00f3cz przedmiot\u00f3w podstawowych, prowadzonych w ramach kierunku ekonomia, na specjalno\u015bci Studenci zdob\u0119d\u0105 wiedz\u0119 z zakresu m.in.: bezpiecze\u0144stwa narodowego, zasob\u00f3w i energii, klimatu, analizy sytuacji geopolitycznej na \u015bwiecie, prawa mi\u0119dzynarodowego, przest\u0119pczo\u015bci gospodarczej, migracji czy cyberbezpiecze\u0144stwa. Szczeg\u00f3\u0142owy program specjalno\u015bci \u00a0<\/p>\n","protected":false},"author":39,"featured_media":0,"parent":0,"menu_order":0,"comment_status":"closed","ping_status":"closed","template":"elementor_header_footer","meta":{"footnotes":""},"class_list":["post-2412","page","type-page","status-publish","hentry"],"_links":{"self":[{"href":"https:\/\/ie.uek.krakow.pl\/kes\/wp-json\/wp\/v2\/pages\/2412","targetHints":{"allow":["GET"]}}],"collection":[{"href":"https:\/\/ie.uek.krakow.pl\/kes\/wp-json\/wp\/v2\/pages"}],"about":[{"href":"https:\/\/ie.uek.krakow.pl\/kes\/wp-json\/wp\/v2\/types\/page"}],"author":[{"embeddable":true,"href":"https:\/\/ie.uek.krakow.pl\/kes\/wp-json\/wp\/v2\/users\/39"}],"replies":[{"embeddable":true,"href":"https:\/\/ie.uek.krakow.pl\/kes\/wp-json\/wp\/v2\/comments?post=2412"}],"version-history":[{"count":19,"href":"https:\/\/ie.uek.krakow.pl\/kes\/wp-json\/wp\/v2\/pages\/2412\/revisions"}],"predecessor-version":[{"id":2604,"href":"https:\/\/ie.uek.krakow.pl\/kes\/wp-json\/wp\/v2\/pages\/2412\/revisions\/2604"}],"wp:attachment":[{"href":"https:\/\/ie.uek.krakow.pl\/kes\/wp-json\/wp\/v2\/media?parent=2412"}],"curies":[{"name":"wp","href":"https:\/\/api.w.org\/{rel}","templated":true}]}}