{"id":212,"date":"2023-02-19T10:20:18","date_gmt":"2023-02-19T09:20:18","guid":{"rendered":"https:\/\/ie.uek.krakow.pl\/ke\/?page_id=212"},"modified":"2026-02-23T15:30:48","modified_gmt":"2026-02-23T14:30:48","slug":"partnerzy","status":"publish","type":"page","link":"https:\/\/ie.uek.krakow.pl\/kes\/partnerzy\/","title":{"rendered":"Partnerzy"},"content":{"rendered":"\t\t<div data-elementor-type=\"wp-page\" data-elementor-id=\"212\" class=\"elementor elementor-212\" data-elementor-post-type=\"page\">\n\t\t\t\t\t\t<section data-particle_enable=\"false\" data-particle-mobile-disabled=\"false\" class=\"elementor-section elementor-top-section elementor-element elementor-element-22080c8 elementor-section-boxed elementor-section-height-default elementor-section-height-default\" data-id=\"22080c8\" data-element_type=\"section\" data-e-type=\"section\" data-settings=\"{&quot;jet_parallax_layout_list&quot;:[]}\">\n\t\t\t\t\t\t<div class=\"elementor-container elementor-column-gap-default\">\n\t\t\t\t\t<div class=\"elementor-column elementor-col-33 elementor-top-column elementor-element elementor-element-c20decf\" data-id=\"c20decf\" data-element_type=\"column\" data-e-type=\"column\">\n\t\t\t<div class=\"elementor-widget-wrap elementor-element-populated\">\n\t\t\t\t\t\t<div class=\"elementor-element elementor-element-9764738 elementor-widget elementor-widget-image\" data-id=\"9764738\" data-element_type=\"widget\" data-e-type=\"widget\" data-widget_type=\"image.default\">\n\t\t\t\t<div class=\"elementor-widget-container\">\n\t\t\t\t\t\t\t\t\t\t\t\t\t\t\t<img fetchpriority=\"high\" decoding=\"async\" width=\"512\" height=\"275\" src=\"https:\/\/ie.uek.krakow.pl\/kes\/wp-content\/uploads\/sites\/3\/2026\/02\/css-logo.png\" class=\"attachment-full size-full wp-image-2568\" alt=\"Logo Centrum Studi\u00f3w nad Bezpiecze\u0144stwem UEK - Skr\u00f3t angloj\u0119zyczny CSS oraz Po lewej stronie widoczny jest stylizowany symbol przypominaj\u0105cy czteroramienn\u0105 gwiazd\u0119 lub kompas. Ka\u017cde z czterech ramion ma kszta\u0142t wyd\u0142u\u017conego rombu i jest podzielone na dwie cz\u0119\u015bci w r\u00f3\u017cnych odcieniach r\u00f3\u017cu i jasnego be\u017cu, co nadaje mu lekko tr\u00f3jwymiarowy efekt. Wok\u00f3\u0142 symbolu rozsiane s\u0105 drobne, b\u0142yszcz\u0105ce punkty przypominaj\u0105ce iskry lub gwiazdki.\" srcset=\"https:\/\/ie.uek.krakow.pl\/kes\/wp-content\/uploads\/sites\/3\/2026\/02\/css-logo.png 512w, https:\/\/ie.uek.krakow.pl\/kes\/wp-content\/uploads\/sites\/3\/2026\/02\/css-logo-300x161.png 300w\" sizes=\"(max-width: 512px) 100vw, 512px\" \/>\t\t\t\t\t\t\t\t\t\t\t\t\t\t\t<\/div>\n\t\t\t\t<\/div>\n\t\t\t\t\t<\/div>\n\t\t<\/div>\n\t\t\t\t<div class=\"elementor-column elementor-col-66 elementor-top-column elementor-element elementor-element-101f182\" data-id=\"101f182\" data-element_type=\"column\" data-e-type=\"column\">\n\t\t\t<div class=\"elementor-widget-wrap elementor-element-populated\">\n\t\t\t\t\t\t<div class=\"elementor-element elementor-element-8723dd5 elementor-widget elementor-widget-heading\" data-id=\"8723dd5\" data-element_type=\"widget\" data-e-type=\"widget\" data-widget_type=\"heading.default\">\n\t\t\t\t<div class=\"elementor-widget-container\">\n\t\t\t\t\t<h2 class=\"elementor-heading-title elementor-size-default\">The Centre for Security Studies (CSS)<\/h2>\t\t\t\t<\/div>\n\t\t\t\t<\/div>\n\t\t\t\t<div class=\"elementor-element elementor-element-ff81b7c elementor-widget elementor-widget-text-editor\" data-id=\"ff81b7c\" data-element_type=\"widget\" data-e-type=\"widget\" data-widget_type=\"text-editor.default\">\n\t\t\t\t<div class=\"elementor-widget-container\">\n\t\t\t\t\t\t\t\t\t<h2 class=\"elementor-heading-title elementor-size-default\">The Centre for Security Studies (CSS)<\/h2><p>Centrum Studi\u00f3w nad Bezpiecze\u0144stwem (CSS) przy Uniwersytecie Ekonomicznym w Krakowie (UEK) jest multidyscyplinarn\u0105 platform\u0105 zrzeszaj\u0105c\u0105 mi\u0119dzynarodowych naukowc\u00f3w zajmuj\u0105cych si\u0119 nowymi zagro\u017ceniami dla bezpiecze\u0144stwa i wyzwaniami gospodarczymi, kt\u00f3re mog\u0105 negatywnie wp\u0142yn\u0105\u0107 na pok\u00f3j i stabilno\u015b\u0107 w Europie \u015arodkowej i Wschodniej (CE).<\/p>\t\t\t\t\t\t\t\t<\/div>\n\t\t\t\t<\/div>\n\t\t\t\t<div class=\"elementor-element elementor-element-30626b33 elementor-align-right elementor-button-info elementor-widget elementor-widget-button\" data-id=\"30626b33\" data-element_type=\"widget\" data-e-type=\"widget\" data-widget_type=\"button.default\">\n\t\t\t\t<div class=\"elementor-widget-container\">\n\t\t\t\t\t\t\t\t\t<div class=\"elementor-button-wrapper\">\n\t\t\t\t\t<a class=\"elementor-button elementor-button-link elementor-size-sm\" href=\"https:\/\/css.uek.krakow.pl\/\" target=\"_blank\">\n\t\t\t\t\t\t<span class=\"elementor-button-content-wrapper\">\n\t\t\t\t\t\t<span class=\"elementor-button-icon\">\n\t\t\t\t<svg xmlns=\"http:\/\/www.w3.org\/2000\/svg\" xmlns:xlink=\"http:\/\/www.w3.org\/1999\/xlink\" id=\"Warstwa_1\" x=\"0px\" y=\"0px\" viewBox=\"0 0 512 512\" style=\"enable-background:new 0 0 512 512;\" xml:space=\"preserve\"><style type=\"text\/css\">\t.st0{fill:#1A171B;}\t.st1{fill:none;stroke:#000000;stroke-width:6;stroke-miterlimit:10;}<\/style><path d=\"M451.2,262c50.3-50.3,50.3-132.2,0-182.6c-23.8-23.9-55.5-37.7-89.3-38.9c-33.3-1.2-65.7,10-91,31.5c-1.1,0.4-2,1.1-2.8,2.1 l-5.2,5l-5.3,5.3l-8.2-8.2c-25.1-25.1-58.6-38.9-94.3-38.9c-35.3,0-68.4,13.5-93.4,38.1h-0.2l-0.9,0.9 c-50.2,50.4-50.2,132.3,0,182.6l11.3,11.3l-1.6,1.6c-8.5,8.5-12.7,20.3-11.5,32.3c1.1,12.1,7.6,23,17.8,29.9 c3.8,2.5,8.1,4.4,12.5,5.4c-10.2,14-11.2,32.9-1.7,47c6.9,10,17.7,16.4,29.8,17.7l0.1,0c2.4,0.2,4.5,0.2,6.4,0 c-0.1,1.2-0.1,2.4-0.1,3.6c0.2,11,5,21.3,13.4,29c12.1,10.9,30.7,12.8,45.9,5.2c1.2,7.3,4.3,14,9.1,19.6c7.6,8.2,17.8,12.9,29,13.1 h1.1c10.7,0,20.8-4.1,28.5-11.6l7.8-8c6.7,4.6,14.8,7.1,23,7.1c7.7,0,15.3-2.3,21.9-6.7c8.3-5.7,14.2-14.2,16.6-23.7 c14.1,10.3,32.7,11.2,46.9,1.6c10.2-6.8,16.7-17.6,17.8-29.7c0.2-2.4,0.2-4.5,0.1-6.4c1.2,0.1,2.4,0.1,3.5,0.1l0.1,0 c11.4-0.5,21.7-5.2,28.9-13.4c11.2-12.4,13.2-30.5,5.5-45.6c8.5-1.5,16.1-5.8,22.3-12.6c13.9-15.6,13.1-39.7-1.7-55.6L451.2,262z  M87.5,317.4c-5.3-3.6-8.5-9-9-15.1c-0.5-6.1,1.6-12,5.9-16.4l1.6-1.6l28.7,28.7l-0.9,0.9C106.5,321.1,95.2,322.6,87.5,317.4z  M135.3,378.4c-4.4,4.4-10.4,6.5-16.4,5.7c-6.2-0.6-11.4-3.7-14.9-9c-5.3-7.8-3.9-19.2,3.3-26.5l19.9-19.7l0.5-0.5c0,0,0,0,0.1-0.1 l1.1-1.1l28.8,28.7L135.3,378.4z M195.3,404.1h-0.2L179.3,420c-8,8-21.4,8.9-29.2,2c-4.1-3.8-6.4-9-6.6-14.8 c-0.2-5.5,1.9-10.7,5.9-14.7l22.4-22.6l28.7,28.9L195.3,404.1z M236.3,448.9c-3.9,3.9-9.4,6.1-14.9,5.9c-5.7-0.2-10.9-2.6-14.6-6.9 c-7.1-7.7-6.4-20.6,1.6-28.8l6.4-6.3l28.8,28.8L236.3,448.9z M430,312.2L430,312.2c-3.7,4.3-8.9,6.7-14.5,6.9 c-5.8,0-11.1-2.1-15-5.9l-90.9-90.9c-1.9-1.9-4.4-2.9-7.1-2.9c-2.7,0-5.2,1-7,2.9c-3.9,3.8-3.9,10,0,14.1l104.9,104.9 c8.2,8.2,9.1,21.2,1.9,29.1c-3.7,4.2-8.9,6.6-14.5,6.8c-5.8,0-11.2-2.1-15-5.9L266.7,265.2l-0.1-0.1c-4.1-3.8-10.2-3.7-14,0.1 c-3.8,3.8-3.9,10-0.1,14.1l106.2,106c4.3,4.5,6.5,10.5,6,16.4c-0.7,6.2-3.9,11.5-9.2,15.2c-7.7,5.4-19,3.9-26.3-3.4L223.8,308.1 c-3.9-3.9-10.2-3.9-14.1-0.1c-1.9,1.7-3,4.3-3,7.1c0,2.7,1.1,5.3,3,6.9l85.3,85.5c4.3,4.3,6.5,10.3,5.9,16.4 c-0.5,6.1-3.8,11.5-9,14.9c-7.9,5.4-19.2,3.9-26.5-3.4L74.7,244.8c-42.3-42.3-42.5-110.8-0.9-153.4h0.2l0.9-0.9 c21.4-21.4,49.8-33.2,80.1-33.2c30.3,0,58.8,11.8,80.2,33.2l8.2,8.2l-40.8,41c-15.8,15.5-18.5,39.5-6.6,57 c7.5,11.2,19.4,18.4,32.7,19.7l0.3,0c0.7,0,1.3,0,1.9,0.1c0.6,0.1,1.3,0.1,2,0.1c12,0,23.2-4.6,31.6-13l41.8-41.8L428,283.2 C436.2,291.4,437.1,304.7,430,312.2z M429.1,256L320.6,147.5l5.9-5.9c3.9-3.9,3.9-10.3,0-14.2c-3.8-3.8-10.3-3.8-14.1,0l-61.9,61.9 c-5.2,5.2-12.3,7.7-19.7,7c-7.6-0.6-13.9-4.3-18.2-10.9c-6.4-9.3-4.7-23,4-31.9L277,93.3c44.3-44,116.2-43.9,160.3,0.2 c20.6,20.6,31.9,48,31.9,77.2s-11.3,56.6-31.9,77.2L429.1,256z M198.3,108.6c2.5,0,5.1-1,7-2.9c1.8-1.8,2.9-4.4,2.9-7.1 c0-2.7-1.1-5.2-2.9-7c-3.8-3.9-10-3.9-14.1,0c-1.9,1.8-2.9,4.4-2.9,7.1c0,2.7,1.1,5.3,3,7.1C193.2,107.7,195.8,108.6,198.3,108.6z  M436.2,203.5c-3.8-3.8-10-3.8-14-0.1l-0.1,0.1c-3.9,3.9-3.9,10.3,0,14.2l0.1,0.1c2,1.9,4.5,2.8,7,2.8c2.5,0,5.1-1,7-2.8l0,0 C440.1,213.8,440.1,207.4,436.2,203.5z\"><\/path><\/svg>\t\t\t<\/span>\n\t\t\t\t\t\t\t\t\t<span class=\"elementor-button-text\">strona partnera<\/span>\n\t\t\t\t\t<\/span>\n\t\t\t\t\t<\/a>\n\t\t\t\t<\/div>\n\t\t\t\t\t\t\t\t<\/div>\n\t\t\t\t<\/div>\n\t\t\t\t\t<\/div>\n\t\t<\/div>\n\t\t\t\t\t<\/div>\n\t\t<\/section>\n\t\t\t\t<\/div>\n\t\t","protected":false},"excerpt":{"rendered":"<p>The Centre for Security Studies (CSS) The Centre for Security Studies (CSS) Centrum Studi\u00f3w nad Bezpiecze\u0144stwem (CSS) przy Uniwersytecie Ekonomicznym w Krakowie (UEK) jest multidyscyplinarn\u0105 platform\u0105 zrzeszaj\u0105c\u0105 mi\u0119dzynarodowych naukowc\u00f3w zajmuj\u0105cych si\u0119 nowymi zagro\u017ceniami dla bezpiecze\u0144stwa i wyzwaniami gospodarczymi, kt\u00f3re mog\u0105 negatywnie wp\u0142yn\u0105\u0107 na pok\u00f3j i stabilno\u015b\u0107 w Europie \u015arodkowej i Wschodniej (CE). .st0{fill:#1A171B;} .st1{fill:none;stroke:#000000;stroke-width:6;stroke-miterlimit:10;} strona partnera<\/p>\n","protected":false},"author":1,"featured_media":0,"parent":0,"menu_order":0,"comment_status":"closed","ping_status":"closed","template":"elementor_header_footer","meta":{"footnotes":""},"class_list":["post-212","page","type-page","status-publish","hentry"],"_links":{"self":[{"href":"https:\/\/ie.uek.krakow.pl\/kes\/wp-json\/wp\/v2\/pages\/212","targetHints":{"allow":["GET"]}}],"collection":[{"href":"https:\/\/ie.uek.krakow.pl\/kes\/wp-json\/wp\/v2\/pages"}],"about":[{"href":"https:\/\/ie.uek.krakow.pl\/kes\/wp-json\/wp\/v2\/types\/page"}],"author":[{"embeddable":true,"href":"https:\/\/ie.uek.krakow.pl\/kes\/wp-json\/wp\/v2\/users\/1"}],"replies":[{"embeddable":true,"href":"https:\/\/ie.uek.krakow.pl\/kes\/wp-json\/wp\/v2\/comments?post=212"}],"version-history":[{"count":6,"href":"https:\/\/ie.uek.krakow.pl\/kes\/wp-json\/wp\/v2\/pages\/212\/revisions"}],"predecessor-version":[{"id":2574,"href":"https:\/\/ie.uek.krakow.pl\/kes\/wp-json\/wp\/v2\/pages\/212\/revisions\/2574"}],"wp:attachment":[{"href":"https:\/\/ie.uek.krakow.pl\/kes\/wp-json\/wp\/v2\/media?parent=212"}],"curies":[{"name":"wp","href":"https:\/\/api.w.org\/{rel}","templated":true}]}}