{"id":1642,"date":"2023-05-10T08:13:19","date_gmt":"2023-05-10T06:13:19","guid":{"rendered":"https:\/\/ie.uek.krakow.pl\/ke\/?page_id=1642"},"modified":"2026-02-26T12:49:08","modified_gmt":"2026-02-26T11:49:08","slug":"praktyki-studenckie-informacje","status":"publish","type":"page","link":"https:\/\/ie.uek.krakow.pl\/kes\/studenci\/praktyki-studenckie-informacje\/","title":{"rendered":"Praktyki Studenckie informacje"},"content":{"rendered":"\t\t<div data-elementor-type=\"wp-page\" data-elementor-id=\"1642\" class=\"elementor elementor-1642\" data-elementor-post-type=\"page\">\n\t\t\t\t\t\t<section data-particle_enable=\"false\" data-particle-mobile-disabled=\"false\" class=\"elementor-section elementor-top-section elementor-element elementor-element-22080c8 elementor-section-boxed elementor-section-height-default elementor-section-height-default\" data-id=\"22080c8\" data-element_type=\"section\" data-e-type=\"section\" data-settings=\"{&quot;jet_parallax_layout_list&quot;:[]}\">\n\t\t\t\t\t\t<div class=\"elementor-container elementor-column-gap-default\">\n\t\t\t\t\t<div class=\"elementor-column elementor-col-33 elementor-top-column elementor-element elementor-element-c20decf\" data-id=\"c20decf\" data-element_type=\"column\" data-e-type=\"column\">\n\t\t\t<div class=\"elementor-widget-wrap elementor-element-populated\">\n\t\t\t\t\t\t<div class=\"elementor-element elementor-element-9764738 elementor-widget elementor-widget-image\" data-id=\"9764738\" data-element_type=\"widget\" data-e-type=\"widget\" data-widget_type=\"image.default\">\n\t\t\t\t<div class=\"elementor-widget-container\">\n\t\t\t\t\t\t\t\t\t\t\t\t\t\t\t<img fetchpriority=\"high\" decoding=\"async\" width=\"512\" height=\"512\" src=\"https:\/\/ie.uek.krakow.pl\/kes\/wp-content\/uploads\/sites\/3\/2023\/02\/02-studenci-1.svg\" class=\"attachment-full size-full wp-image-70\" alt=\"\" \/>\t\t\t\t\t\t\t\t\t\t\t\t\t\t\t<\/div>\n\t\t\t\t<\/div>\n\t\t\t\t\t<\/div>\n\t\t<\/div>\n\t\t\t\t<div class=\"elementor-column elementor-col-66 elementor-top-column elementor-element elementor-element-101f182\" data-id=\"101f182\" data-element_type=\"column\" data-e-type=\"column\">\n\t\t\t<div class=\"elementor-widget-wrap elementor-element-populated\">\n\t\t\t\t\t\t<div class=\"elementor-element elementor-element-8723dd5 elementor-widget elementor-widget-heading\" data-id=\"8723dd5\" data-element_type=\"widget\" data-e-type=\"widget\" data-widget_type=\"heading.default\">\n\t\t\t\t<div class=\"elementor-widget-container\">\n\t\t\t\t\t<h2 class=\"elementor-heading-title elementor-size-default\">Praktyki studenckie <\/h2>\t\t\t\t<\/div>\n\t\t\t\t<\/div>\n\t\t\t\t<div class=\"elementor-element elementor-element-ff81b7c elementor-widget elementor-widget-text-editor\" data-id=\"ff81b7c\" data-element_type=\"widget\" data-e-type=\"widget\" data-widget_type=\"text-editor.default\">\n\t\t\t\t<div class=\"elementor-widget-container\">\n\t\t\t\t\t\t\t\t\t<h4 style=\"font-family: Aller_Rg, sans-serif;font-weight: 500;line-height: 1.1;color: #333333;margin-top: 10px;margin-bottom: 10px;font-size: 18px;text-align: justify\"><span style=\"font-weight: bold\"><em>Opiekun studenckich praktyk zawodowych w Katedrze Ekonomii Stosowanej<\/em><\/span><\/h4><p style=\"margin-bottom: 10px;color: #333333;font-family: Aller_Rg, sans-serif;text-align: justify\">Prof. UEK dr hab. Dominika\u00a0 Choro\u015b-Mrozowska, pawilon F., pok\u00f3j 105, <a href=\"mailto:mrozowsd@uek.krakow.pl\"><span style=\"color: #337ab7\">mrozowsd@uek.krakow.pl<\/span><\/a><\/p><p style=\"margin-bottom: 10px;color: #333333;font-family: Aller_Rg, sans-serif\"><span style=\"font-weight: bold\">Procedura odbywania studenckich praktyk zawodowych<\/span><\/p><p style=\"margin-bottom: 10px;color: #333333;font-family: Aller_Rg, sans-serif\">Aktualna procedura obowi\u0105zuj\u0105ca student\u00f3w studi\u00f3w stacjonarnych i niestacjonarnych realizuj\u0105cych studenckie praktyki zawodowe w Instytucie Ekonomii Uniwersytetu Ekonomicznego w Krakowie znajduje si\u0119 w<span style=\"text-decoration: underline\"> <a style=\"color: #337ab7;text-decoration: underline\" href=\"https:\/\/bip.uek.krakow.pl\/zarzadzenie\/3594\/zarzadzenie-nr-r-0211-4-2025\">Zarz\u0105dzeniu Rektora Uniwersytetu Ekonomicznego w Krakowie nr R.0211.4.2025 z dnia 27 stycznia 2025 roku w sprawie szczeg\u00f3\u0142owej organizacji studenckich praktyk\u00a0 zawodowych<\/a>.[otwiera si\u0119 w zak\u0142adce].<\/span><\/p>\t\t\t\t\t\t\t\t<\/div>\n\t\t\t\t<\/div>\n\t\t\t\t\t<\/div>\n\t\t<\/div>\n\t\t\t\t\t<\/div>\n\t\t<\/section>\n\t\t\t\t<\/div>\n\t\t","protected":false},"excerpt":{"rendered":"<p>Praktyki studenckie Opiekun studenckich praktyk zawodowych w Katedrze Ekonomii Stosowanej Prof. UEK dr hab. Dominika\u00a0 Choro\u015b-Mrozowska, pawilon F., pok\u00f3j 105, mrozowsd@uek.krakow.pl Procedura odbywania studenckich praktyk zawodowych Aktualna procedura obowi\u0105zuj\u0105ca student\u00f3w studi\u00f3w stacjonarnych i niestacjonarnych realizuj\u0105cych studenckie praktyki zawodowe w Instytucie Ekonomii Uniwersytetu Ekonomicznego w Krakowie znajduje si\u0119 w Zarz\u0105dzeniu Rektora Uniwersytetu Ekonomicznego w Krakowie nr R.0211.4.2025 z dnia 27 stycznia 2025 roku w sprawie szczeg\u00f3\u0142owej organizacji studenckich praktyk\u00a0 zawodowych.[otwiera si\u0119 w zak\u0142adce].<\/p>\n","protected":false},"author":8,"featured_media":0,"parent":336,"menu_order":0,"comment_status":"closed","ping_status":"closed","template":"elementor_header_footer","meta":{"footnotes":""},"class_list":["post-1642","page","type-page","status-publish","hentry"],"_links":{"self":[{"href":"https:\/\/ie.uek.krakow.pl\/kes\/wp-json\/wp\/v2\/pages\/1642","targetHints":{"allow":["GET"]}}],"collection":[{"href":"https:\/\/ie.uek.krakow.pl\/kes\/wp-json\/wp\/v2\/pages"}],"about":[{"href":"https:\/\/ie.uek.krakow.pl\/kes\/wp-json\/wp\/v2\/types\/page"}],"author":[{"embeddable":true,"href":"https:\/\/ie.uek.krakow.pl\/kes\/wp-json\/wp\/v2\/users\/8"}],"replies":[{"embeddable":true,"href":"https:\/\/ie.uek.krakow.pl\/kes\/wp-json\/wp\/v2\/comments?post=1642"}],"version-history":[{"count":12,"href":"https:\/\/ie.uek.krakow.pl\/kes\/wp-json\/wp\/v2\/pages\/1642\/revisions"}],"predecessor-version":[{"id":2582,"href":"https:\/\/ie.uek.krakow.pl\/kes\/wp-json\/wp\/v2\/pages\/1642\/revisions\/2582"}],"up":[{"embeddable":true,"href":"https:\/\/ie.uek.krakow.pl\/kes\/wp-json\/wp\/v2\/pages\/336"}],"wp:attachment":[{"href":"https:\/\/ie.uek.krakow.pl\/kes\/wp-json\/wp\/v2\/media?parent=1642"}],"curies":[{"name":"wp","href":"https:\/\/api.w.org\/{rel}","templated":true}]}}